{"id":20499,"date":"2023-09-08T14:08:06","date_gmt":"2023-09-08T14:08:06","guid":{"rendered":"https:\/\/picamfg.com\/demander-un-devis\/"},"modified":"2026-03-06T20:36:13","modified_gmt":"2026-03-06T20:36:13","slug":"demander-un-devis","status":"publish","type":"page","link":"https:\/\/picamfg.com\/fr\/demander-un-devis\/","title":{"rendered":"Demander un devis"},"content":{"rendered":"\t\t<div data-elementor-type=\"wp-post\" data-elementor-id=\"20499\" class=\"elementor elementor-20499 elementor-7509\" data-elementor-post-type=\"page\">\n\t\t\t\t\t\t<section class=\"elementor-section elementor-top-section elementor-element elementor-element-10ce3ee push-top p-b-sm m-b contact-embed elementor-section-boxed elementor-section-height-default elementor-section-height-default\" data-id=\"10ce3ee\" data-element_type=\"section\">\r\n\t\t\r\n\t\t\t\t\t\t\t<div class=\"elementor-container elementor-column-gap-default\">\r\n\t\t\t\t\t\t\t\t\t\t\t<div class=\"elementor-column elementor-col-100 elementor-top-column elementor-element elementor-element-507bf60\" data-id=\"507bf60\" data-element_type=\"column\">\r\n\t\t\t\t\t<div class=\"elementor-widget-wrap elementor-element-populated\">\r\n\t\t\t\t\t\t\t\t<div class=\"elementor-element elementor-element-437852b elementor-widget elementor-widget-html\" data-id=\"437852b\" data-element_type=\"widget\" data-widget_type=\"html.default\">\n\t\t\t\t<div class=\"elementor-widget-container\">\n\t\t\t\t\t<script charset=\"utf-8\" type=\"text\/javascript\" src=\"\/\/js.hsforms.net\/forms\/embed\/v2.js\"><\/script><script>hbspt.forms.create({\n    region: \"na1\",\n    portalId: \"23722413\",\n    formId: \"44a9e8af-486d-4c7f-9ee2-2e9de86f46cd\"\n  });\n<\/script>\t\t\t\t<\/div>\n\t\t\t\t<\/div>\n\t\t\t\t\t<\/div>\r\n\t\t\t\t<\/div>\r\n\t\t\t\t\t<\/div>\r\n\t\t\t\t<\/section>\r\n\t\t\t\t<\/div>\n\t\t","protected":false},"excerpt":{"rendered":"","protected":false},"author":13,"featured_media":0,"parent":0,"menu_order":155,"comment_status":"closed","ping_status":"closed","template":"","meta":{"_acf_changed":false,"content-type":"","footnotes":""},"tags":[],"class_list":["post-20499","page","type-page","status-publish","hentry"],"acf":[],"yoast_head":"<!-- This site is optimized with the Yoast SEO plugin v27.4 - https:\/\/yoast.com\/product\/yoast-seo-wordpress\/ -->\n<title>Demande de devis pour la fabrication de circuits imprim\u00e9s | Fabrication de circuits imprim\u00e9s PICA<\/title>\n<meta name=\"description\" content=\"Obtenez rapidement un devis personnalis\u00e9 pour votre projet de fabrication de circuits imprim\u00e9s. Contactez PICA Manufacturing Solutions d\u00e8s aujourd&#039;hui pour b\u00e9n\u00e9ficier de l&#039;expertise de nos sp\u00e9cialistes.\" \/>\n<meta name=\"robots\" content=\"index, follow, max-snippet:-1, max-image-preview:large, max-video-preview:-1\" \/>\n<link rel=\"canonical\" href=\"https:\/\/picamfg.com\/fr\/demander-un-devis\/\" \/>\n<meta property=\"og:locale\" content=\"fr_FR\" \/>\n<meta property=\"og:type\" content=\"article\" \/>\n<meta property=\"og:title\" content=\"Demande de devis pour la fabrication de circuits imprim\u00e9s | Fabrication de circuits imprim\u00e9s PICA\" \/>\n<meta property=\"og:description\" content=\"Obtenez rapidement un devis personnalis\u00e9 pour votre projet de fabrication de circuits imprim\u00e9s. Contactez PICA Manufacturing Solutions d\u00e8s aujourd&#039;hui pour b\u00e9n\u00e9ficier de l&#039;expertise de nos sp\u00e9cialistes.\" \/>\n<meta property=\"og:url\" content=\"https:\/\/picamfg.com\/fr\/demander-un-devis\/\" \/>\n<meta property=\"og:site_name\" content=\"PICA Manufacturing Solutions\" \/>\n<meta property=\"article:publisher\" content=\"https:\/\/www.facebook.com\/Picamfg\" \/>\n<meta property=\"article:modified_time\" content=\"2026-03-06T20:36:13+00:00\" \/>\n<meta name=\"twitter:card\" content=\"summary_large_image\" \/>\n<script type=\"application\/ld+json\" class=\"yoast-schema-graph\">{\"@context\":\"https:\\\/\\\/schema.org\",\"@graph\":[{\"@type\":\"WebPage\",\"@id\":\"https:\\\/\\\/picamfg.com\\\/fr\\\/demander-un-devis\\\/\",\"url\":\"https:\\\/\\\/picamfg.com\\\/fr\\\/demander-un-devis\\\/\",\"name\":\"Demande de devis pour la fabrication de circuits imprim\u00e9s | Fabrication de circuits imprim\u00e9s PICA\",\"isPartOf\":{\"@id\":\"https:\\\/\\\/picamfg.com\\\/fr\\\/#website\"},\"datePublished\":\"2023-09-08T14:08:06+00:00\",\"dateModified\":\"2026-03-06T20:36:13+00:00\",\"description\":\"Obtenez rapidement un devis personnalis\u00e9 pour votre projet de fabrication de circuits imprim\u00e9s. Contactez PICA Manufacturing Solutions d\u00e8s aujourd'hui pour b\u00e9n\u00e9ficier de l'expertise de nos sp\u00e9cialistes.\",\"breadcrumb\":{\"@id\":\"https:\\\/\\\/picamfg.com\\\/fr\\\/demander-un-devis\\\/#breadcrumb\"},\"inLanguage\":\"fr-FR\",\"potentialAction\":[{\"@type\":\"ReadAction\",\"target\":[\"https:\\\/\\\/picamfg.com\\\/fr\\\/demander-un-devis\\\/\"]}]},{\"@type\":\"BreadcrumbList\",\"@id\":\"https:\\\/\\\/picamfg.com\\\/fr\\\/demander-un-devis\\\/#breadcrumb\",\"itemListElement\":[{\"@type\":\"ListItem\",\"position\":1,\"name\":\"Home\",\"item\":\"https:\\\/\\\/picamfg.com\\\/fr\\\/\"},{\"@type\":\"ListItem\",\"position\":2,\"name\":\"Demander un devis\"}]},{\"@type\":\"WebSite\",\"@id\":\"https:\\\/\\\/picamfg.com\\\/fr\\\/#website\",\"url\":\"https:\\\/\\\/picamfg.com\\\/fr\\\/\",\"name\":\"PICA Manufacturing Solutions\",\"description\":\"Pick a Partner - Not Parts\",\"publisher\":{\"@id\":\"https:\\\/\\\/picamfg.com\\\/fr\\\/#organization\"},\"potentialAction\":[{\"@type\":\"SearchAction\",\"target\":{\"@type\":\"EntryPoint\",\"urlTemplate\":\"https:\\\/\\\/picamfg.com\\\/fr\\\/?s={search_term_string}\"},\"query-input\":{\"@type\":\"PropertyValueSpecification\",\"valueRequired\":true,\"valueName\":\"search_term_string\"}}],\"inLanguage\":\"fr-FR\"},{\"@type\":\"Organization\",\"@id\":\"https:\\\/\\\/picamfg.com\\\/fr\\\/#organization\",\"name\":\"PICA Manufacturing Solutions\",\"url\":\"https:\\\/\\\/picamfg.com\\\/fr\\\/\",\"logo\":{\"@type\":\"ImageObject\",\"inLanguage\":\"fr-FR\",\"@id\":\"https:\\\/\\\/picamfg.com\\\/fr\\\/#\\\/schema\\\/logo\\\/image\\\/\",\"url\":\"https:\\\/\\\/picamfg.com\\\/wp-content\\\/uploads\\\/2023\\\/07\\\/pica-manufacturing-solutions.png\",\"contentUrl\":\"https:\\\/\\\/picamfg.com\\\/wp-content\\\/uploads\\\/2023\\\/07\\\/pica-manufacturing-solutions.png\",\"width\":381,\"height\":154,\"caption\":\"PICA Manufacturing Solutions\"},\"image\":{\"@id\":\"https:\\\/\\\/picamfg.com\\\/fr\\\/#\\\/schema\\\/logo\\\/image\\\/\"},\"sameAs\":[\"https:\\\/\\\/www.facebook.com\\\/Picamfg\",\"https:\\\/\\\/www.linkedin.com\\\/company\\\/pica-manufacturing-solutions\\\/\"]}]}<\/script>\n<!-- \/ Yoast SEO plugin. -->","yoast_head_json":{"title":"Demande de devis pour la fabrication de circuits imprim\u00e9s | Fabrication de circuits imprim\u00e9s PICA","description":"Obtenez rapidement un devis personnalis\u00e9 pour votre projet de fabrication de circuits imprim\u00e9s. Contactez PICA Manufacturing Solutions d\u00e8s aujourd'hui pour b\u00e9n\u00e9ficier de l'expertise de nos sp\u00e9cialistes.","robots":{"index":"index","follow":"follow","max-snippet":"max-snippet:-1","max-image-preview":"max-image-preview:large","max-video-preview":"max-video-preview:-1"},"canonical":"https:\/\/picamfg.com\/fr\/demander-un-devis\/","og_locale":"fr_FR","og_type":"article","og_title":"Demande de devis pour la fabrication de circuits imprim\u00e9s | Fabrication de circuits imprim\u00e9s PICA","og_description":"Obtenez rapidement un devis personnalis\u00e9 pour votre projet de fabrication de circuits imprim\u00e9s. Contactez PICA Manufacturing Solutions d\u00e8s aujourd'hui pour b\u00e9n\u00e9ficier de l'expertise de nos sp\u00e9cialistes.","og_url":"https:\/\/picamfg.com\/fr\/demander-un-devis\/","og_site_name":"PICA Manufacturing Solutions","article_publisher":"https:\/\/www.facebook.com\/Picamfg","article_modified_time":"2026-03-06T20:36:13+00:00","twitter_card":"summary_large_image","schema":{"@context":"https:\/\/schema.org","@graph":[{"@type":"WebPage","@id":"https:\/\/picamfg.com\/fr\/demander-un-devis\/","url":"https:\/\/picamfg.com\/fr\/demander-un-devis\/","name":"Demande de devis pour la fabrication de circuits imprim\u00e9s | Fabrication de circuits imprim\u00e9s PICA","isPartOf":{"@id":"https:\/\/picamfg.com\/fr\/#website"},"datePublished":"2023-09-08T14:08:06+00:00","dateModified":"2026-03-06T20:36:13+00:00","description":"Obtenez rapidement un devis personnalis\u00e9 pour votre projet de fabrication de circuits imprim\u00e9s. Contactez PICA Manufacturing Solutions d\u00e8s aujourd'hui pour b\u00e9n\u00e9ficier de l'expertise de nos sp\u00e9cialistes.","breadcrumb":{"@id":"https:\/\/picamfg.com\/fr\/demander-un-devis\/#breadcrumb"},"inLanguage":"fr-FR","potentialAction":[{"@type":"ReadAction","target":["https:\/\/picamfg.com\/fr\/demander-un-devis\/"]}]},{"@type":"BreadcrumbList","@id":"https:\/\/picamfg.com\/fr\/demander-un-devis\/#breadcrumb","itemListElement":[{"@type":"ListItem","position":1,"name":"Home","item":"https:\/\/picamfg.com\/fr\/"},{"@type":"ListItem","position":2,"name":"Demander un devis"}]},{"@type":"WebSite","@id":"https:\/\/picamfg.com\/fr\/#website","url":"https:\/\/picamfg.com\/fr\/","name":"PICA Manufacturing Solutions","description":"Pick a Partner - Not Parts","publisher":{"@id":"https:\/\/picamfg.com\/fr\/#organization"},"potentialAction":[{"@type":"SearchAction","target":{"@type":"EntryPoint","urlTemplate":"https:\/\/picamfg.com\/fr\/?s={search_term_string}"},"query-input":{"@type":"PropertyValueSpecification","valueRequired":true,"valueName":"search_term_string"}}],"inLanguage":"fr-FR"},{"@type":"Organization","@id":"https:\/\/picamfg.com\/fr\/#organization","name":"PICA Manufacturing Solutions","url":"https:\/\/picamfg.com\/fr\/","logo":{"@type":"ImageObject","inLanguage":"fr-FR","@id":"https:\/\/picamfg.com\/fr\/#\/schema\/logo\/image\/","url":"https:\/\/picamfg.com\/wp-content\/uploads\/2023\/07\/pica-manufacturing-solutions.png","contentUrl":"https:\/\/picamfg.com\/wp-content\/uploads\/2023\/07\/pica-manufacturing-solutions.png","width":381,"height":154,"caption":"PICA Manufacturing Solutions"},"image":{"@id":"https:\/\/picamfg.com\/fr\/#\/schema\/logo\/image\/"},"sameAs":["https:\/\/www.facebook.com\/Picamfg","https:\/\/www.linkedin.com\/company\/pica-manufacturing-solutions\/"]}]}},"_links":{"self":[{"href":"https:\/\/picamfg.com\/fr\/wp-json\/wp\/v2\/pages\/20499","targetHints":{"allow":["GET"]}}],"collection":[{"href":"https:\/\/picamfg.com\/fr\/wp-json\/wp\/v2\/pages"}],"about":[{"href":"https:\/\/picamfg.com\/fr\/wp-json\/wp\/v2\/types\/page"}],"author":[{"embeddable":true,"href":"https:\/\/picamfg.com\/fr\/wp-json\/wp\/v2\/users\/13"}],"replies":[{"embeddable":true,"href":"https:\/\/picamfg.com\/fr\/wp-json\/wp\/v2\/comments?post=20499"}],"version-history":[{"count":1,"href":"https:\/\/picamfg.com\/fr\/wp-json\/wp\/v2\/pages\/20499\/revisions"}],"predecessor-version":[{"id":20500,"href":"https:\/\/picamfg.com\/fr\/wp-json\/wp\/v2\/pages\/20499\/revisions\/20500"}],"wp:attachment":[{"href":"https:\/\/picamfg.com\/fr\/wp-json\/wp\/v2\/media?parent=20499"}],"wp:term":[{"taxonomy":"post_tag","embeddable":true,"href":"https:\/\/picamfg.com\/fr\/wp-json\/wp\/v2\/tags?post=20499"}],"curies":[{"name":"wp","href":"https:\/\/api.w.org\/{rel}","templated":true}]}}