{"id":19258,"date":"2025-06-19T15:31:14","date_gmt":"2025-06-19T15:31:14","guid":{"rendered":"https:\/\/picamfg.com\/livre-blanc-guide-des-procedes-de-fabrication-des-circuits-imprimes-rigides-et-flexibles-pcb-et-fpc-telechargement\/"},"modified":"2026-01-21T14:44:30","modified_gmt":"2026-01-21T14:44:30","slug":"livre-blanc-guide-des-procedes-de-fabrication-des-circuits-imprimes-rigides-et-flexibles-pcb-et-fpc-telechargement","status":"publish","type":"page","link":"https:\/\/picamfg.com\/fr\/livre-blanc-guide-des-procedes-de-fabrication-des-circuits-imprimes-rigides-et-flexibles-pcb-et-fpc-telechargement\/","title":{"rendered":"Livre blanc : Guide des proc\u00e9d\u00e9s de fabrication des circuits imprim\u00e9s rigides et flexibles (PCB et FPC) &#8211; T\u00e9l\u00e9chargement"},"content":{"rendered":"\t\t<div data-elementor-type=\"wp-post\" data-elementor-id=\"19258\" class=\"elementor elementor-19258 elementor-14802\" data-elementor-post-type=\"page\">\n\t\t\t\t<div class=\"elementor-element elementor-element-9280fb2 e-flex e-con-boxed e-con e-parent\" data-id=\"9280fb2\" data-element_type=\"container\">\r\n\t\t\t\t\t<div class=\"e-con-inner\">\r\n\t\t\t\t<div class=\"elementor-element elementor-element-61378d3 elementor-widget elementor-widget-text-editor\" data-id=\"61378d3\" data-element_type=\"widget\" data-widget_type=\"text-editor.default\">\n\t\t\t\t<div class=\"elementor-widget-container\">\n\t\t\t\t\t\t\t\t\t<p><b>T\u00e9l\u00e9chargez le livre blanc \u00ab Guide des proc\u00e9d\u00e9s de fabrication des circuits imprim\u00e9s rigides et flexibles \u00bb. <\/b><\/p>\t\t\t\t\t\t\t\t<\/div>\n\t\t\t\t<\/div>\n\t\t\t\t\t<\/div>\n\t\t\t\t<\/div>\n\t\t<div class=\"elementor-element elementor-element-2509e04 e-flex e-con-boxed e-con e-parent\" data-id=\"2509e04\" data-element_type=\"container\">\r\n\t\t\t\t\t<div class=\"e-con-inner\">\r\n\t\t<div class=\"elementor-element elementor-element-e6e25b6 e-flex e-con-boxed e-con e-child\" data-id=\"e6e25b6\" data-element_type=\"container\">\r\n\t\t\t\t\t<div class=\"e-con-inner\">\r\n\t\t\t\t<div class=\"elementor-element elementor-element-8be5bcc elementor-widget elementor-widget-heading\" data-id=\"8be5bcc\" data-element_type=\"widget\" data-widget_type=\"heading.default\">\n\t\t\t\t<div class=\"elementor-widget-container\">\n\t\t\t\t\t<h2 class=\"elementor-heading-title elementor-size-default\">Guide des proc\u00e9d\u00e9s de fabrication de circuits imprim\u00e9s rigides et flexibles : techniques soustractives, semi-additives et additives\n<\/h2>\t\t\t\t<\/div>\n\t\t\t\t<\/div>\n\t\t\t\t<div class=\"elementor-element elementor-element-c3ad1d2 elementor-widget elementor-widget-text-editor\" data-id=\"c3ad1d2\" data-element_type=\"widget\" data-widget_type=\"text-editor.default\">\n\t\t\t\t<div class=\"elementor-widget-container\">\n\t\t\t\t\t\t\t\t\t<p>D\u00e9couvrez les diff\u00e9rences essentielles entre les proc\u00e9d\u00e9s de fabrication de circuits imprim\u00e9s soustractifs, semi-additifs (SAP\/mSAP) et enti\u00e8rement additifs dans ce guide complet propos\u00e9 par PICA. Que vous conceviez des circuits imprim\u00e9s rigides, flexibles ou rigides-flexibles, comprendre la formation des pistes de cuivre est crucial pour garantir une int\u00e9grit\u00e9 du signal optimale, un routage \u00e0 pas fin et une fiabilit\u00e9 m\u00e9canique irr\u00e9prochable. Apprenez comment la gravure soustractive traditionnelle est utilis\u00e9e pour les cartes de densit\u00e9 standard, comment les proc\u00e9d\u00e9s semi-additifs permettent la conception de circuits HDI et flexibles avanc\u00e9s, et comment les m\u00e9thodes enti\u00e8rement additives, telles que l&rsquo;impression jet d&rsquo;encre et le d\u00e9p\u00f4t chimique sans courant, sont utilis\u00e9es pour les dispositifs \u00e9lectroniques hybrides flexibles (FHE) de nouvelle g\u00e9n\u00e9ration, les objets connect\u00e9s et les capteurs m\u00e9dicaux. D\u00e9couvrez comment le choix de la technique de fabrication appropri\u00e9e peut am\u00e9liorer le contr\u00f4le d&rsquo;imp\u00e9dance, r\u00e9duire le gaspillage de cuivre et r\u00e9pondre aux exigences de l&rsquo;\u00e9lectronique miniaturis\u00e9e moderne.   <\/p>\t\t\t\t\t\t\t\t<\/div>\n\t\t\t\t<\/div>\n\t\t\t\t\t<\/div>\n\t\t\t\t<\/div>\n\t\t<div class=\"elementor-element elementor-element-ed056e5 e-flex e-con-boxed e-con e-child\" data-id=\"ed056e5\" data-element_type=\"container\">\r\n\t\t\t\t\t<div class=\"e-con-inner\">\r\n\t\t\t\t<div class=\"elementor-element elementor-element-24bb562 elementor-widget elementor-widget-image\" data-id=\"24bb562\" data-element_type=\"widget\" data-widget_type=\"image.default\">\n\t\t\t\t<div class=\"elementor-widget-container\">\n\t\t\t\t\t\t\t\t\t\t\t\t\t\t\t<img fetchpriority=\"high\" decoding=\"async\" width=\"768\" height=\"512\" src=\"https:\/\/picamfg.com\/wp-content\/uploads\/2025\/07\/subtractive-semi-additive-image-768x512.jpg\" class=\"attachment-medium_large size-medium_large wp-image-17622\" alt=\"A comparative diagram illustrating the Subtractive and Semi-Additive PCB manufacturing processes. The Subtractive process involves etching away excess copper from a copper-clad laminate to form circuit patterns, while the Semi-Additive process starts with a thin copper seed layer, adds copper through electroplating to build up traces, and then removes the excess copper, resulting in finer and more precise features suitable for high-density interconnect (HDI) and flexible circuit designs\" srcset=\"https:\/\/picamfg.com\/wp-content\/uploads\/2025\/07\/subtractive-semi-additive-image-768x512.jpg 768w, https:\/\/picamfg.com\/wp-content\/uploads\/2025\/07\/subtractive-semi-additive-image-640x427.jpg 640w, https:\/\/picamfg.com\/wp-content\/uploads\/2025\/07\/subtractive-semi-additive-image-400x267.jpg 400w, https:\/\/picamfg.com\/wp-content\/uploads\/2025\/07\/subtractive-semi-additive-image-367x245.jpg 367w\" sizes=\"(max-width: 768px) 100vw, 768px\" \/>\t\t\t\t\t\t\t\t\t\t\t\t\t\t\t<\/div>\n\t\t\t\t<\/div>\n\t\t\t\t\t<\/div>\n\t\t\t\t<\/div>\n\t\t\t\t\t<\/div>\n\t\t\t\t<\/div>\n\t\t<div class=\"elementor-element elementor-element-812fcca e-flex e-con-boxed e-con e-parent\" data-id=\"812fcca\" data-element_type=\"container\">\r\n\t\t\t\t\t<div class=\"e-con-inner\">\r\n\t\t\t\t<div class=\"elementor-element elementor-element-4d367b6 elementor-widget elementor-widget-text-editor\" data-id=\"4d367b6\" data-element_type=\"widget\" data-widget_type=\"text-editor.default\">\n\t\t\t\t<div class=\"elementor-widget-container\">\n\t\t\t\t\t\t\t\t\t<h4>Veuillez remplir le formulaire ci-dessous pour demander la version PDF compl\u00e8te du livre blanc \u00ab Guide des processus de fabrication de circuits imprim\u00e9s et de circuits imprim\u00e9s flexibles \u00bb. <\/h4>\t\t\t\t\t\t\t\t<\/div>\n\t\t\t\t<\/div>\n\t\t\t\t<div class=\"elementor-element elementor-element-5374797 elementor-widget elementor-widget-html\" data-id=\"5374797\" data-element_type=\"widget\" data-widget_type=\"html.default\">\n\t\t\t\t<div class=\"elementor-widget-container\">\n\t\t\t\t\t<script charset=\"utf-8\" type=\"text\/javascript\" src=\"\/\/js.hsforms.net\/forms\/embed\/v2.js\"><\/script><script>hbspt.forms.create({\n    portalId: \"23722413\",\n    formId: \"824a0dff-0891-4931-9f19-138753529f76\",\n    region: \"na1\"\n  });\n<\/script>\t\t\t\t<\/div>\n\t\t\t\t<\/div>\n\t\t\t\t\t<\/div>\n\t\t\t\t<\/div>\n\t\t\t\t<\/div>\n\t\t","protected":false},"excerpt":{"rendered":"<p>T\u00e9l\u00e9chargez le livre blanc \u00ab Guide des proc\u00e9d\u00e9s de fabrication des circuits imprim\u00e9s rigides et flexibles \u00bb. Guide des proc\u00e9d\u00e9s de fabrication de circuits imprim\u00e9s rigides et flexibles : techniques soustractives, semi-additives et additives D\u00e9couvrez les diff\u00e9rences essentielles entre les proc\u00e9d\u00e9s de fabrication de circuits imprim\u00e9s soustractifs, semi-additifs (SAP\/mSAP) et enti\u00e8rement additifs dans ce guide&#8230;&nbsp;<a class=\"moretag\" href=\"https:\/\/picamfg.com\/fr\/livre-blanc-guide-des-procedes-de-fabrication-des-circuits-imprimes-rigides-et-flexibles-pcb-et-fpc-telechargement\/\">READ MORE<\/a><\/p>\n","protected":false},"author":13,"featured_media":0,"parent":0,"menu_order":163,"comment_status":"closed","ping_status":"closed","template":"","meta":{"_acf_changed":false,"content-type":"","footnotes":""},"tags":[],"class_list":["post-19258","page","type-page","status-publish","hentry"],"acf":[],"yoast_head":"<!-- This site is optimized with the Yoast SEO plugin v27.1.1 - https:\/\/yoast.com\/product\/yoast-seo-wordpress\/ -->\n<title>T\u00e9l\u00e9chargez notre livre blanc sur les proc\u00e9d\u00e9s de fabrication de circuits imprim\u00e9s rigides et flexibles.<\/title>\n<meta name=\"description\" content=\"T\u00e9l\u00e9chargez le livre blanc de PICA Manufacturing Solution : Proc\u00e9d\u00e9s de fabrication de circuits imprim\u00e9s et de circuits imprim\u00e9s flexibles : techniques soustractives, semi-additives et additives.\" \/>\n<meta name=\"robots\" content=\"index, follow, max-snippet:-1, max-image-preview:large, max-video-preview:-1\" \/>\n<link rel=\"canonical\" href=\"https:\/\/picamfg.com\/fr\/livre-blanc-guide-des-procedes-de-fabrication-des-circuits-imprimes-rigides-et-flexibles-pcb-et-fpc-telechargement\/\" \/>\n<meta property=\"og:locale\" content=\"fr_FR\" \/>\n<meta property=\"og:type\" content=\"article\" \/>\n<meta property=\"og:title\" content=\"T\u00e9l\u00e9chargez notre livre blanc sur les proc\u00e9d\u00e9s de fabrication de circuits imprim\u00e9s rigides et flexibles.\" \/>\n<meta property=\"og:description\" content=\"T\u00e9l\u00e9chargez le livre blanc de PICA Manufacturing Solution : Proc\u00e9d\u00e9s de fabrication de circuits imprim\u00e9s et de circuits imprim\u00e9s flexibles : techniques soustractives, semi-additives et additives.\" \/>\n<meta property=\"og:url\" content=\"https:\/\/picamfg.com\/fr\/livre-blanc-guide-des-procedes-de-fabrication-des-circuits-imprimes-rigides-et-flexibles-pcb-et-fpc-telechargement\/\" \/>\n<meta property=\"og:site_name\" content=\"PICA Manufacturing Solutions\" \/>\n<meta property=\"article:publisher\" content=\"https:\/\/www.facebook.com\/Picamfg\" \/>\n<meta property=\"article:modified_time\" content=\"2026-01-21T14:44:30+00:00\" \/>\n<meta property=\"og:image\" content=\"https:\/\/picamfg.com\/wp-content\/uploads\/2025\/07\/subtractive-semi-additive-image-scaled.jpg\" \/>\n\t<meta property=\"og:image:width\" content=\"2560\" \/>\n\t<meta property=\"og:image:height\" content=\"1706\" \/>\n\t<meta property=\"og:image:type\" content=\"image\/jpeg\" \/>\n<meta name=\"twitter:card\" content=\"summary_large_image\" \/>\n<meta name=\"twitter:label1\" content=\"Dur\u00e9e de lecture estim\u00e9e\" \/>\n\t<meta name=\"twitter:data1\" content=\"1 minute\" \/>\n<script type=\"application\/ld+json\" class=\"yoast-schema-graph\">{\"@context\":\"https:\/\/schema.org\",\"@graph\":[{\"@type\":\"WebPage\",\"@id\":\"https:\/\/picamfg.com\/fr\/livre-blanc-guide-des-procedes-de-fabrication-des-circuits-imprimes-rigides-et-flexibles-pcb-et-fpc-telechargement\/\",\"url\":\"https:\/\/picamfg.com\/fr\/livre-blanc-guide-des-procedes-de-fabrication-des-circuits-imprimes-rigides-et-flexibles-pcb-et-fpc-telechargement\/\",\"name\":\"T\u00e9l\u00e9chargez notre livre blanc sur les proc\u00e9d\u00e9s de fabrication de circuits imprim\u00e9s rigides et flexibles.\",\"isPartOf\":{\"@id\":\"https:\/\/picamfg.com\/fr\/#website\"},\"primaryImageOfPage\":{\"@id\":\"https:\/\/picamfg.com\/fr\/livre-blanc-guide-des-procedes-de-fabrication-des-circuits-imprimes-rigides-et-flexibles-pcb-et-fpc-telechargement\/#primaryimage\"},\"image\":{\"@id\":\"https:\/\/picamfg.com\/fr\/livre-blanc-guide-des-procedes-de-fabrication-des-circuits-imprimes-rigides-et-flexibles-pcb-et-fpc-telechargement\/#primaryimage\"},\"thumbnailUrl\":\"https:\/\/picamfg.com\/wp-content\/uploads\/2025\/07\/subtractive-semi-additive-image-768x512.jpg\",\"datePublished\":\"2025-06-19T15:31:14+00:00\",\"dateModified\":\"2026-01-21T14:44:30+00:00\",\"description\":\"T\u00e9l\u00e9chargez le livre blanc de PICA Manufacturing Solution : Proc\u00e9d\u00e9s de fabrication de circuits imprim\u00e9s et de circuits imprim\u00e9s flexibles : techniques soustractives, semi-additives et additives.\",\"breadcrumb\":{\"@id\":\"https:\/\/picamfg.com\/fr\/livre-blanc-guide-des-procedes-de-fabrication-des-circuits-imprimes-rigides-et-flexibles-pcb-et-fpc-telechargement\/#breadcrumb\"},\"inLanguage\":\"fr-FR\",\"potentialAction\":[{\"@type\":\"ReadAction\",\"target\":[\"https:\/\/picamfg.com\/fr\/livre-blanc-guide-des-procedes-de-fabrication-des-circuits-imprimes-rigides-et-flexibles-pcb-et-fpc-telechargement\/\"]}]},{\"@type\":\"ImageObject\",\"inLanguage\":\"fr-FR\",\"@id\":\"https:\/\/picamfg.com\/fr\/livre-blanc-guide-des-procedes-de-fabrication-des-circuits-imprimes-rigides-et-flexibles-pcb-et-fpc-telechargement\/#primaryimage\",\"url\":\"https:\/\/picamfg.com\/wp-content\/uploads\/2025\/07\/subtractive-semi-additive-image-768x512.jpg\",\"contentUrl\":\"https:\/\/picamfg.com\/wp-content\/uploads\/2025\/07\/subtractive-semi-additive-image-768x512.jpg\"},{\"@type\":\"BreadcrumbList\",\"@id\":\"https:\/\/picamfg.com\/fr\/livre-blanc-guide-des-procedes-de-fabrication-des-circuits-imprimes-rigides-et-flexibles-pcb-et-fpc-telechargement\/#breadcrumb\",\"itemListElement\":[{\"@type\":\"ListItem\",\"position\":1,\"name\":\"Home\",\"item\":\"https:\/\/picamfg.com\/fr\/\"},{\"@type\":\"ListItem\",\"position\":2,\"name\":\"Livre blanc : Guide des proc\u00e9d\u00e9s de fabrication des circuits imprim\u00e9s rigides et flexibles (PCB et FPC) &#8211; T\u00e9l\u00e9chargement\"}]},{\"@type\":\"WebSite\",\"@id\":\"https:\/\/picamfg.com\/fr\/#website\",\"url\":\"https:\/\/picamfg.com\/fr\/\",\"name\":\"PICA Manufacturing Solutions\",\"description\":\"Pick a Partner - Not Parts\",\"publisher\":{\"@id\":\"https:\/\/picamfg.com\/fr\/#organization\"},\"potentialAction\":[{\"@type\":\"SearchAction\",\"target\":{\"@type\":\"EntryPoint\",\"urlTemplate\":\"https:\/\/picamfg.com\/fr\/?s={search_term_string}\"},\"query-input\":{\"@type\":\"PropertyValueSpecification\",\"valueRequired\":true,\"valueName\":\"search_term_string\"}}],\"inLanguage\":\"fr-FR\"},{\"@type\":\"Organization\",\"@id\":\"https:\/\/picamfg.com\/fr\/#organization\",\"name\":\"PICA Manufacturing Solutions\",\"url\":\"https:\/\/picamfg.com\/fr\/\",\"logo\":{\"@type\":\"ImageObject\",\"inLanguage\":\"fr-FR\",\"@id\":\"https:\/\/picamfg.com\/fr\/#\/schema\/logo\/image\/\",\"url\":\"https:\/\/picamfg.com\/wp-content\/uploads\/2023\/07\/pica-manufacturing-solutions.png\",\"contentUrl\":\"https:\/\/picamfg.com\/wp-content\/uploads\/2023\/07\/pica-manufacturing-solutions.png\",\"width\":381,\"height\":154,\"caption\":\"PICA Manufacturing Solutions\"},\"image\":{\"@id\":\"https:\/\/picamfg.com\/fr\/#\/schema\/logo\/image\/\"},\"sameAs\":[\"https:\/\/www.facebook.com\/Picamfg\",\"https:\/\/www.linkedin.com\/company\/pica-manufacturing-solutions\/\"]}]}<\/script>\n<!-- \/ Yoast SEO plugin. -->","yoast_head_json":{"title":"T\u00e9l\u00e9chargez notre livre blanc sur les proc\u00e9d\u00e9s de fabrication de circuits imprim\u00e9s rigides et flexibles.","description":"T\u00e9l\u00e9chargez le livre blanc de PICA Manufacturing Solution : Proc\u00e9d\u00e9s de fabrication de circuits imprim\u00e9s et de circuits imprim\u00e9s flexibles : techniques soustractives, semi-additives et additives.","robots":{"index":"index","follow":"follow","max-snippet":"max-snippet:-1","max-image-preview":"max-image-preview:large","max-video-preview":"max-video-preview:-1"},"canonical":"https:\/\/picamfg.com\/fr\/livre-blanc-guide-des-procedes-de-fabrication-des-circuits-imprimes-rigides-et-flexibles-pcb-et-fpc-telechargement\/","og_locale":"fr_FR","og_type":"article","og_title":"T\u00e9l\u00e9chargez notre livre blanc sur les proc\u00e9d\u00e9s de fabrication de circuits imprim\u00e9s rigides et flexibles.","og_description":"T\u00e9l\u00e9chargez le livre blanc de PICA Manufacturing Solution : Proc\u00e9d\u00e9s de fabrication de circuits imprim\u00e9s et de circuits imprim\u00e9s flexibles : techniques soustractives, semi-additives et additives.","og_url":"https:\/\/picamfg.com\/fr\/livre-blanc-guide-des-procedes-de-fabrication-des-circuits-imprimes-rigides-et-flexibles-pcb-et-fpc-telechargement\/","og_site_name":"PICA Manufacturing Solutions","article_publisher":"https:\/\/www.facebook.com\/Picamfg","article_modified_time":"2026-01-21T14:44:30+00:00","og_image":[{"width":2560,"height":1706,"url":"https:\/\/picamfg.com\/wp-content\/uploads\/2025\/07\/subtractive-semi-additive-image-scaled.jpg","type":"image\/jpeg"}],"twitter_card":"summary_large_image","twitter_misc":{"Dur\u00e9e de lecture estim\u00e9e":"1 minute"},"schema":{"@context":"https:\/\/schema.org","@graph":[{"@type":"WebPage","@id":"https:\/\/picamfg.com\/fr\/livre-blanc-guide-des-procedes-de-fabrication-des-circuits-imprimes-rigides-et-flexibles-pcb-et-fpc-telechargement\/","url":"https:\/\/picamfg.com\/fr\/livre-blanc-guide-des-procedes-de-fabrication-des-circuits-imprimes-rigides-et-flexibles-pcb-et-fpc-telechargement\/","name":"T\u00e9l\u00e9chargez notre livre blanc sur les proc\u00e9d\u00e9s de fabrication de circuits imprim\u00e9s rigides et flexibles.","isPartOf":{"@id":"https:\/\/picamfg.com\/fr\/#website"},"primaryImageOfPage":{"@id":"https:\/\/picamfg.com\/fr\/livre-blanc-guide-des-procedes-de-fabrication-des-circuits-imprimes-rigides-et-flexibles-pcb-et-fpc-telechargement\/#primaryimage"},"image":{"@id":"https:\/\/picamfg.com\/fr\/livre-blanc-guide-des-procedes-de-fabrication-des-circuits-imprimes-rigides-et-flexibles-pcb-et-fpc-telechargement\/#primaryimage"},"thumbnailUrl":"https:\/\/picamfg.com\/wp-content\/uploads\/2025\/07\/subtractive-semi-additive-image-768x512.jpg","datePublished":"2025-06-19T15:31:14+00:00","dateModified":"2026-01-21T14:44:30+00:00","description":"T\u00e9l\u00e9chargez le livre blanc de PICA Manufacturing Solution : Proc\u00e9d\u00e9s de fabrication de circuits imprim\u00e9s et de circuits imprim\u00e9s flexibles : techniques soustractives, semi-additives et additives.","breadcrumb":{"@id":"https:\/\/picamfg.com\/fr\/livre-blanc-guide-des-procedes-de-fabrication-des-circuits-imprimes-rigides-et-flexibles-pcb-et-fpc-telechargement\/#breadcrumb"},"inLanguage":"fr-FR","potentialAction":[{"@type":"ReadAction","target":["https:\/\/picamfg.com\/fr\/livre-blanc-guide-des-procedes-de-fabrication-des-circuits-imprimes-rigides-et-flexibles-pcb-et-fpc-telechargement\/"]}]},{"@type":"ImageObject","inLanguage":"fr-FR","@id":"https:\/\/picamfg.com\/fr\/livre-blanc-guide-des-procedes-de-fabrication-des-circuits-imprimes-rigides-et-flexibles-pcb-et-fpc-telechargement\/#primaryimage","url":"https:\/\/picamfg.com\/wp-content\/uploads\/2025\/07\/subtractive-semi-additive-image-768x512.jpg","contentUrl":"https:\/\/picamfg.com\/wp-content\/uploads\/2025\/07\/subtractive-semi-additive-image-768x512.jpg"},{"@type":"BreadcrumbList","@id":"https:\/\/picamfg.com\/fr\/livre-blanc-guide-des-procedes-de-fabrication-des-circuits-imprimes-rigides-et-flexibles-pcb-et-fpc-telechargement\/#breadcrumb","itemListElement":[{"@type":"ListItem","position":1,"name":"Home","item":"https:\/\/picamfg.com\/fr\/"},{"@type":"ListItem","position":2,"name":"Livre blanc : Guide des proc\u00e9d\u00e9s de fabrication des circuits imprim\u00e9s rigides et flexibles (PCB et FPC) &#8211; T\u00e9l\u00e9chargement"}]},{"@type":"WebSite","@id":"https:\/\/picamfg.com\/fr\/#website","url":"https:\/\/picamfg.com\/fr\/","name":"PICA Manufacturing Solutions","description":"Pick a Partner - Not Parts","publisher":{"@id":"https:\/\/picamfg.com\/fr\/#organization"},"potentialAction":[{"@type":"SearchAction","target":{"@type":"EntryPoint","urlTemplate":"https:\/\/picamfg.com\/fr\/?s={search_term_string}"},"query-input":{"@type":"PropertyValueSpecification","valueRequired":true,"valueName":"search_term_string"}}],"inLanguage":"fr-FR"},{"@type":"Organization","@id":"https:\/\/picamfg.com\/fr\/#organization","name":"PICA Manufacturing Solutions","url":"https:\/\/picamfg.com\/fr\/","logo":{"@type":"ImageObject","inLanguage":"fr-FR","@id":"https:\/\/picamfg.com\/fr\/#\/schema\/logo\/image\/","url":"https:\/\/picamfg.com\/wp-content\/uploads\/2023\/07\/pica-manufacturing-solutions.png","contentUrl":"https:\/\/picamfg.com\/wp-content\/uploads\/2023\/07\/pica-manufacturing-solutions.png","width":381,"height":154,"caption":"PICA Manufacturing Solutions"},"image":{"@id":"https:\/\/picamfg.com\/fr\/#\/schema\/logo\/image\/"},"sameAs":["https:\/\/www.facebook.com\/Picamfg","https:\/\/www.linkedin.com\/company\/pica-manufacturing-solutions\/"]}]}},"_links":{"self":[{"href":"https:\/\/picamfg.com\/fr\/wp-json\/wp\/v2\/pages\/19258","targetHints":{"allow":["GET"]}}],"collection":[{"href":"https:\/\/picamfg.com\/fr\/wp-json\/wp\/v2\/pages"}],"about":[{"href":"https:\/\/picamfg.com\/fr\/wp-json\/wp\/v2\/types\/page"}],"author":[{"embeddable":true,"href":"https:\/\/picamfg.com\/fr\/wp-json\/wp\/v2\/users\/13"}],"replies":[{"embeddable":true,"href":"https:\/\/picamfg.com\/fr\/wp-json\/wp\/v2\/comments?post=19258"}],"version-history":[{"count":1,"href":"https:\/\/picamfg.com\/fr\/wp-json\/wp\/v2\/pages\/19258\/revisions"}],"predecessor-version":[{"id":19262,"href":"https:\/\/picamfg.com\/fr\/wp-json\/wp\/v2\/pages\/19258\/revisions\/19262"}],"wp:attachment":[{"href":"https:\/\/picamfg.com\/fr\/wp-json\/wp\/v2\/media?parent=19258"}],"wp:term":[{"taxonomy":"post_tag","embeddable":true,"href":"https:\/\/picamfg.com\/fr\/wp-json\/wp\/v2\/tags?post=19258"}],"curies":[{"name":"wp","href":"https:\/\/api.w.org\/{rel}","templated":true}]}}