{"id":19200,"date":"2025-10-06T19:53:40","date_gmt":"2025-10-06T19:53:40","guid":{"rendered":"https:\/\/picamfg.com\/telechargement-des-capacites-box-build-et-solutions-cles-en-main-de-pica-manufacturing-solutions\/"},"modified":"2026-01-16T16:56:07","modified_gmt":"2026-01-16T16:56:07","slug":"telechargement-des-capacites-box-build-et-solutions-cles-en-main-de-pica-manufacturing-solutions","status":"publish","type":"page","link":"https:\/\/picamfg.com\/fr\/telechargement-des-capacites-box-build-et-solutions-cles-en-main-de-pica-manufacturing-solutions\/","title":{"rendered":"T\u00e9l\u00e9chargement des capacit\u00e9s Box Build et solutions cl\u00e9s en main de PICA Manufacturing Solutions"},"content":{"rendered":"\t\t<div data-elementor-type=\"wp-page\" data-elementor-id=\"19200\" class=\"elementor elementor-19200 elementor-17702\" data-elementor-post-type=\"page\">\n\t\t\t\t<div class=\"elementor-element elementor-element-ee4bdfc e-flex e-con-boxed e-con e-parent\" data-id=\"ee4bdfc\" data-element_type=\"container\">\r\n\t\t\t\t\t<div class=\"e-con-inner\">\r\n\t\t\t\t<div class=\"elementor-element elementor-element-9b29f36 elementor-widget elementor-widget-text-editor\" data-id=\"9b29f36\" data-element_type=\"widget\" data-widget_type=\"text-editor.default\">\n\t\t\t\t<div class=\"elementor-widget-container\">\n\t\t\t\t\t\t\t\t\t<p><strong>T\u00e9l\u00e9charger les capacit\u00e9s Box Build de PICA Manufacturing Solutions<\/strong><\/p>\t\t\t\t\t\t\t\t<\/div>\n\t\t\t\t<\/div>\n\t\t\t\t\t<\/div>\n\t\t\t\t<\/div>\n\t\t<div class=\"elementor-element elementor-element-6a9a395 e-flex e-con-boxed e-con e-parent\" data-id=\"6a9a395\" data-element_type=\"container\">\r\n\t\t\t\t\t<div class=\"e-con-inner\">\r\n\t\t<div class=\"elementor-element elementor-element-768fbf5 e-flex e-con-boxed e-con e-child\" data-id=\"768fbf5\" data-element_type=\"container\">\r\n\t\t\t\t\t<div class=\"e-con-inner\">\r\n\t\t\t\t<div class=\"elementor-element elementor-element-b2b6087 elementor-widget elementor-widget-heading\" data-id=\"b2b6087\" data-element_type=\"widget\" data-widget_type=\"heading.default\">\n\t\t\t\t<div class=\"elementor-widget-container\">\n\t\t\t\t\t<h3 class=\"elementor-heading-title elementor-size-default\">PICPICA Manufacturing Solutions\nCapacit\u00e9s Box Build<\/h3>\t\t\t\t<\/div>\n\t\t\t\t<\/div>\n\t\t\t\t<div class=\"elementor-element elementor-element-0f3e2e5 elementor-widget elementor-widget-text-editor\" data-id=\"0f3e2e5\" data-element_type=\"widget\" data-widget_type=\"text-editor.default\">\n\t\t\t\t<div class=\"elementor-widget-container\">\n\t\t\t\t\t\t\t\t\t<p data-start=\"0\" data-end=\"411\">Les solutions Box Build et cl\u00e9 en main de PICA int\u00e8grent l\u2019\u00e9lectronique, les plastiques, les m\u00e9taux, le c\u00e2blage et les composants m\u00e9caniques en produits enti\u00e8rement assembl\u00e9s, test\u00e9s et conditionn\u00e9s, pr\u00eats \u00e0 \u00eatre exp\u00e9di\u00e9s. Nous prenons en charge l\u2019approvisionnement, l\u2019assemblage de cartes \u00e9lectroniques (PCBA), l\u2019assemblage des bo\u00eetiers, l\u2019\u00e9tiquetage, le chargement de firmware et la programmation, ainsi que les tests fonctionnels et environnementaux, avec une tra\u00e7abilit\u00e9 compl\u00e8te et une production \u00e9volutive, du prototype aux volumes s\u00e9rie, y compris pour les march\u00e9s r\u00e9glement\u00e9s. <\/p><p data-start=\"413\" data-end=\"839\" data-is-last-node=\"\" data-is-only-node=\"\">T\u00e9l\u00e9chargez le guide pour d\u00e9couvrir comment nous coordonnons des assemblages multi-technologies au sein d\u2019un flux de production unique et ma\u00eetris\u00e9, la profondeur de nos processus de test et de nos enregistrements qualit\u00e9, ainsi que nos strat\u00e9gies de gestion des stocks \u2014 telles que le VMI, le stock de s\u00e9curit\u00e9 et la consignation \u2014 qui s\u00e9curisent l\u2019approvisionnement et r\u00e9duisent les d\u00e9lais. Ce guide constitue un r\u00e9f\u00e9rentiel op\u00e9rationnel concis destin\u00e9 aux \u00e9quipes de conception, d\u2019achats et d\u2019op\u00e9rations souhaitant r\u00e9duire le nombre de fournisseurs, acc\u00e9l\u00e9rer les mises sur le march\u00e9 et obtenir des r\u00e9sultats pr\u00e9visibles avec un partenaire unique et responsable. <\/p>\t\t\t\t\t\t\t\t<\/div>\n\t\t\t\t<\/div>\n\t\t\t\t\t<\/div>\n\t\t\t\t<\/div>\n\t\t<div class=\"elementor-element elementor-element-16eb501 e-flex e-con-boxed e-con e-child\" data-id=\"16eb501\" data-element_type=\"container\">\r\n\t\t\t\t\t<div class=\"e-con-inner\">\r\n\t\t\t\t<div class=\"elementor-element elementor-element-11b9131 elementor-widget elementor-widget-image\" data-id=\"11b9131\" data-element_type=\"widget\" data-widget_type=\"image.default\">\n\t\t\t\t<div class=\"elementor-widget-container\">\n\t\t\t\t\t\t\t\t\t\t\t\t\t\t\t<img fetchpriority=\"high\" decoding=\"async\" width=\"1024\" height=\"683\" src=\"https:\/\/picamfg.com\/wp-content\/uploads\/2025\/10\/Box-Build-capabilities-pic-1024x683.jpg\" class=\"attachment-large size-large wp-image-19201\" alt=\"\" srcset=\"https:\/\/picamfg.com\/wp-content\/uploads\/2025\/10\/Box-Build-capabilities-pic-1024x683.jpg 1024w, https:\/\/picamfg.com\/wp-content\/uploads\/2025\/10\/Box-Build-capabilities-pic-768x512.jpg 768w, https:\/\/picamfg.com\/wp-content\/uploads\/2025\/10\/Box-Build-capabilities-pic-640x427.jpg 640w, https:\/\/picamfg.com\/wp-content\/uploads\/2025\/10\/Box-Build-capabilities-pic-400x267.jpg 400w, https:\/\/picamfg.com\/wp-content\/uploads\/2025\/10\/Box-Build-capabilities-pic-367x245.jpg 367w\" sizes=\"(max-width: 1024px) 100vw, 1024px\" \/>\t\t\t\t\t\t\t\t\t\t\t\t\t\t\t<\/div>\n\t\t\t\t<\/div>\n\t\t\t\t\t<\/div>\n\t\t\t\t<\/div>\n\t\t\t\t\t<\/div>\n\t\t\t\t<\/div>\n\t\t<div class=\"elementor-element elementor-element-6fddbc8 e-flex e-con-boxed e-con e-parent\" data-id=\"6fddbc8\" data-element_type=\"container\">\r\n\t\t\t\t\t<div class=\"e-con-inner\">\r\n\t\t\t\t<div class=\"elementor-element elementor-element-b7f32f5 elementor-widget elementor-widget-text-editor\" data-id=\"b7f32f5\" data-element_type=\"widget\" data-widget_type=\"text-editor.default\">\n\t\t\t\t<div class=\"elementor-widget-container\">\n\t\t\t\t\t\t\t\t\t<h4>Remplissez le formulaire ci-dessous pour demander le PDF complet des capacit\u00e9s Box Build de PICA Manufacturing Solutions<\/h4>\t\t\t\t\t\t\t\t<\/div>\n\t\t\t\t<\/div>\n\t\t\t\t\t<\/div>\n\t\t\t\t<\/div>\n\t\t<div class=\"elementor-element elementor-element-023d15a e-flex e-con-boxed e-con e-parent\" data-id=\"023d15a\" data-element_type=\"container\">\r\n\t\t\t\t\t<div class=\"e-con-inner\">\r\n\t\t\t\t<div class=\"elementor-element elementor-element-1d9e0db elementor-widget elementor-widget-html\" data-id=\"1d9e0db\" data-element_type=\"widget\" data-widget_type=\"html.default\">\n\t\t\t\t<div class=\"elementor-widget-container\">\n\t\t\t\t\t<script charset=\"utf-8\" type=\"text\/javascript\" src=\"\/\/js.hsforms.net\/forms\/embed\/v2.js\"><\/script><script>hbspt.forms.create({\n    portalId: \"23722413\",\n    formId: \"1ad8a01c-bfc7-4e2e-91bc-3ff5f0afd951\",\n    region: \"na1\"\n  });\n<\/script>\t\t\t\t<\/div>\n\t\t\t\t<\/div>\n\t\t\t\t\t<\/div>\n\t\t\t\t<\/div>\n\t\t\t\t<\/div>\n\t\t","protected":false},"excerpt":{"rendered":"<p>T\u00e9l\u00e9charger les capacit\u00e9s Box Build de PICA Manufacturing Solutions PICPICA Manufacturing Solutions Capacit\u00e9s Box Build Les solutions Box Build et cl\u00e9 en main de PICA int\u00e8grent l\u2019\u00e9lectronique, les plastiques, les m\u00e9taux, le c\u00e2blage et les composants m\u00e9caniques en produits enti\u00e8rement assembl\u00e9s, test\u00e9s et conditionn\u00e9s, pr\u00eats \u00e0 \u00eatre exp\u00e9di\u00e9s. Nous prenons en charge l\u2019approvisionnement, l\u2019assemblage de&#8230;&nbsp;<a class=\"moretag\" href=\"https:\/\/picamfg.com\/fr\/telechargement-des-capacites-box-build-et-solutions-cles-en-main-de-pica-manufacturing-solutions\/\">READ MORE<\/a><\/p>\n","protected":false},"author":13,"featured_media":0,"parent":0,"menu_order":4,"comment_status":"closed","ping_status":"closed","template":"","meta":{"_acf_changed":false,"content-type":"","footnotes":""},"tags":[],"class_list":["post-19200","page","type-page","status-publish","hentry"],"acf":[],"yoast_head":"<!-- This site is optimized with the Yoast SEO plugin v27.1.1 - https:\/\/yoast.com\/product\/yoast-seo-wordpress\/ -->\n<title>T\u00e9l\u00e9chargement des capacit\u00e9s Box Build et solutions cl\u00e9s en main de PICA Manufacturing Solutions - PICA Manufacturing Solutions<\/title>\n<meta name=\"description\" content=\"Explore PICA\u2019s Box Build &amp; Turnkey Capabilities\u2014end-to-end assembly, testing, and compliance to speed launch and cut risk.\" \/>\n<meta name=\"robots\" content=\"index, follow, max-snippet:-1, max-image-preview:large, max-video-preview:-1\" \/>\n<link rel=\"canonical\" href=\"https:\/\/picamfg.com\/fr\/telechargement-des-capacites-box-build-et-solutions-cles-en-main-de-pica-manufacturing-solutions\/\" \/>\n<meta property=\"og:locale\" content=\"fr_FR\" \/>\n<meta property=\"og:type\" content=\"article\" \/>\n<meta property=\"og:title\" content=\"T\u00e9l\u00e9chargement des capacit\u00e9s Box Build et solutions cl\u00e9s en main de PICA Manufacturing Solutions - PICA Manufacturing Solutions\" \/>\n<meta property=\"og:description\" content=\"Explore PICA\u2019s Box Build &amp; Turnkey Capabilities\u2014end-to-end assembly, testing, and compliance to speed launch and cut risk.\" \/>\n<meta property=\"og:url\" content=\"https:\/\/picamfg.com\/fr\/telechargement-des-capacites-box-build-et-solutions-cles-en-main-de-pica-manufacturing-solutions\/\" \/>\n<meta property=\"og:site_name\" content=\"PICA Manufacturing Solutions\" \/>\n<meta property=\"article:publisher\" content=\"https:\/\/www.facebook.com\/Picamfg\" \/>\n<meta property=\"article:modified_time\" content=\"2026-01-16T16:56:07+00:00\" \/>\n<meta property=\"og:image\" content=\"https:\/\/picamfg.com\/wp-content\/uploads\/2025\/10\/Box-Build-capabilities-pic.jpg\" \/>\n\t<meta property=\"og:image:width\" content=\"2500\" \/>\n\t<meta property=\"og:image:height\" content=\"1667\" \/>\n\t<meta property=\"og:image:type\" content=\"image\/jpeg\" \/>\n<meta name=\"twitter:card\" content=\"summary_large_image\" \/>\n<meta name=\"twitter:label1\" content=\"Dur\u00e9e de lecture estim\u00e9e\" \/>\n\t<meta name=\"twitter:data1\" content=\"1 minute\" \/>\n<script type=\"application\/ld+json\" class=\"yoast-schema-graph\">{\"@context\":\"https:\/\/schema.org\",\"@graph\":[{\"@type\":\"WebPage\",\"@id\":\"https:\/\/picamfg.com\/fr\/telechargement-des-capacites-box-build-et-solutions-cles-en-main-de-pica-manufacturing-solutions\/\",\"url\":\"https:\/\/picamfg.com\/fr\/telechargement-des-capacites-box-build-et-solutions-cles-en-main-de-pica-manufacturing-solutions\/\",\"name\":\"T\u00e9l\u00e9chargement des capacit\u00e9s Box Build et solutions cl\u00e9s en main de PICA Manufacturing Solutions - PICA Manufacturing Solutions\",\"isPartOf\":{\"@id\":\"https:\/\/picamfg.com\/fr\/#website\"},\"primaryImageOfPage\":{\"@id\":\"https:\/\/picamfg.com\/fr\/telechargement-des-capacites-box-build-et-solutions-cles-en-main-de-pica-manufacturing-solutions\/#primaryimage\"},\"image\":{\"@id\":\"https:\/\/picamfg.com\/fr\/telechargement-des-capacites-box-build-et-solutions-cles-en-main-de-pica-manufacturing-solutions\/#primaryimage\"},\"thumbnailUrl\":\"https:\/\/picamfg.com\/wp-content\/uploads\/2025\/10\/Box-Build-capabilities-pic-1024x683.jpg\",\"datePublished\":\"2025-10-06T19:53:40+00:00\",\"dateModified\":\"2026-01-16T16:56:07+00:00\",\"description\":\"Explore PICA\u2019s Box Build & Turnkey Capabilities\u2014end-to-end assembly, testing, and compliance to speed launch and cut risk.\",\"breadcrumb\":{\"@id\":\"https:\/\/picamfg.com\/fr\/telechargement-des-capacites-box-build-et-solutions-cles-en-main-de-pica-manufacturing-solutions\/#breadcrumb\"},\"inLanguage\":\"fr-FR\",\"potentialAction\":[{\"@type\":\"ReadAction\",\"target\":[\"https:\/\/picamfg.com\/fr\/telechargement-des-capacites-box-build-et-solutions-cles-en-main-de-pica-manufacturing-solutions\/\"]}]},{\"@type\":\"ImageObject\",\"inLanguage\":\"fr-FR\",\"@id\":\"https:\/\/picamfg.com\/fr\/telechargement-des-capacites-box-build-et-solutions-cles-en-main-de-pica-manufacturing-solutions\/#primaryimage\",\"url\":\"https:\/\/picamfg.com\/wp-content\/uploads\/2025\/10\/Box-Build-capabilities-pic-1024x683.jpg\",\"contentUrl\":\"https:\/\/picamfg.com\/wp-content\/uploads\/2025\/10\/Box-Build-capabilities-pic-1024x683.jpg\"},{\"@type\":\"BreadcrumbList\",\"@id\":\"https:\/\/picamfg.com\/fr\/telechargement-des-capacites-box-build-et-solutions-cles-en-main-de-pica-manufacturing-solutions\/#breadcrumb\",\"itemListElement\":[{\"@type\":\"ListItem\",\"position\":1,\"name\":\"Home\",\"item\":\"https:\/\/picamfg.com\/fr\/\"},{\"@type\":\"ListItem\",\"position\":2,\"name\":\"T\u00e9l\u00e9chargement des capacit\u00e9s Box Build et solutions cl\u00e9s en main de PICA Manufacturing Solutions\"}]},{\"@type\":\"WebSite\",\"@id\":\"https:\/\/picamfg.com\/fr\/#website\",\"url\":\"https:\/\/picamfg.com\/fr\/\",\"name\":\"PICA Manufacturing Solutions\",\"description\":\"Pick a Partner - Not Parts\",\"publisher\":{\"@id\":\"https:\/\/picamfg.com\/fr\/#organization\"},\"potentialAction\":[{\"@type\":\"SearchAction\",\"target\":{\"@type\":\"EntryPoint\",\"urlTemplate\":\"https:\/\/picamfg.com\/fr\/?s={search_term_string}\"},\"query-input\":{\"@type\":\"PropertyValueSpecification\",\"valueRequired\":true,\"valueName\":\"search_term_string\"}}],\"inLanguage\":\"fr-FR\"},{\"@type\":\"Organization\",\"@id\":\"https:\/\/picamfg.com\/fr\/#organization\",\"name\":\"PICA Manufacturing Solutions\",\"url\":\"https:\/\/picamfg.com\/fr\/\",\"logo\":{\"@type\":\"ImageObject\",\"inLanguage\":\"fr-FR\",\"@id\":\"https:\/\/picamfg.com\/fr\/#\/schema\/logo\/image\/\",\"url\":\"https:\/\/picamfg.com\/wp-content\/uploads\/2023\/07\/pica-manufacturing-solutions.png\",\"contentUrl\":\"https:\/\/picamfg.com\/wp-content\/uploads\/2023\/07\/pica-manufacturing-solutions.png\",\"width\":381,\"height\":154,\"caption\":\"PICA Manufacturing Solutions\"},\"image\":{\"@id\":\"https:\/\/picamfg.com\/fr\/#\/schema\/logo\/image\/\"},\"sameAs\":[\"https:\/\/www.facebook.com\/Picamfg\",\"https:\/\/www.linkedin.com\/company\/pica-manufacturing-solutions\/\"]}]}<\/script>\n<!-- \/ Yoast SEO plugin. -->","yoast_head_json":{"title":"T\u00e9l\u00e9chargement des capacit\u00e9s Box Build et solutions cl\u00e9s en main de PICA Manufacturing Solutions - PICA Manufacturing Solutions","description":"Explore PICA\u2019s Box Build & Turnkey Capabilities\u2014end-to-end assembly, testing, and compliance to speed launch and cut risk.","robots":{"index":"index","follow":"follow","max-snippet":"max-snippet:-1","max-image-preview":"max-image-preview:large","max-video-preview":"max-video-preview:-1"},"canonical":"https:\/\/picamfg.com\/fr\/telechargement-des-capacites-box-build-et-solutions-cles-en-main-de-pica-manufacturing-solutions\/","og_locale":"fr_FR","og_type":"article","og_title":"T\u00e9l\u00e9chargement des capacit\u00e9s Box Build et solutions cl\u00e9s en main de PICA Manufacturing Solutions - PICA Manufacturing Solutions","og_description":"Explore PICA\u2019s Box Build & Turnkey Capabilities\u2014end-to-end assembly, testing, and compliance to speed launch and cut risk.","og_url":"https:\/\/picamfg.com\/fr\/telechargement-des-capacites-box-build-et-solutions-cles-en-main-de-pica-manufacturing-solutions\/","og_site_name":"PICA Manufacturing Solutions","article_publisher":"https:\/\/www.facebook.com\/Picamfg","article_modified_time":"2026-01-16T16:56:07+00:00","og_image":[{"width":2500,"height":1667,"url":"https:\/\/picamfg.com\/wp-content\/uploads\/2025\/10\/Box-Build-capabilities-pic.jpg","type":"image\/jpeg"}],"twitter_card":"summary_large_image","twitter_misc":{"Dur\u00e9e de lecture estim\u00e9e":"1 minute"},"schema":{"@context":"https:\/\/schema.org","@graph":[{"@type":"WebPage","@id":"https:\/\/picamfg.com\/fr\/telechargement-des-capacites-box-build-et-solutions-cles-en-main-de-pica-manufacturing-solutions\/","url":"https:\/\/picamfg.com\/fr\/telechargement-des-capacites-box-build-et-solutions-cles-en-main-de-pica-manufacturing-solutions\/","name":"T\u00e9l\u00e9chargement des capacit\u00e9s Box Build et solutions cl\u00e9s en main de PICA Manufacturing Solutions - PICA Manufacturing Solutions","isPartOf":{"@id":"https:\/\/picamfg.com\/fr\/#website"},"primaryImageOfPage":{"@id":"https:\/\/picamfg.com\/fr\/telechargement-des-capacites-box-build-et-solutions-cles-en-main-de-pica-manufacturing-solutions\/#primaryimage"},"image":{"@id":"https:\/\/picamfg.com\/fr\/telechargement-des-capacites-box-build-et-solutions-cles-en-main-de-pica-manufacturing-solutions\/#primaryimage"},"thumbnailUrl":"https:\/\/picamfg.com\/wp-content\/uploads\/2025\/10\/Box-Build-capabilities-pic-1024x683.jpg","datePublished":"2025-10-06T19:53:40+00:00","dateModified":"2026-01-16T16:56:07+00:00","description":"Explore PICA\u2019s Box Build & Turnkey Capabilities\u2014end-to-end assembly, testing, and compliance to speed launch and cut risk.","breadcrumb":{"@id":"https:\/\/picamfg.com\/fr\/telechargement-des-capacites-box-build-et-solutions-cles-en-main-de-pica-manufacturing-solutions\/#breadcrumb"},"inLanguage":"fr-FR","potentialAction":[{"@type":"ReadAction","target":["https:\/\/picamfg.com\/fr\/telechargement-des-capacites-box-build-et-solutions-cles-en-main-de-pica-manufacturing-solutions\/"]}]},{"@type":"ImageObject","inLanguage":"fr-FR","@id":"https:\/\/picamfg.com\/fr\/telechargement-des-capacites-box-build-et-solutions-cles-en-main-de-pica-manufacturing-solutions\/#primaryimage","url":"https:\/\/picamfg.com\/wp-content\/uploads\/2025\/10\/Box-Build-capabilities-pic-1024x683.jpg","contentUrl":"https:\/\/picamfg.com\/wp-content\/uploads\/2025\/10\/Box-Build-capabilities-pic-1024x683.jpg"},{"@type":"BreadcrumbList","@id":"https:\/\/picamfg.com\/fr\/telechargement-des-capacites-box-build-et-solutions-cles-en-main-de-pica-manufacturing-solutions\/#breadcrumb","itemListElement":[{"@type":"ListItem","position":1,"name":"Home","item":"https:\/\/picamfg.com\/fr\/"},{"@type":"ListItem","position":2,"name":"T\u00e9l\u00e9chargement des capacit\u00e9s Box Build et solutions cl\u00e9s en main de PICA Manufacturing Solutions"}]},{"@type":"WebSite","@id":"https:\/\/picamfg.com\/fr\/#website","url":"https:\/\/picamfg.com\/fr\/","name":"PICA Manufacturing Solutions","description":"Pick a Partner - Not Parts","publisher":{"@id":"https:\/\/picamfg.com\/fr\/#organization"},"potentialAction":[{"@type":"SearchAction","target":{"@type":"EntryPoint","urlTemplate":"https:\/\/picamfg.com\/fr\/?s={search_term_string}"},"query-input":{"@type":"PropertyValueSpecification","valueRequired":true,"valueName":"search_term_string"}}],"inLanguage":"fr-FR"},{"@type":"Organization","@id":"https:\/\/picamfg.com\/fr\/#organization","name":"PICA Manufacturing Solutions","url":"https:\/\/picamfg.com\/fr\/","logo":{"@type":"ImageObject","inLanguage":"fr-FR","@id":"https:\/\/picamfg.com\/fr\/#\/schema\/logo\/image\/","url":"https:\/\/picamfg.com\/wp-content\/uploads\/2023\/07\/pica-manufacturing-solutions.png","contentUrl":"https:\/\/picamfg.com\/wp-content\/uploads\/2023\/07\/pica-manufacturing-solutions.png","width":381,"height":154,"caption":"PICA Manufacturing Solutions"},"image":{"@id":"https:\/\/picamfg.com\/fr\/#\/schema\/logo\/image\/"},"sameAs":["https:\/\/www.facebook.com\/Picamfg","https:\/\/www.linkedin.com\/company\/pica-manufacturing-solutions\/"]}]}},"_links":{"self":[{"href":"https:\/\/picamfg.com\/fr\/wp-json\/wp\/v2\/pages\/19200","targetHints":{"allow":["GET"]}}],"collection":[{"href":"https:\/\/picamfg.com\/fr\/wp-json\/wp\/v2\/pages"}],"about":[{"href":"https:\/\/picamfg.com\/fr\/wp-json\/wp\/v2\/types\/page"}],"author":[{"embeddable":true,"href":"https:\/\/picamfg.com\/fr\/wp-json\/wp\/v2\/users\/13"}],"replies":[{"embeddable":true,"href":"https:\/\/picamfg.com\/fr\/wp-json\/wp\/v2\/comments?post=19200"}],"version-history":[{"count":2,"href":"https:\/\/picamfg.com\/fr\/wp-json\/wp\/v2\/pages\/19200\/revisions"}],"predecessor-version":[{"id":19203,"href":"https:\/\/picamfg.com\/fr\/wp-json\/wp\/v2\/pages\/19200\/revisions\/19203"}],"wp:attachment":[{"href":"https:\/\/picamfg.com\/fr\/wp-json\/wp\/v2\/media?parent=19200"}],"wp:term":[{"taxonomy":"post_tag","embeddable":true,"href":"https:\/\/picamfg.com\/fr\/wp-json\/wp\/v2\/tags?post=19200"}],"curies":[{"name":"wp","href":"https:\/\/api.w.org\/{rel}","templated":true}]}}