{"id":19196,"date":"2025-04-22T18:14:50","date_gmt":"2025-04-22T18:14:50","guid":{"rendered":"https:\/\/picamfg.com\/telechargement-du-guide-des-capacites-des-cables-flexibles-plats-ffc-de-pica-manufacturing-solutions\/"},"modified":"2026-01-28T16:09:12","modified_gmt":"2026-01-28T16:09:12","slug":"telechargement-du-guide-des-capacites-des-cables-flexibles-plats-ffc-de-pica-manufacturing-solutions","status":"publish","type":"page","link":"https:\/\/picamfg.com\/fr\/telechargement-du-guide-des-capacites-des-cables-flexibles-plats-ffc-de-pica-manufacturing-solutions\/","title":{"rendered":"T\u00e9l\u00e9chargement du guide des specifications des c\u00e2bles flexibles plats (FFC) de PICA Manufacturing Solutions"},"content":{"rendered":"\t\t<div data-elementor-type=\"wp-page\" data-elementor-id=\"19196\" class=\"elementor elementor-19196 elementor-14364\" data-elementor-post-type=\"page\">\n\t\t\t\t<div class=\"elementor-element elementor-element-ee4bdfc e-flex e-con-boxed e-con e-parent\" data-id=\"ee4bdfc\" data-element_type=\"container\">\r\n\t\t\t\t\t<div class=\"e-con-inner\">\r\n\t\t\t\t<div class=\"elementor-element elementor-element-9b29f36 elementor-widget elementor-widget-text-editor\" data-id=\"9b29f36\" data-element_type=\"widget\" data-widget_type=\"text-editor.default\">\n\t\t\t\t<div class=\"elementor-widget-container\">\n\t\t\t\t\t\t\t\t\t<p><strong>T\u00e9l\u00e9charger le guide des specifications des c\u00e2bles flexibles plats (FFC) de PICA Manufacturing Solutions<\/strong><\/p>\t\t\t\t\t\t\t\t<\/div>\n\t\t\t\t<\/div>\n\t\t\t\t\t<\/div>\n\t\t\t\t<\/div>\n\t\t<div class=\"elementor-element elementor-element-09b38b0 e-flex e-con-boxed e-con e-parent\" data-id=\"09b38b0\" data-element_type=\"container\">\r\n\t\t\t\t\t<div class=\"e-con-inner\">\r\n\t\t<div class=\"elementor-element elementor-element-150fb8c e-flex e-con-boxed e-con e-child\" data-id=\"150fb8c\" data-element_type=\"container\">\r\n\t\t\t\t\t<div class=\"e-con-inner\">\r\n\t\t\t\t<div class=\"elementor-element elementor-element-7c03ba0 elementor-widget elementor-widget-heading\" data-id=\"7c03ba0\" data-element_type=\"widget\" data-widget_type=\"heading.default\">\n\t\t\t\t<div class=\"elementor-widget-container\">\n\t\t\t\t\t<h2 class=\"elementor-heading-title elementor-size-default\">Specifications des c\u00e2bles flexibles plats (FFC)<\/h2>\t\t\t\t<\/div>\n\t\t\t\t<\/div>\n\t\t\t\t<div class=\"elementor-element elementor-element-45355e4 elementor-widget elementor-widget-text-editor\" data-id=\"45355e4\" data-element_type=\"widget\" data-widget_type=\"text-editor.default\">\n\t\t\t\t<div class=\"elementor-widget-container\">\n\t\t\t\t\t\t\t\t\t<p class=\"\" data-start=\"160\" data-end=\"760\">PICA Manufacturing Solutions propose des solutions de c\u00e2bles flexibles plats (FFC) personnalis\u00e9es, con\u00e7ues pour offrir performances, fiabilit\u00e9 et flexibilit\u00e9 de conception. Id\u00e9als pour les applications \u00e9lectroniques \u00e0 espace restreint, nos FFC constituent une alternative l\u00e9g\u00e8re et \u00e0 profil bas aux m\u00e9thodes de c\u00e2blage traditionnelles.<br>Nous prenons en charge une large gamme de pas, de nombres de conducteurs et de types d\u2019isolation, afin de r\u00e9pondre pr\u00e9cis\u00e9ment aux exigences de votre application, qu\u2019il s\u2019agisse d\u2019\u00e9lectronique grand public, d\u2019automobile, de dispositifs m\u00e9dicaux ou de syst\u00e8mes industriels. Notre \u00e9quipe de conception collabore \u00e9troitement avec vous pour garantir un ajustement optimal, une int\u00e9grit\u00e9 du signal ma\u00eetris\u00e9e et des performances m\u00e9caniques fiables.<br>Gr\u00e2ce \u00e0 une pr\u00e9sence industrielle mondiale et \u00e0 une expertise approfondie des mat\u00e9riaux flexibles et des proc\u00e9d\u00e9s d\u2019assemblage, PICA fournit des solutions FFC \u00e0 la fois rentables et adapt\u00e9es \u00e0 l\u2019ensemble du cycle de vie produit. Du prototypage initial \u00e0 la production en grande s\u00e9rie, nous proposons un accompagnement complet incluant l\u2019int\u00e9gration de connecteurs, des options de blindage EMI et des outillages de pr\u00e9cision.<br>Que vos applications n\u00e9cessitent un routage complexe, une durabilit\u00e9 \u00e9lev\u00e9e en cycles de flexion ou une r\u00e9sistance aux temp\u00e9ratures, PICA est votre partenaire de confiance pour des solutions d\u2019interconnexion flexible performantes.      <\/p>\t\t\t\t\t\t\t\t<\/div>\n\t\t\t\t<\/div>\n\t\t\t\t\t<\/div>\n\t\t\t\t<\/div>\n\t\t<div class=\"elementor-element elementor-element-c4274bb e-flex e-con-boxed e-con e-child\" data-id=\"c4274bb\" data-element_type=\"container\">\r\n\t\t\t\t\t<div class=\"e-con-inner\">\r\n\t\t\t\t<div class=\"elementor-element elementor-element-05ccef8 elementor-widget elementor-widget-image\" data-id=\"05ccef8\" data-element_type=\"widget\" data-widget_type=\"image.default\">\n\t\t\t\t<div class=\"elementor-widget-container\">\n\t\t\t\t\t\t\t\t\t\t\t\t\t\t\t<img fetchpriority=\"high\" decoding=\"async\" width=\"1024\" height=\"683\" src=\"https:\/\/picamfg.com\/wp-content\/uploads\/2026\/01\/ffc-french-pic-1024x683.jpg\" class=\"attachment-large size-large wp-image-19576\" alt=\"\" srcset=\"https:\/\/picamfg.com\/wp-content\/uploads\/2026\/01\/ffc-french-pic-1024x683.jpg 1024w, https:\/\/picamfg.com\/wp-content\/uploads\/2026\/01\/ffc-french-pic-768x512.jpg 768w, https:\/\/picamfg.com\/wp-content\/uploads\/2026\/01\/ffc-french-pic-640x427.jpg 640w, https:\/\/picamfg.com\/wp-content\/uploads\/2026\/01\/ffc-french-pic-400x267.jpg 400w, https:\/\/picamfg.com\/wp-content\/uploads\/2026\/01\/ffc-french-pic-367x245.jpg 367w\" sizes=\"(max-width: 1024px) 100vw, 1024px\" \/>\t\t\t\t\t\t\t\t\t\t\t\t\t\t\t<\/div>\n\t\t\t\t<\/div>\n\t\t\t\t\t<\/div>\n\t\t\t\t<\/div>\n\t\t\t\t\t<\/div>\n\t\t\t\t<\/div>\n\t\t<div class=\"elementor-element elementor-element-892fe8c e-flex e-con-boxed e-con e-parent\" data-id=\"892fe8c\" data-element_type=\"container\">\r\n\t\t\t\t\t<div class=\"e-con-inner\">\r\n\t\t\t\t<div class=\"elementor-element elementor-element-7f5d7c0 elementor-widget elementor-widget-text-editor\" data-id=\"7f5d7c0\" data-element_type=\"widget\" data-widget_type=\"text-editor.default\">\n\t\t\t\t<div class=\"elementor-widget-container\">\n\t\t\t\t\t\t\t\t\t<h4>Remplissez le formulaire ci-dessous pour demander le PDF complet du guide des specifications des c\u00e2bles flexibles plats (FFC) de PICA Manufacturing Solutions<\/h4>\t\t\t\t\t\t\t\t<\/div>\n\t\t\t\t<\/div>\n\t\t\t\t\t<\/div>\n\t\t\t\t<\/div>\n\t\t<div class=\"elementor-element elementor-element-c130702 e-flex e-con-boxed e-con e-parent\" data-id=\"c130702\" data-element_type=\"container\">\r\n\t\t\t\t\t<div class=\"e-con-inner\">\r\n\t\t\t\t<div class=\"elementor-element elementor-element-f5bdc35 elementor-widget elementor-widget-html\" data-id=\"f5bdc35\" data-element_type=\"widget\" data-widget_type=\"html.default\">\n\t\t\t\t<div class=\"elementor-widget-container\">\n\t\t\t\t\t<script charset=\"utf-8\" type=\"text\/javascript\" src=\"\/\/js.hsforms.net\/forms\/embed\/v2.js\"><\/script>\n<script>\n  hbspt.forms.create({\n    portalId: \"23722413\",\n    formId: \"24b76fa4-bbd6-4fe1-9e70-873deb206b5a\",\n    region: \"na1\"\n  });\n<\/script>\t\t\t\t<\/div>\n\t\t\t\t<\/div>\n\t\t\t\t\t<\/div>\n\t\t\t\t<\/div>\n\t\t\t\t<\/div>\n\t\t","protected":false},"excerpt":{"rendered":"<p>T\u00e9l\u00e9charger le guide des specifications des c\u00e2bles flexibles plats (FFC) de PICA Manufacturing Solutions Specifications des c\u00e2bles flexibles plats (FFC) PICA Manufacturing Solutions propose des solutions de c\u00e2bles flexibles plats (FFC) personnalis\u00e9es, con\u00e7ues pour offrir performances, fiabilit\u00e9 et flexibilit\u00e9 de conception. Id\u00e9als pour les applications \u00e9lectroniques \u00e0 espace restreint, nos FFC constituent une alternative l\u00e9g\u00e8re&#8230;&nbsp;<a class=\"moretag\" href=\"https:\/\/picamfg.com\/fr\/telechargement-du-guide-des-capacites-des-cables-flexibles-plats-ffc-de-pica-manufacturing-solutions\/\">READ MORE<\/a><\/p>\n","protected":false},"author":13,"featured_media":0,"parent":0,"menu_order":13,"comment_status":"closed","ping_status":"closed","template":"","meta":{"_acf_changed":false,"content-type":"","footnotes":""},"tags":[],"class_list":["post-19196","page","type-page","status-publish","hentry"],"acf":[],"yoast_head":"<!-- This site is optimized with the Yoast SEO plugin v27.1.1 - https:\/\/yoast.com\/product\/yoast-seo-wordpress\/ -->\n<title>Flat Flex Cable Manufacturing Capabilities | PICA Solutions<\/title>\n<meta name=\"description\" content=\"See PICA\u2019s flat flex cable manufacturing capabilities. Learn how we build durable, space-saving FFCs for demanding electronic applications.\" \/>\n<meta name=\"robots\" content=\"index, follow, max-snippet:-1, max-image-preview:large, max-video-preview:-1\" \/>\n<link rel=\"canonical\" href=\"https:\/\/picamfg.com\/fr\/telechargement-du-guide-des-capacites-des-cables-flexibles-plats-ffc-de-pica-manufacturing-solutions\/\" \/>\n<meta property=\"og:locale\" content=\"fr_FR\" \/>\n<meta property=\"og:type\" content=\"article\" \/>\n<meta property=\"og:title\" content=\"Flat Flex Cable Manufacturing Capabilities | PICA Solutions\" \/>\n<meta property=\"og:description\" content=\"See PICA\u2019s flat flex cable manufacturing capabilities. Learn how we build durable, space-saving FFCs for demanding electronic applications.\" \/>\n<meta property=\"og:url\" content=\"https:\/\/picamfg.com\/fr\/telechargement-du-guide-des-capacites-des-cables-flexibles-plats-ffc-de-pica-manufacturing-solutions\/\" \/>\n<meta property=\"og:site_name\" content=\"PICA Manufacturing Solutions\" \/>\n<meta property=\"article:publisher\" content=\"https:\/\/www.facebook.com\/Picamfg\" \/>\n<meta property=\"article:modified_time\" content=\"2026-01-28T16:09:12+00:00\" \/>\n<meta property=\"og:image\" content=\"https:\/\/picamfg.com\/wp-content\/uploads\/2026\/01\/ffc-french-pic.jpg\" \/>\n\t<meta property=\"og:image:width\" content=\"2500\" \/>\n\t<meta property=\"og:image:height\" content=\"1667\" \/>\n\t<meta property=\"og:image:type\" content=\"image\/jpeg\" \/>\n<meta name=\"twitter:card\" content=\"summary_large_image\" \/>\n<meta name=\"twitter:label1\" content=\"Dur\u00e9e de lecture estim\u00e9e\" \/>\n\t<meta name=\"twitter:data1\" content=\"2 minutes\" \/>\n<script type=\"application\/ld+json\" class=\"yoast-schema-graph\">{\"@context\":\"https:\/\/schema.org\",\"@graph\":[{\"@type\":\"WebPage\",\"@id\":\"https:\/\/picamfg.com\/fr\/telechargement-du-guide-des-capacites-des-cables-flexibles-plats-ffc-de-pica-manufacturing-solutions\/\",\"url\":\"https:\/\/picamfg.com\/fr\/telechargement-du-guide-des-capacites-des-cables-flexibles-plats-ffc-de-pica-manufacturing-solutions\/\",\"name\":\"Flat Flex Cable Manufacturing Capabilities | PICA Solutions\",\"isPartOf\":{\"@id\":\"https:\/\/picamfg.com\/fr\/#website\"},\"primaryImageOfPage\":{\"@id\":\"https:\/\/picamfg.com\/fr\/telechargement-du-guide-des-capacites-des-cables-flexibles-plats-ffc-de-pica-manufacturing-solutions\/#primaryimage\"},\"image\":{\"@id\":\"https:\/\/picamfg.com\/fr\/telechargement-du-guide-des-capacites-des-cables-flexibles-plats-ffc-de-pica-manufacturing-solutions\/#primaryimage\"},\"thumbnailUrl\":\"https:\/\/picamfg.com\/wp-content\/uploads\/2026\/01\/ffc-french-pic-1024x683.jpg\",\"datePublished\":\"2025-04-22T18:14:50+00:00\",\"dateModified\":\"2026-01-28T16:09:12+00:00\",\"description\":\"See PICA\u2019s flat flex cable manufacturing capabilities. Learn how we build durable, space-saving FFCs for demanding electronic applications.\",\"breadcrumb\":{\"@id\":\"https:\/\/picamfg.com\/fr\/telechargement-du-guide-des-capacites-des-cables-flexibles-plats-ffc-de-pica-manufacturing-solutions\/#breadcrumb\"},\"inLanguage\":\"fr-FR\",\"potentialAction\":[{\"@type\":\"ReadAction\",\"target\":[\"https:\/\/picamfg.com\/fr\/telechargement-du-guide-des-capacites-des-cables-flexibles-plats-ffc-de-pica-manufacturing-solutions\/\"]}]},{\"@type\":\"ImageObject\",\"inLanguage\":\"fr-FR\",\"@id\":\"https:\/\/picamfg.com\/fr\/telechargement-du-guide-des-capacites-des-cables-flexibles-plats-ffc-de-pica-manufacturing-solutions\/#primaryimage\",\"url\":\"https:\/\/picamfg.com\/wp-content\/uploads\/2026\/01\/ffc-french-pic-1024x683.jpg\",\"contentUrl\":\"https:\/\/picamfg.com\/wp-content\/uploads\/2026\/01\/ffc-french-pic-1024x683.jpg\"},{\"@type\":\"BreadcrumbList\",\"@id\":\"https:\/\/picamfg.com\/fr\/telechargement-du-guide-des-capacites-des-cables-flexibles-plats-ffc-de-pica-manufacturing-solutions\/#breadcrumb\",\"itemListElement\":[{\"@type\":\"ListItem\",\"position\":1,\"name\":\"Home\",\"item\":\"https:\/\/picamfg.com\/fr\/\"},{\"@type\":\"ListItem\",\"position\":2,\"name\":\"T\u00e9l\u00e9chargement du guide des specifications des c\u00e2bles flexibles plats (FFC) de PICA Manufacturing Solutions\"}]},{\"@type\":\"WebSite\",\"@id\":\"https:\/\/picamfg.com\/fr\/#website\",\"url\":\"https:\/\/picamfg.com\/fr\/\",\"name\":\"PICA Manufacturing Solutions\",\"description\":\"Pick a Partner - Not Parts\",\"publisher\":{\"@id\":\"https:\/\/picamfg.com\/fr\/#organization\"},\"potentialAction\":[{\"@type\":\"SearchAction\",\"target\":{\"@type\":\"EntryPoint\",\"urlTemplate\":\"https:\/\/picamfg.com\/fr\/?s={search_term_string}\"},\"query-input\":{\"@type\":\"PropertyValueSpecification\",\"valueRequired\":true,\"valueName\":\"search_term_string\"}}],\"inLanguage\":\"fr-FR\"},{\"@type\":\"Organization\",\"@id\":\"https:\/\/picamfg.com\/fr\/#organization\",\"name\":\"PICA Manufacturing Solutions\",\"url\":\"https:\/\/picamfg.com\/fr\/\",\"logo\":{\"@type\":\"ImageObject\",\"inLanguage\":\"fr-FR\",\"@id\":\"https:\/\/picamfg.com\/fr\/#\/schema\/logo\/image\/\",\"url\":\"https:\/\/picamfg.com\/wp-content\/uploads\/2023\/07\/pica-manufacturing-solutions.png\",\"contentUrl\":\"https:\/\/picamfg.com\/wp-content\/uploads\/2023\/07\/pica-manufacturing-solutions.png\",\"width\":381,\"height\":154,\"caption\":\"PICA Manufacturing Solutions\"},\"image\":{\"@id\":\"https:\/\/picamfg.com\/fr\/#\/schema\/logo\/image\/\"},\"sameAs\":[\"https:\/\/www.facebook.com\/Picamfg\",\"https:\/\/www.linkedin.com\/company\/pica-manufacturing-solutions\/\"]}]}<\/script>\n<!-- \/ Yoast SEO plugin. -->","yoast_head_json":{"title":"Flat Flex Cable Manufacturing Capabilities | PICA Solutions","description":"See PICA\u2019s flat flex cable manufacturing capabilities. Learn how we build durable, space-saving FFCs for demanding electronic applications.","robots":{"index":"index","follow":"follow","max-snippet":"max-snippet:-1","max-image-preview":"max-image-preview:large","max-video-preview":"max-video-preview:-1"},"canonical":"https:\/\/picamfg.com\/fr\/telechargement-du-guide-des-capacites-des-cables-flexibles-plats-ffc-de-pica-manufacturing-solutions\/","og_locale":"fr_FR","og_type":"article","og_title":"Flat Flex Cable Manufacturing Capabilities | PICA Solutions","og_description":"See PICA\u2019s flat flex cable manufacturing capabilities. Learn how we build durable, space-saving FFCs for demanding electronic applications.","og_url":"https:\/\/picamfg.com\/fr\/telechargement-du-guide-des-capacites-des-cables-flexibles-plats-ffc-de-pica-manufacturing-solutions\/","og_site_name":"PICA Manufacturing Solutions","article_publisher":"https:\/\/www.facebook.com\/Picamfg","article_modified_time":"2026-01-28T16:09:12+00:00","og_image":[{"width":2500,"height":1667,"url":"https:\/\/picamfg.com\/wp-content\/uploads\/2026\/01\/ffc-french-pic.jpg","type":"image\/jpeg"}],"twitter_card":"summary_large_image","twitter_misc":{"Dur\u00e9e de lecture estim\u00e9e":"2 minutes"},"schema":{"@context":"https:\/\/schema.org","@graph":[{"@type":"WebPage","@id":"https:\/\/picamfg.com\/fr\/telechargement-du-guide-des-capacites-des-cables-flexibles-plats-ffc-de-pica-manufacturing-solutions\/","url":"https:\/\/picamfg.com\/fr\/telechargement-du-guide-des-capacites-des-cables-flexibles-plats-ffc-de-pica-manufacturing-solutions\/","name":"Flat Flex Cable Manufacturing Capabilities | PICA Solutions","isPartOf":{"@id":"https:\/\/picamfg.com\/fr\/#website"},"primaryImageOfPage":{"@id":"https:\/\/picamfg.com\/fr\/telechargement-du-guide-des-capacites-des-cables-flexibles-plats-ffc-de-pica-manufacturing-solutions\/#primaryimage"},"image":{"@id":"https:\/\/picamfg.com\/fr\/telechargement-du-guide-des-capacites-des-cables-flexibles-plats-ffc-de-pica-manufacturing-solutions\/#primaryimage"},"thumbnailUrl":"https:\/\/picamfg.com\/wp-content\/uploads\/2026\/01\/ffc-french-pic-1024x683.jpg","datePublished":"2025-04-22T18:14:50+00:00","dateModified":"2026-01-28T16:09:12+00:00","description":"See PICA\u2019s flat flex cable manufacturing capabilities. Learn how we build durable, space-saving FFCs for demanding electronic applications.","breadcrumb":{"@id":"https:\/\/picamfg.com\/fr\/telechargement-du-guide-des-capacites-des-cables-flexibles-plats-ffc-de-pica-manufacturing-solutions\/#breadcrumb"},"inLanguage":"fr-FR","potentialAction":[{"@type":"ReadAction","target":["https:\/\/picamfg.com\/fr\/telechargement-du-guide-des-capacites-des-cables-flexibles-plats-ffc-de-pica-manufacturing-solutions\/"]}]},{"@type":"ImageObject","inLanguage":"fr-FR","@id":"https:\/\/picamfg.com\/fr\/telechargement-du-guide-des-capacites-des-cables-flexibles-plats-ffc-de-pica-manufacturing-solutions\/#primaryimage","url":"https:\/\/picamfg.com\/wp-content\/uploads\/2026\/01\/ffc-french-pic-1024x683.jpg","contentUrl":"https:\/\/picamfg.com\/wp-content\/uploads\/2026\/01\/ffc-french-pic-1024x683.jpg"},{"@type":"BreadcrumbList","@id":"https:\/\/picamfg.com\/fr\/telechargement-du-guide-des-capacites-des-cables-flexibles-plats-ffc-de-pica-manufacturing-solutions\/#breadcrumb","itemListElement":[{"@type":"ListItem","position":1,"name":"Home","item":"https:\/\/picamfg.com\/fr\/"},{"@type":"ListItem","position":2,"name":"T\u00e9l\u00e9chargement du guide des specifications des c\u00e2bles flexibles plats (FFC) de PICA Manufacturing Solutions"}]},{"@type":"WebSite","@id":"https:\/\/picamfg.com\/fr\/#website","url":"https:\/\/picamfg.com\/fr\/","name":"PICA Manufacturing Solutions","description":"Pick a Partner - Not Parts","publisher":{"@id":"https:\/\/picamfg.com\/fr\/#organization"},"potentialAction":[{"@type":"SearchAction","target":{"@type":"EntryPoint","urlTemplate":"https:\/\/picamfg.com\/fr\/?s={search_term_string}"},"query-input":{"@type":"PropertyValueSpecification","valueRequired":true,"valueName":"search_term_string"}}],"inLanguage":"fr-FR"},{"@type":"Organization","@id":"https:\/\/picamfg.com\/fr\/#organization","name":"PICA Manufacturing Solutions","url":"https:\/\/picamfg.com\/fr\/","logo":{"@type":"ImageObject","inLanguage":"fr-FR","@id":"https:\/\/picamfg.com\/fr\/#\/schema\/logo\/image\/","url":"https:\/\/picamfg.com\/wp-content\/uploads\/2023\/07\/pica-manufacturing-solutions.png","contentUrl":"https:\/\/picamfg.com\/wp-content\/uploads\/2023\/07\/pica-manufacturing-solutions.png","width":381,"height":154,"caption":"PICA Manufacturing Solutions"},"image":{"@id":"https:\/\/picamfg.com\/fr\/#\/schema\/logo\/image\/"},"sameAs":["https:\/\/www.facebook.com\/Picamfg","https:\/\/www.linkedin.com\/company\/pica-manufacturing-solutions\/"]}]}},"_links":{"self":[{"href":"https:\/\/picamfg.com\/fr\/wp-json\/wp\/v2\/pages\/19196","targetHints":{"allow":["GET"]}}],"collection":[{"href":"https:\/\/picamfg.com\/fr\/wp-json\/wp\/v2\/pages"}],"about":[{"href":"https:\/\/picamfg.com\/fr\/wp-json\/wp\/v2\/types\/page"}],"author":[{"embeddable":true,"href":"https:\/\/picamfg.com\/fr\/wp-json\/wp\/v2\/users\/13"}],"replies":[{"embeddable":true,"href":"https:\/\/picamfg.com\/fr\/wp-json\/wp\/v2\/comments?post=19196"}],"version-history":[{"count":9,"href":"https:\/\/picamfg.com\/fr\/wp-json\/wp\/v2\/pages\/19196\/revisions"}],"predecessor-version":[{"id":19580,"href":"https:\/\/picamfg.com\/fr\/wp-json\/wp\/v2\/pages\/19196\/revisions\/19580"}],"wp:attachment":[{"href":"https:\/\/picamfg.com\/fr\/wp-json\/wp\/v2\/media?parent=19196"}],"wp:term":[{"taxonomy":"post_tag","embeddable":true,"href":"https:\/\/picamfg.com\/fr\/wp-json\/wp\/v2\/tags?post=19196"}],"curies":[{"name":"wp","href":"https:\/\/api.w.org\/{rel}","templated":true}]}}