{"id":19191,"date":"2024-11-21T15:11:00","date_gmt":"2024-11-21T15:11:00","guid":{"rendered":"https:\/\/picamfg.com\/telechargement-du-guide-des-capacites-de-conception-et-dingenierie-de-pica-manufacturing-solutions\/"},"modified":"2026-01-28T16:15:57","modified_gmt":"2026-01-28T16:15:57","slug":"telechargement-du-guide-des-capacites-de-conception-et-dingenierie-de-pica-manufacturing-solutions","status":"publish","type":"page","link":"https:\/\/picamfg.com\/fr\/telechargement-du-guide-des-capacites-de-conception-et-dingenierie-de-pica-manufacturing-solutions\/","title":{"rendered":"T\u00e9l\u00e9chargement du guide des specifications de conception et d\u2019ing\u00e9nierie de PICA Manufacturing Solutions"},"content":{"rendered":"\t\t<div data-elementor-type=\"wp-page\" data-elementor-id=\"19191\" class=\"elementor elementor-19191 elementor-13393\" data-elementor-post-type=\"page\">\n\t\t\t\t<div class=\"elementor-element elementor-element-ee4bdfc e-flex e-con-boxed e-con e-parent\" data-id=\"ee4bdfc\" data-element_type=\"container\">\r\n\t\t\t\t\t<div class=\"e-con-inner\">\r\n\t\t\t\t<div class=\"elementor-element elementor-element-9b29f36 elementor-widget elementor-widget-text-editor\" data-id=\"9b29f36\" data-element_type=\"widget\" data-widget_type=\"text-editor.default\">\n\t\t\t\t<div class=\"elementor-widget-container\">\n\t\t\t\t\t\t\t\t\t<p><strong>T\u00e9l\u00e9charger le guide des specifications de conception et d\u2019ing\u00e9nierie de PICA Manufacturing Solutions<\/strong><\/p>\t\t\t\t\t\t\t\t<\/div>\n\t\t\t\t<\/div>\n\t\t\t\t\t<\/div>\n\t\t\t\t<\/div>\n\t\t<div class=\"elementor-element elementor-element-6a3e797 e-flex e-con-boxed e-con e-parent\" data-id=\"6a3e797\" data-element_type=\"container\">\r\n\t\t\t\t\t<div class=\"e-con-inner\">\r\n\t\t<div class=\"elementor-element elementor-element-e1d449d e-flex e-con-boxed e-con e-child\" data-id=\"e1d449d\" data-element_type=\"container\">\r\n\t\t\t\t\t<div class=\"e-con-inner\">\r\n\t\t\t\t<div class=\"elementor-element elementor-element-852d8b9 elementor-widget elementor-widget-heading\" data-id=\"852d8b9\" data-element_type=\"widget\" data-widget_type=\"heading.default\">\n\t\t\t\t<div class=\"elementor-widget-container\">\n\t\t\t\t\t<h2 class=\"elementor-heading-title elementor-size-default\">Specifications de conception et d\u2019ing\u00e9nierie<\/h2>\t\t\t\t<\/div>\n\t\t\t\t<\/div>\n\t\t\t\t<div class=\"elementor-element elementor-element-ce32b76 elementor-widget elementor-widget-text-editor\" data-id=\"ce32b76\" data-element_type=\"widget\" data-widget_type=\"text-editor.default\">\n\t\t\t\t<div class=\"elementor-widget-container\">\n\t\t\t\t\t\t\t\t\t<p>Chez PICA Manufacturing Solutions, nos capacit\u00e9s de conception et d\u2019ing\u00e9nierie constituent le socle de solutions PCB innovantes et \u00e0 hautes performances. De l\u2019\u00e9lectronique grand public aux dispositifs m\u00e9dicaux, en passant par les syst\u00e8mes industriels et les technologies portables, notre expertise couvre un large \u00e9ventail d\u2019applications. Nous proposons un support en ing\u00e9nierie d\u2019application et en conception 24h\/24 et 7j\/7, garantissant des solutions sur mesure et une fabricabilit\u00e9 int\u00e9gr\u00e9e \u00e0 chaque conception.<br>Notre \u00e9quipe est sp\u00e9cialis\u00e9e dans la mod\u00e9lisation du contr\u00f4le d\u2019imp\u00e9dance, la conception de signaux haute fr\u00e9quence, les architectures R-Flex et HDI, le blindage EMI et la gestion thermique. Gr\u00e2ce \u00e0 des outils de conception avanc\u00e9s tels que Altium Designer, AutoCAD et CAM350, nous transformons des concepts complexes en conceptions de circuits imprim\u00e9s fiables, efficaces et pr\u00eates pour la fabrication et l\u2019assemblage.<br>Avec PICA, vous b\u00e9n\u00e9ficiez d\u2019un partenaire de confiance, engag\u00e9 \u00e0 l\u2019excellence \u00e0 chaque \u00e9tape, de la conception \u00e0 la fabrication et \u00e0 l\u2019assemblage.     <\/p>\t\t\t\t\t\t\t\t<\/div>\n\t\t\t\t<\/div>\n\t\t\t\t\t<\/div>\n\t\t\t\t<\/div>\n\t\t<div class=\"elementor-element elementor-element-e3d2ccd e-flex e-con-boxed e-con e-child\" data-id=\"e3d2ccd\" data-element_type=\"container\">\r\n\t\t\t\t\t<div class=\"e-con-inner\">\r\n\t\t\t\t<div class=\"elementor-element elementor-element-b3f5986 elementor-widget elementor-widget-image\" data-id=\"b3f5986\" data-element_type=\"widget\" data-widget_type=\"image.default\">\n\t\t\t\t<div class=\"elementor-widget-container\">\n\t\t\t\t\t\t\t\t\t\t\t\t\t\t\t<img fetchpriority=\"high\" decoding=\"async\" width=\"1024\" height=\"683\" src=\"https:\/\/picamfg.com\/wp-content\/uploads\/2026\/01\/Design-Engineering-French-1024x683.jpg\" class=\"attachment-large size-large wp-image-19588\" alt=\"\" srcset=\"https:\/\/picamfg.com\/wp-content\/uploads\/2026\/01\/Design-Engineering-French-1024x683.jpg 1024w, https:\/\/picamfg.com\/wp-content\/uploads\/2026\/01\/Design-Engineering-French-768x512.jpg 768w, https:\/\/picamfg.com\/wp-content\/uploads\/2026\/01\/Design-Engineering-French-640x427.jpg 640w, https:\/\/picamfg.com\/wp-content\/uploads\/2026\/01\/Design-Engineering-French-400x267.jpg 400w, https:\/\/picamfg.com\/wp-content\/uploads\/2026\/01\/Design-Engineering-French-367x245.jpg 367w\" sizes=\"(max-width: 1024px) 100vw, 1024px\" \/>\t\t\t\t\t\t\t\t\t\t\t\t\t\t\t<\/div>\n\t\t\t\t<\/div>\n\t\t\t\t\t<\/div>\n\t\t\t\t<\/div>\n\t\t\t\t\t<\/div>\n\t\t\t\t<\/div>\n\t\t<div class=\"elementor-element elementor-element-2683dfe e-flex e-con-boxed e-con e-parent\" data-id=\"2683dfe\" data-element_type=\"container\">\r\n\t\t\t\t\t<div class=\"e-con-inner\">\r\n\t\t\t\t<div class=\"elementor-element elementor-element-621ddbe elementor-widget elementor-widget-text-editor\" data-id=\"621ddbe\" data-element_type=\"widget\" data-widget_type=\"text-editor.default\">\n\t\t\t\t<div class=\"elementor-widget-container\">\n\t\t\t\t\t\t\t\t\t<h4>Remplissez le formulaire ci-dessous pour demander le PDF complet du guide des specifications de conception et d\u2019ing\u00e9nierie de PICA Manufacturing Solutions<\/h4>\t\t\t\t\t\t\t\t<\/div>\n\t\t\t\t<\/div>\n\t\t\t\t\t<\/div>\n\t\t\t\t<\/div>\n\t\t<div class=\"elementor-element elementor-element-023d15a e-flex e-con-boxed e-con e-parent\" data-id=\"023d15a\" data-element_type=\"container\">\r\n\t\t\t\t\t<div class=\"e-con-inner\">\r\n\t\t\t\t<div class=\"elementor-element elementor-element-1d9e0db elementor-widget elementor-widget-html\" data-id=\"1d9e0db\" data-element_type=\"widget\" data-widget_type=\"html.default\">\n\t\t\t\t<div class=\"elementor-widget-container\">\n\t\t\t\t\t<script charset=\"utf-8\" type=\"text\/javascript\" src=\"\/\/js.hsforms.net\/forms\/embed\/v2.js\"><\/script>\n<script>\n  hbspt.forms.create({\n    portalId: \"23722413\",\n    formId: \"26ad4e77-f7df-47af-b5ff-7acd35e4f481\",\n    region: \"na1\"\n  });\n<\/script>\t\t\t\t<\/div>\n\t\t\t\t<\/div>\n\t\t\t\t\t<\/div>\n\t\t\t\t<\/div>\n\t\t\t\t<\/div>\n\t\t","protected":false},"excerpt":{"rendered":"<p>T\u00e9l\u00e9charger le guide des specifications de conception et d\u2019ing\u00e9nierie de PICA Manufacturing Solutions Specifications de conception et d\u2019ing\u00e9nierie Chez PICA Manufacturing Solutions, nos capacit\u00e9s de conception et d\u2019ing\u00e9nierie constituent le socle de solutions PCB innovantes et \u00e0 hautes performances. De l\u2019\u00e9lectronique grand public aux dispositifs m\u00e9dicaux, en passant par les syst\u00e8mes industriels et les technologies&#8230;&nbsp;<a class=\"moretag\" href=\"https:\/\/picamfg.com\/fr\/telechargement-du-guide-des-capacites-de-conception-et-dingenierie-de-pica-manufacturing-solutions\/\">READ MORE<\/a><\/p>\n","protected":false},"author":13,"featured_media":0,"parent":0,"menu_order":30,"comment_status":"closed","ping_status":"closed","template":"","meta":{"_acf_changed":false,"content-type":"","footnotes":""},"tags":[],"class_list":["post-19191","page","type-page","status-publish","hentry"],"acf":[],"yoast_head":"<!-- This site is optimized with the Yoast SEO plugin v27.1.1 - https:\/\/yoast.com\/product\/yoast-seo-wordpress\/ -->\n<title>Download PCB Design &amp; Engineering Capabilities | PICA<\/title>\n<meta name=\"description\" content=\"Access PICA&#039;s comprehensive guide on PCB design and engineering capabilities, including advanced tools and techniques. Download now!\" \/>\n<meta name=\"robots\" content=\"index, follow, max-snippet:-1, max-image-preview:large, max-video-preview:-1\" \/>\n<link rel=\"canonical\" href=\"https:\/\/picamfg.com\/fr\/telechargement-du-guide-des-capacites-de-conception-et-dingenierie-de-pica-manufacturing-solutions\/\" \/>\n<meta property=\"og:locale\" content=\"fr_FR\" \/>\n<meta property=\"og:type\" content=\"article\" \/>\n<meta property=\"og:title\" content=\"Download PCB Design &amp; Engineering Capabilities | PICA\" \/>\n<meta property=\"og:description\" content=\"Access PICA&#039;s comprehensive guide on PCB design and engineering capabilities, including advanced tools and techniques. Download now!\" \/>\n<meta property=\"og:url\" content=\"https:\/\/picamfg.com\/fr\/telechargement-du-guide-des-capacites-de-conception-et-dingenierie-de-pica-manufacturing-solutions\/\" \/>\n<meta property=\"og:site_name\" content=\"PICA Manufacturing Solutions\" \/>\n<meta property=\"article:publisher\" content=\"https:\/\/www.facebook.com\/Picamfg\" \/>\n<meta property=\"article:modified_time\" content=\"2026-01-28T16:15:57+00:00\" \/>\n<meta property=\"og:image\" content=\"https:\/\/picamfg.com\/wp-content\/uploads\/2026\/01\/Design-Engineering-French.jpg\" \/>\n\t<meta property=\"og:image:width\" content=\"2500\" \/>\n\t<meta property=\"og:image:height\" content=\"1667\" \/>\n\t<meta property=\"og:image:type\" content=\"image\/jpeg\" \/>\n<meta name=\"twitter:card\" content=\"summary_large_image\" \/>\n<meta name=\"twitter:label1\" content=\"Dur\u00e9e de lecture estim\u00e9e\" \/>\n\t<meta name=\"twitter:data1\" content=\"2 minutes\" \/>\n<script type=\"application\/ld+json\" class=\"yoast-schema-graph\">{\"@context\":\"https:\/\/schema.org\",\"@graph\":[{\"@type\":\"WebPage\",\"@id\":\"https:\/\/picamfg.com\/fr\/telechargement-du-guide-des-capacites-de-conception-et-dingenierie-de-pica-manufacturing-solutions\/\",\"url\":\"https:\/\/picamfg.com\/fr\/telechargement-du-guide-des-capacites-de-conception-et-dingenierie-de-pica-manufacturing-solutions\/\",\"name\":\"Download PCB Design & Engineering Capabilities | PICA\",\"isPartOf\":{\"@id\":\"https:\/\/picamfg.com\/fr\/#website\"},\"primaryImageOfPage\":{\"@id\":\"https:\/\/picamfg.com\/fr\/telechargement-du-guide-des-capacites-de-conception-et-dingenierie-de-pica-manufacturing-solutions\/#primaryimage\"},\"image\":{\"@id\":\"https:\/\/picamfg.com\/fr\/telechargement-du-guide-des-capacites-de-conception-et-dingenierie-de-pica-manufacturing-solutions\/#primaryimage\"},\"thumbnailUrl\":\"https:\/\/picamfg.com\/wp-content\/uploads\/2026\/01\/Design-Engineering-French-1024x683.jpg\",\"datePublished\":\"2024-11-21T15:11:00+00:00\",\"dateModified\":\"2026-01-28T16:15:57+00:00\",\"description\":\"Access PICA's comprehensive guide on PCB design and engineering capabilities, including advanced tools and techniques. Download now!\",\"breadcrumb\":{\"@id\":\"https:\/\/picamfg.com\/fr\/telechargement-du-guide-des-capacites-de-conception-et-dingenierie-de-pica-manufacturing-solutions\/#breadcrumb\"},\"inLanguage\":\"fr-FR\",\"potentialAction\":[{\"@type\":\"ReadAction\",\"target\":[\"https:\/\/picamfg.com\/fr\/telechargement-du-guide-des-capacites-de-conception-et-dingenierie-de-pica-manufacturing-solutions\/\"]}]},{\"@type\":\"ImageObject\",\"inLanguage\":\"fr-FR\",\"@id\":\"https:\/\/picamfg.com\/fr\/telechargement-du-guide-des-capacites-de-conception-et-dingenierie-de-pica-manufacturing-solutions\/#primaryimage\",\"url\":\"https:\/\/picamfg.com\/wp-content\/uploads\/2026\/01\/Design-Engineering-French-1024x683.jpg\",\"contentUrl\":\"https:\/\/picamfg.com\/wp-content\/uploads\/2026\/01\/Design-Engineering-French-1024x683.jpg\"},{\"@type\":\"BreadcrumbList\",\"@id\":\"https:\/\/picamfg.com\/fr\/telechargement-du-guide-des-capacites-de-conception-et-dingenierie-de-pica-manufacturing-solutions\/#breadcrumb\",\"itemListElement\":[{\"@type\":\"ListItem\",\"position\":1,\"name\":\"Home\",\"item\":\"https:\/\/picamfg.com\/fr\/\"},{\"@type\":\"ListItem\",\"position\":2,\"name\":\"T\u00e9l\u00e9chargement du guide des specifications de conception et d\u2019ing\u00e9nierie de PICA Manufacturing Solutions\"}]},{\"@type\":\"WebSite\",\"@id\":\"https:\/\/picamfg.com\/fr\/#website\",\"url\":\"https:\/\/picamfg.com\/fr\/\",\"name\":\"PICA Manufacturing Solutions\",\"description\":\"Pick a Partner - Not Parts\",\"publisher\":{\"@id\":\"https:\/\/picamfg.com\/fr\/#organization\"},\"potentialAction\":[{\"@type\":\"SearchAction\",\"target\":{\"@type\":\"EntryPoint\",\"urlTemplate\":\"https:\/\/picamfg.com\/fr\/?s={search_term_string}\"},\"query-input\":{\"@type\":\"PropertyValueSpecification\",\"valueRequired\":true,\"valueName\":\"search_term_string\"}}],\"inLanguage\":\"fr-FR\"},{\"@type\":\"Organization\",\"@id\":\"https:\/\/picamfg.com\/fr\/#organization\",\"name\":\"PICA Manufacturing Solutions\",\"url\":\"https:\/\/picamfg.com\/fr\/\",\"logo\":{\"@type\":\"ImageObject\",\"inLanguage\":\"fr-FR\",\"@id\":\"https:\/\/picamfg.com\/fr\/#\/schema\/logo\/image\/\",\"url\":\"https:\/\/picamfg.com\/wp-content\/uploads\/2023\/07\/pica-manufacturing-solutions.png\",\"contentUrl\":\"https:\/\/picamfg.com\/wp-content\/uploads\/2023\/07\/pica-manufacturing-solutions.png\",\"width\":381,\"height\":154,\"caption\":\"PICA Manufacturing Solutions\"},\"image\":{\"@id\":\"https:\/\/picamfg.com\/fr\/#\/schema\/logo\/image\/\"},\"sameAs\":[\"https:\/\/www.facebook.com\/Picamfg\",\"https:\/\/www.linkedin.com\/company\/pica-manufacturing-solutions\/\"]}]}<\/script>\n<!-- \/ Yoast SEO plugin. -->","yoast_head_json":{"title":"Download PCB Design & Engineering Capabilities | PICA","description":"Access PICA's comprehensive guide on PCB design and engineering capabilities, including advanced tools and techniques. Download now!","robots":{"index":"index","follow":"follow","max-snippet":"max-snippet:-1","max-image-preview":"max-image-preview:large","max-video-preview":"max-video-preview:-1"},"canonical":"https:\/\/picamfg.com\/fr\/telechargement-du-guide-des-capacites-de-conception-et-dingenierie-de-pica-manufacturing-solutions\/","og_locale":"fr_FR","og_type":"article","og_title":"Download PCB Design & Engineering Capabilities | PICA","og_description":"Access PICA's comprehensive guide on PCB design and engineering capabilities, including advanced tools and techniques. Download now!","og_url":"https:\/\/picamfg.com\/fr\/telechargement-du-guide-des-capacites-de-conception-et-dingenierie-de-pica-manufacturing-solutions\/","og_site_name":"PICA Manufacturing Solutions","article_publisher":"https:\/\/www.facebook.com\/Picamfg","article_modified_time":"2026-01-28T16:15:57+00:00","og_image":[{"width":2500,"height":1667,"url":"https:\/\/picamfg.com\/wp-content\/uploads\/2026\/01\/Design-Engineering-French.jpg","type":"image\/jpeg"}],"twitter_card":"summary_large_image","twitter_misc":{"Dur\u00e9e de lecture estim\u00e9e":"2 minutes"},"schema":{"@context":"https:\/\/schema.org","@graph":[{"@type":"WebPage","@id":"https:\/\/picamfg.com\/fr\/telechargement-du-guide-des-capacites-de-conception-et-dingenierie-de-pica-manufacturing-solutions\/","url":"https:\/\/picamfg.com\/fr\/telechargement-du-guide-des-capacites-de-conception-et-dingenierie-de-pica-manufacturing-solutions\/","name":"Download PCB Design & Engineering Capabilities | PICA","isPartOf":{"@id":"https:\/\/picamfg.com\/fr\/#website"},"primaryImageOfPage":{"@id":"https:\/\/picamfg.com\/fr\/telechargement-du-guide-des-capacites-de-conception-et-dingenierie-de-pica-manufacturing-solutions\/#primaryimage"},"image":{"@id":"https:\/\/picamfg.com\/fr\/telechargement-du-guide-des-capacites-de-conception-et-dingenierie-de-pica-manufacturing-solutions\/#primaryimage"},"thumbnailUrl":"https:\/\/picamfg.com\/wp-content\/uploads\/2026\/01\/Design-Engineering-French-1024x683.jpg","datePublished":"2024-11-21T15:11:00+00:00","dateModified":"2026-01-28T16:15:57+00:00","description":"Access PICA's comprehensive guide on PCB design and engineering capabilities, including advanced tools and techniques. Download now!","breadcrumb":{"@id":"https:\/\/picamfg.com\/fr\/telechargement-du-guide-des-capacites-de-conception-et-dingenierie-de-pica-manufacturing-solutions\/#breadcrumb"},"inLanguage":"fr-FR","potentialAction":[{"@type":"ReadAction","target":["https:\/\/picamfg.com\/fr\/telechargement-du-guide-des-capacites-de-conception-et-dingenierie-de-pica-manufacturing-solutions\/"]}]},{"@type":"ImageObject","inLanguage":"fr-FR","@id":"https:\/\/picamfg.com\/fr\/telechargement-du-guide-des-capacites-de-conception-et-dingenierie-de-pica-manufacturing-solutions\/#primaryimage","url":"https:\/\/picamfg.com\/wp-content\/uploads\/2026\/01\/Design-Engineering-French-1024x683.jpg","contentUrl":"https:\/\/picamfg.com\/wp-content\/uploads\/2026\/01\/Design-Engineering-French-1024x683.jpg"},{"@type":"BreadcrumbList","@id":"https:\/\/picamfg.com\/fr\/telechargement-du-guide-des-capacites-de-conception-et-dingenierie-de-pica-manufacturing-solutions\/#breadcrumb","itemListElement":[{"@type":"ListItem","position":1,"name":"Home","item":"https:\/\/picamfg.com\/fr\/"},{"@type":"ListItem","position":2,"name":"T\u00e9l\u00e9chargement du guide des specifications de conception et d\u2019ing\u00e9nierie de PICA Manufacturing Solutions"}]},{"@type":"WebSite","@id":"https:\/\/picamfg.com\/fr\/#website","url":"https:\/\/picamfg.com\/fr\/","name":"PICA Manufacturing Solutions","description":"Pick a Partner - Not Parts","publisher":{"@id":"https:\/\/picamfg.com\/fr\/#organization"},"potentialAction":[{"@type":"SearchAction","target":{"@type":"EntryPoint","urlTemplate":"https:\/\/picamfg.com\/fr\/?s={search_term_string}"},"query-input":{"@type":"PropertyValueSpecification","valueRequired":true,"valueName":"search_term_string"}}],"inLanguage":"fr-FR"},{"@type":"Organization","@id":"https:\/\/picamfg.com\/fr\/#organization","name":"PICA Manufacturing Solutions","url":"https:\/\/picamfg.com\/fr\/","logo":{"@type":"ImageObject","inLanguage":"fr-FR","@id":"https:\/\/picamfg.com\/fr\/#\/schema\/logo\/image\/","url":"https:\/\/picamfg.com\/wp-content\/uploads\/2023\/07\/pica-manufacturing-solutions.png","contentUrl":"https:\/\/picamfg.com\/wp-content\/uploads\/2023\/07\/pica-manufacturing-solutions.png","width":381,"height":154,"caption":"PICA Manufacturing Solutions"},"image":{"@id":"https:\/\/picamfg.com\/fr\/#\/schema\/logo\/image\/"},"sameAs":["https:\/\/www.facebook.com\/Picamfg","https:\/\/www.linkedin.com\/company\/pica-manufacturing-solutions\/"]}]}},"_links":{"self":[{"href":"https:\/\/picamfg.com\/fr\/wp-json\/wp\/v2\/pages\/19191","targetHints":{"allow":["GET"]}}],"collection":[{"href":"https:\/\/picamfg.com\/fr\/wp-json\/wp\/v2\/pages"}],"about":[{"href":"https:\/\/picamfg.com\/fr\/wp-json\/wp\/v2\/types\/page"}],"author":[{"embeddable":true,"href":"https:\/\/picamfg.com\/fr\/wp-json\/wp\/v2\/users\/13"}],"replies":[{"embeddable":true,"href":"https:\/\/picamfg.com\/fr\/wp-json\/wp\/v2\/comments?post=19191"}],"version-history":[{"count":9,"href":"https:\/\/picamfg.com\/fr\/wp-json\/wp\/v2\/pages\/19191\/revisions"}],"predecessor-version":[{"id":19592,"href":"https:\/\/picamfg.com\/fr\/wp-json\/wp\/v2\/pages\/19191\/revisions\/19592"}],"wp:attachment":[{"href":"https:\/\/picamfg.com\/fr\/wp-json\/wp\/v2\/media?parent=19191"}],"wp:term":[{"taxonomy":"post_tag","embeddable":true,"href":"https:\/\/picamfg.com\/fr\/wp-json\/wp\/v2\/tags?post=19191"}],"curies":[{"name":"wp","href":"https:\/\/api.w.org\/{rel}","templated":true}]}}