{"id":19186,"date":"2024-11-21T15:00:31","date_gmt":"2024-11-21T15:00:31","guid":{"rendered":"https:\/\/picamfg.com\/telechargement-des-fiches-de-capacites-dassemblage-de-composants-de-pica-manufacturing-solutions\/"},"modified":"2026-01-28T16:12:38","modified_gmt":"2026-01-28T16:12:38","slug":"telechargement-des-fiches-de-capacites-dassemblage-de-composants-de-pica-manufacturing-solutions","status":"publish","type":"page","link":"https:\/\/picamfg.com\/fr\/telechargement-des-fiches-de-capacites-dassemblage-de-composants-de-pica-manufacturing-solutions\/","title":{"rendered":"T\u00e9l\u00e9chargement des fiches de specifications d\u2019assemblage de composants de PICA Manufacturing Solutions"},"content":{"rendered":"\t\t<div data-elementor-type=\"wp-page\" data-elementor-id=\"19186\" class=\"elementor elementor-19186 elementor-13392\" data-elementor-post-type=\"page\">\n\t\t\t\t<div class=\"elementor-element elementor-element-ee4bdfc e-flex e-con-boxed e-con e-parent\" data-id=\"ee4bdfc\" data-element_type=\"container\">\r\n\t\t\t\t\t<div class=\"e-con-inner\">\r\n\t\t\t\t<div class=\"elementor-element elementor-element-9b29f36 elementor-widget elementor-widget-text-editor\" data-id=\"9b29f36\" data-element_type=\"widget\" data-widget_type=\"text-editor.default\">\n\t\t\t\t<div class=\"elementor-widget-container\">\n\t\t\t\t\t\t\t\t\t<p><strong>T\u00e9l\u00e9charger les specifications d\u2019assemblage de composants de PICA Manufacturing Solutions<\/strong><\/p>\t\t\t\t\t\t\t\t<\/div>\n\t\t\t\t<\/div>\n\t\t\t\t\t<\/div>\n\t\t\t\t<\/div>\n\t\t<div class=\"elementor-element elementor-element-1f8578d e-flex e-con-boxed e-con e-parent\" data-id=\"1f8578d\" data-element_type=\"container\">\r\n\t\t\t\t\t<div class=\"e-con-inner\">\r\n\t\t<div class=\"elementor-element elementor-element-b82214e e-flex e-con-boxed e-con e-child\" data-id=\"b82214e\" data-element_type=\"container\">\r\n\t\t\t\t\t<div class=\"e-con-inner\">\r\n\t\t\t\t<div class=\"elementor-element elementor-element-b627c1f elementor-widget elementor-widget-heading\" data-id=\"b627c1f\" data-element_type=\"widget\" data-widget_type=\"heading.default\">\n\t\t\t\t<div class=\"elementor-widget-container\">\n\t\t\t\t\t<h2 class=\"elementor-heading-title elementor-size-default\">Specifications d\u2019assemblage de composants<\/h2>\t\t\t\t<\/div>\n\t\t\t\t<\/div>\n\t\t\t\t<div class=\"elementor-element elementor-element-c2e6289 elementor-widget elementor-widget-text-editor\" data-id=\"c2e6289\" data-element_type=\"widget\" data-widget_type=\"text-editor.default\">\n\t\t\t\t<div class=\"elementor-widget-container\">\n\t\t\t\t\t\t\t\t\t<p>L\u2019assemblage de composants est une \u00e9tape essentielle pour donner vie \u00e0 vos conceptions \u00e9lectroniques, o\u00f9 la pr\u00e9cision et la fiabilit\u00e9 garantissent un fonctionnement optimal. Chez PICA Manufacturing Solutions, nous proposons des services complets d\u2019assemblage de composants, adapt\u00e9s aux exigences de secteurs vari\u00e9s tels que les dispositifs m\u00e9dicaux, l\u2019a\u00e9ronautique et l\u2019\u00e9lectronique grand public.<br>Gr\u00e2ce \u00e0 des proc\u00e9d\u00e9s de fabrication avanc\u00e9s et \u00e0 une \u00e9quipe hautement qualifi\u00e9e, chaque assemblage est r\u00e9alis\u00e9 dans le respect des normes les plus strictes en mati\u00e8re de qualit\u00e9 et de performance. Ax\u00e9s sur l\u2019efficacit\u00e9 et le souci du d\u00e9tail, nous prenons en charge l\u2019ensemble des technologies d\u2019assemblage, de la technologie de montage en surface (SMT) \u00e0 l\u2019assemblage \u00e0 trous traversants (THT), afin de fournir des solutions qui optimisent vos processus de production.<br>Que vous recherchiez un partenaire capable d\u2019assembler des conceptions complexes ou de monter en cadence avec constance et rapidit\u00e9, PICA met \u00e0 votre disposition son expertise et son engagement pour assurer la r\u00e9ussite de vos projets.    <\/p>\t\t\t\t\t\t\t\t<\/div>\n\t\t\t\t<\/div>\n\t\t\t\t\t<\/div>\n\t\t\t\t<\/div>\n\t\t<div class=\"elementor-element elementor-element-f43650a e-flex e-con-boxed e-con e-child\" data-id=\"f43650a\" data-element_type=\"container\">\r\n\t\t\t\t\t<div class=\"e-con-inner\">\r\n\t\t\t\t<div class=\"elementor-element elementor-element-00b69b2 elementor-widget elementor-widget-image\" data-id=\"00b69b2\" data-element_type=\"widget\" data-widget_type=\"image.default\">\n\t\t\t\t<div class=\"elementor-widget-container\">\n\t\t\t\t\t\t\t\t\t\t\t\t\t\t\t<img fetchpriority=\"high\" decoding=\"async\" width=\"1024\" height=\"683\" src=\"https:\/\/picamfg.com\/wp-content\/uploads\/2026\/01\/Assembly-French-img-1024x683.jpg\" class=\"attachment-large size-large wp-image-19582\" alt=\"\" srcset=\"https:\/\/picamfg.com\/wp-content\/uploads\/2026\/01\/Assembly-French-img-1024x683.jpg 1024w, https:\/\/picamfg.com\/wp-content\/uploads\/2026\/01\/Assembly-French-img-768x512.jpg 768w, https:\/\/picamfg.com\/wp-content\/uploads\/2026\/01\/Assembly-French-img-640x427.jpg 640w, https:\/\/picamfg.com\/wp-content\/uploads\/2026\/01\/Assembly-French-img-400x267.jpg 400w, https:\/\/picamfg.com\/wp-content\/uploads\/2026\/01\/Assembly-French-img-367x245.jpg 367w\" sizes=\"(max-width: 1024px) 100vw, 1024px\" \/>\t\t\t\t\t\t\t\t\t\t\t\t\t\t\t<\/div>\n\t\t\t\t<\/div>\n\t\t\t\t\t<\/div>\n\t\t\t\t<\/div>\n\t\t\t\t\t<\/div>\n\t\t\t\t<\/div>\n\t\t<div class=\"elementor-element elementor-element-c3968fc e-flex e-con-boxed e-con e-parent\" data-id=\"c3968fc\" data-element_type=\"container\">\r\n\t\t\t\t\t<div class=\"e-con-inner\">\r\n\t\t\t\t<div class=\"elementor-element elementor-element-7871a0b elementor-widget elementor-widget-text-editor\" data-id=\"7871a0b\" data-element_type=\"widget\" data-widget_type=\"text-editor.default\">\n\t\t\t\t<div class=\"elementor-widget-container\">\n\t\t\t\t\t\t\t\t\t<h4>Remplissez le formulaire ci-dessous pour demander le PDF complet des specifications d\u2019assemblage de composants de PICA Manufacturing Solutions<\/h4>\t\t\t\t\t\t\t\t<\/div>\n\t\t\t\t<\/div>\n\t\t\t\t\t<\/div>\n\t\t\t\t<\/div>\n\t\t<div class=\"elementor-element elementor-element-023d15a e-flex e-con-boxed e-con e-parent\" data-id=\"023d15a\" data-element_type=\"container\">\r\n\t\t\t\t\t<div class=\"e-con-inner\">\r\n\t\t\t\t<div class=\"elementor-element elementor-element-1d9e0db elementor-widget elementor-widget-html\" data-id=\"1d9e0db\" data-element_type=\"widget\" data-widget_type=\"html.default\">\n\t\t\t\t<div class=\"elementor-widget-container\">\n\t\t\t\t\t<script charset=\"utf-8\" type=\"text\/javascript\" src=\"\/\/js.hsforms.net\/forms\/embed\/v2.js\"><\/script>\n<script>\n  hbspt.forms.create({\n    portalId: \"23722413\",\n    formId: \"429cf9dd-4c95-4b42-a325-9e10813a37a9\",\n    region: \"na1\"\n  });\n<\/script>\t\t\t\t<\/div>\n\t\t\t\t<\/div>\n\t\t\t\t\t<\/div>\n\t\t\t\t<\/div>\n\t\t\t\t<\/div>\n\t\t","protected":false},"excerpt":{"rendered":"<p>T\u00e9l\u00e9charger les specifications d\u2019assemblage de composants de PICA Manufacturing Solutions Specifications d\u2019assemblage de composants L\u2019assemblage de composants est une \u00e9tape essentielle pour donner vie \u00e0 vos conceptions \u00e9lectroniques, o\u00f9 la pr\u00e9cision et la fiabilit\u00e9 garantissent un fonctionnement optimal. Chez PICA Manufacturing Solutions, nous proposons des services complets d\u2019assemblage de composants, adapt\u00e9s aux exigences de secteurs&#8230;&nbsp;<a class=\"moretag\" href=\"https:\/\/picamfg.com\/fr\/telechargement-des-fiches-de-capacites-dassemblage-de-composants-de-pica-manufacturing-solutions\/\">READ MORE<\/a><\/p>\n","protected":false},"author":13,"featured_media":0,"parent":0,"menu_order":28,"comment_status":"closed","ping_status":"closed","template":"","meta":{"_acf_changed":false,"content-type":"","footnotes":""},"tags":[],"class_list":["post-19186","page","type-page","status-publish","hentry"],"acf":[],"yoast_head":"<!-- This site is optimized with the Yoast SEO plugin v27.1.1 - https:\/\/yoast.com\/product\/yoast-seo-wordpress\/ -->\n<title>Component Assembly Capabilities | SMT, THT &amp; Turnkey<\/title>\n<meta name=\"description\" content=\"Download PICA\u2019s guide to SMT, THT, and turnkey assembly capabilities. Learn how we support efficient, high-reliability electronics builds.\" \/>\n<meta name=\"robots\" content=\"index, follow, max-snippet:-1, max-image-preview:large, max-video-preview:-1\" \/>\n<link rel=\"canonical\" href=\"https:\/\/picamfg.com\/fr\/telechargement-des-fiches-de-capacites-dassemblage-de-composants-de-pica-manufacturing-solutions\/\" \/>\n<meta property=\"og:locale\" content=\"fr_FR\" \/>\n<meta property=\"og:type\" content=\"article\" \/>\n<meta property=\"og:title\" content=\"Component Assembly Capabilities | SMT, THT &amp; Turnkey\" \/>\n<meta property=\"og:description\" content=\"Download PICA\u2019s guide to SMT, THT, and turnkey assembly capabilities. Learn how we support efficient, high-reliability electronics builds.\" \/>\n<meta property=\"og:url\" content=\"https:\/\/picamfg.com\/fr\/telechargement-des-fiches-de-capacites-dassemblage-de-composants-de-pica-manufacturing-solutions\/\" \/>\n<meta property=\"og:site_name\" content=\"PICA Manufacturing Solutions\" \/>\n<meta property=\"article:publisher\" content=\"https:\/\/www.facebook.com\/Picamfg\" \/>\n<meta property=\"article:modified_time\" content=\"2026-01-28T16:12:38+00:00\" \/>\n<meta property=\"og:image\" content=\"https:\/\/picamfg.com\/wp-content\/uploads\/2026\/01\/Assembly-French-img.jpg\" \/>\n\t<meta property=\"og:image:width\" content=\"2500\" \/>\n\t<meta property=\"og:image:height\" content=\"1667\" \/>\n\t<meta property=\"og:image:type\" content=\"image\/jpeg\" \/>\n<meta name=\"twitter:card\" content=\"summary_large_image\" \/>\n<meta name=\"twitter:label1\" content=\"Dur\u00e9e de lecture estim\u00e9e\" \/>\n\t<meta name=\"twitter:data1\" content=\"2 minutes\" \/>\n<script type=\"application\/ld+json\" class=\"yoast-schema-graph\">{\"@context\":\"https:\/\/schema.org\",\"@graph\":[{\"@type\":\"WebPage\",\"@id\":\"https:\/\/picamfg.com\/fr\/telechargement-des-fiches-de-capacites-dassemblage-de-composants-de-pica-manufacturing-solutions\/\",\"url\":\"https:\/\/picamfg.com\/fr\/telechargement-des-fiches-de-capacites-dassemblage-de-composants-de-pica-manufacturing-solutions\/\",\"name\":\"Component Assembly Capabilities | SMT, THT & Turnkey\",\"isPartOf\":{\"@id\":\"https:\/\/picamfg.com\/fr\/#website\"},\"primaryImageOfPage\":{\"@id\":\"https:\/\/picamfg.com\/fr\/telechargement-des-fiches-de-capacites-dassemblage-de-composants-de-pica-manufacturing-solutions\/#primaryimage\"},\"image\":{\"@id\":\"https:\/\/picamfg.com\/fr\/telechargement-des-fiches-de-capacites-dassemblage-de-composants-de-pica-manufacturing-solutions\/#primaryimage\"},\"thumbnailUrl\":\"https:\/\/picamfg.com\/wp-content\/uploads\/2026\/01\/Assembly-French-img-1024x683.jpg\",\"datePublished\":\"2024-11-21T15:00:31+00:00\",\"dateModified\":\"2026-01-28T16:12:38+00:00\",\"description\":\"Download PICA\u2019s guide to SMT, THT, and turnkey assembly capabilities. Learn how we support efficient, high-reliability electronics builds.\",\"breadcrumb\":{\"@id\":\"https:\/\/picamfg.com\/fr\/telechargement-des-fiches-de-capacites-dassemblage-de-composants-de-pica-manufacturing-solutions\/#breadcrumb\"},\"inLanguage\":\"fr-FR\",\"potentialAction\":[{\"@type\":\"ReadAction\",\"target\":[\"https:\/\/picamfg.com\/fr\/telechargement-des-fiches-de-capacites-dassemblage-de-composants-de-pica-manufacturing-solutions\/\"]}]},{\"@type\":\"ImageObject\",\"inLanguage\":\"fr-FR\",\"@id\":\"https:\/\/picamfg.com\/fr\/telechargement-des-fiches-de-capacites-dassemblage-de-composants-de-pica-manufacturing-solutions\/#primaryimage\",\"url\":\"https:\/\/picamfg.com\/wp-content\/uploads\/2026\/01\/Assembly-French-img-1024x683.jpg\",\"contentUrl\":\"https:\/\/picamfg.com\/wp-content\/uploads\/2026\/01\/Assembly-French-img-1024x683.jpg\"},{\"@type\":\"BreadcrumbList\",\"@id\":\"https:\/\/picamfg.com\/fr\/telechargement-des-fiches-de-capacites-dassemblage-de-composants-de-pica-manufacturing-solutions\/#breadcrumb\",\"itemListElement\":[{\"@type\":\"ListItem\",\"position\":1,\"name\":\"Home\",\"item\":\"https:\/\/picamfg.com\/fr\/\"},{\"@type\":\"ListItem\",\"position\":2,\"name\":\"T\u00e9l\u00e9chargement des fiches de specifications d\u2019assemblage de composants de PICA Manufacturing Solutions\"}]},{\"@type\":\"WebSite\",\"@id\":\"https:\/\/picamfg.com\/fr\/#website\",\"url\":\"https:\/\/picamfg.com\/fr\/\",\"name\":\"PICA Manufacturing Solutions\",\"description\":\"Pick a Partner - Not Parts\",\"publisher\":{\"@id\":\"https:\/\/picamfg.com\/fr\/#organization\"},\"potentialAction\":[{\"@type\":\"SearchAction\",\"target\":{\"@type\":\"EntryPoint\",\"urlTemplate\":\"https:\/\/picamfg.com\/fr\/?s={search_term_string}\"},\"query-input\":{\"@type\":\"PropertyValueSpecification\",\"valueRequired\":true,\"valueName\":\"search_term_string\"}}],\"inLanguage\":\"fr-FR\"},{\"@type\":\"Organization\",\"@id\":\"https:\/\/picamfg.com\/fr\/#organization\",\"name\":\"PICA Manufacturing Solutions\",\"url\":\"https:\/\/picamfg.com\/fr\/\",\"logo\":{\"@type\":\"ImageObject\",\"inLanguage\":\"fr-FR\",\"@id\":\"https:\/\/picamfg.com\/fr\/#\/schema\/logo\/image\/\",\"url\":\"https:\/\/picamfg.com\/wp-content\/uploads\/2023\/07\/pica-manufacturing-solutions.png\",\"contentUrl\":\"https:\/\/picamfg.com\/wp-content\/uploads\/2023\/07\/pica-manufacturing-solutions.png\",\"width\":381,\"height\":154,\"caption\":\"PICA Manufacturing Solutions\"},\"image\":{\"@id\":\"https:\/\/picamfg.com\/fr\/#\/schema\/logo\/image\/\"},\"sameAs\":[\"https:\/\/www.facebook.com\/Picamfg\",\"https:\/\/www.linkedin.com\/company\/pica-manufacturing-solutions\/\"]}]}<\/script>\n<!-- \/ Yoast SEO plugin. -->","yoast_head_json":{"title":"Component Assembly Capabilities | SMT, THT & Turnkey","description":"Download PICA\u2019s guide to SMT, THT, and turnkey assembly capabilities. Learn how we support efficient, high-reliability electronics builds.","robots":{"index":"index","follow":"follow","max-snippet":"max-snippet:-1","max-image-preview":"max-image-preview:large","max-video-preview":"max-video-preview:-1"},"canonical":"https:\/\/picamfg.com\/fr\/telechargement-des-fiches-de-capacites-dassemblage-de-composants-de-pica-manufacturing-solutions\/","og_locale":"fr_FR","og_type":"article","og_title":"Component Assembly Capabilities | SMT, THT & Turnkey","og_description":"Download PICA\u2019s guide to SMT, THT, and turnkey assembly capabilities. Learn how we support efficient, high-reliability electronics builds.","og_url":"https:\/\/picamfg.com\/fr\/telechargement-des-fiches-de-capacites-dassemblage-de-composants-de-pica-manufacturing-solutions\/","og_site_name":"PICA Manufacturing Solutions","article_publisher":"https:\/\/www.facebook.com\/Picamfg","article_modified_time":"2026-01-28T16:12:38+00:00","og_image":[{"width":2500,"height":1667,"url":"https:\/\/picamfg.com\/wp-content\/uploads\/2026\/01\/Assembly-French-img.jpg","type":"image\/jpeg"}],"twitter_card":"summary_large_image","twitter_misc":{"Dur\u00e9e de lecture estim\u00e9e":"2 minutes"},"schema":{"@context":"https:\/\/schema.org","@graph":[{"@type":"WebPage","@id":"https:\/\/picamfg.com\/fr\/telechargement-des-fiches-de-capacites-dassemblage-de-composants-de-pica-manufacturing-solutions\/","url":"https:\/\/picamfg.com\/fr\/telechargement-des-fiches-de-capacites-dassemblage-de-composants-de-pica-manufacturing-solutions\/","name":"Component Assembly Capabilities | SMT, THT & Turnkey","isPartOf":{"@id":"https:\/\/picamfg.com\/fr\/#website"},"primaryImageOfPage":{"@id":"https:\/\/picamfg.com\/fr\/telechargement-des-fiches-de-capacites-dassemblage-de-composants-de-pica-manufacturing-solutions\/#primaryimage"},"image":{"@id":"https:\/\/picamfg.com\/fr\/telechargement-des-fiches-de-capacites-dassemblage-de-composants-de-pica-manufacturing-solutions\/#primaryimage"},"thumbnailUrl":"https:\/\/picamfg.com\/wp-content\/uploads\/2026\/01\/Assembly-French-img-1024x683.jpg","datePublished":"2024-11-21T15:00:31+00:00","dateModified":"2026-01-28T16:12:38+00:00","description":"Download PICA\u2019s guide to SMT, THT, and turnkey assembly capabilities. Learn how we support efficient, high-reliability electronics builds.","breadcrumb":{"@id":"https:\/\/picamfg.com\/fr\/telechargement-des-fiches-de-capacites-dassemblage-de-composants-de-pica-manufacturing-solutions\/#breadcrumb"},"inLanguage":"fr-FR","potentialAction":[{"@type":"ReadAction","target":["https:\/\/picamfg.com\/fr\/telechargement-des-fiches-de-capacites-dassemblage-de-composants-de-pica-manufacturing-solutions\/"]}]},{"@type":"ImageObject","inLanguage":"fr-FR","@id":"https:\/\/picamfg.com\/fr\/telechargement-des-fiches-de-capacites-dassemblage-de-composants-de-pica-manufacturing-solutions\/#primaryimage","url":"https:\/\/picamfg.com\/wp-content\/uploads\/2026\/01\/Assembly-French-img-1024x683.jpg","contentUrl":"https:\/\/picamfg.com\/wp-content\/uploads\/2026\/01\/Assembly-French-img-1024x683.jpg"},{"@type":"BreadcrumbList","@id":"https:\/\/picamfg.com\/fr\/telechargement-des-fiches-de-capacites-dassemblage-de-composants-de-pica-manufacturing-solutions\/#breadcrumb","itemListElement":[{"@type":"ListItem","position":1,"name":"Home","item":"https:\/\/picamfg.com\/fr\/"},{"@type":"ListItem","position":2,"name":"T\u00e9l\u00e9chargement des fiches de specifications d\u2019assemblage de composants de PICA Manufacturing Solutions"}]},{"@type":"WebSite","@id":"https:\/\/picamfg.com\/fr\/#website","url":"https:\/\/picamfg.com\/fr\/","name":"PICA Manufacturing Solutions","description":"Pick a Partner - Not Parts","publisher":{"@id":"https:\/\/picamfg.com\/fr\/#organization"},"potentialAction":[{"@type":"SearchAction","target":{"@type":"EntryPoint","urlTemplate":"https:\/\/picamfg.com\/fr\/?s={search_term_string}"},"query-input":{"@type":"PropertyValueSpecification","valueRequired":true,"valueName":"search_term_string"}}],"inLanguage":"fr-FR"},{"@type":"Organization","@id":"https:\/\/picamfg.com\/fr\/#organization","name":"PICA Manufacturing Solutions","url":"https:\/\/picamfg.com\/fr\/","logo":{"@type":"ImageObject","inLanguage":"fr-FR","@id":"https:\/\/picamfg.com\/fr\/#\/schema\/logo\/image\/","url":"https:\/\/picamfg.com\/wp-content\/uploads\/2023\/07\/pica-manufacturing-solutions.png","contentUrl":"https:\/\/picamfg.com\/wp-content\/uploads\/2023\/07\/pica-manufacturing-solutions.png","width":381,"height":154,"caption":"PICA Manufacturing Solutions"},"image":{"@id":"https:\/\/picamfg.com\/fr\/#\/schema\/logo\/image\/"},"sameAs":["https:\/\/www.facebook.com\/Picamfg","https:\/\/www.linkedin.com\/company\/pica-manufacturing-solutions\/"]}]}},"_links":{"self":[{"href":"https:\/\/picamfg.com\/fr\/wp-json\/wp\/v2\/pages\/19186","targetHints":{"allow":["GET"]}}],"collection":[{"href":"https:\/\/picamfg.com\/fr\/wp-json\/wp\/v2\/pages"}],"about":[{"href":"https:\/\/picamfg.com\/fr\/wp-json\/wp\/v2\/types\/page"}],"author":[{"embeddable":true,"href":"https:\/\/picamfg.com\/fr\/wp-json\/wp\/v2\/users\/13"}],"replies":[{"embeddable":true,"href":"https:\/\/picamfg.com\/fr\/wp-json\/wp\/v2\/comments?post=19186"}],"version-history":[{"count":9,"href":"https:\/\/picamfg.com\/fr\/wp-json\/wp\/v2\/pages\/19186\/revisions"}],"predecessor-version":[{"id":19586,"href":"https:\/\/picamfg.com\/fr\/wp-json\/wp\/v2\/pages\/19186\/revisions\/19586"}],"wp:attachment":[{"href":"https:\/\/picamfg.com\/fr\/wp-json\/wp\/v2\/media?parent=19186"}],"wp:term":[{"taxonomy":"post_tag","embeddable":true,"href":"https:\/\/picamfg.com\/fr\/wp-json\/wp\/v2\/tags?post=19186"}],"curies":[{"name":"wp","href":"https:\/\/api.w.org\/{rel}","templated":true}]}}