{"id":19181,"date":"2024-11-21T14:51:12","date_gmt":"2024-11-21T14:51:12","guid":{"rendered":"https:\/\/picamfg.com\/telechargement-des-fiches-de-capacites-fineline-pcb-de-pica-manufacturing-solutions\/"},"modified":"2026-01-28T15:46:53","modified_gmt":"2026-01-28T15:46:53","slug":"telechargement-des-fiches-de-capacites-fineline-pcb-de-pica-manufacturing-solutions","status":"publish","type":"page","link":"https:\/\/picamfg.com\/fr\/telechargement-des-fiches-de-capacites-fineline-pcb-de-pica-manufacturing-solutions\/","title":{"rendered":"T\u00e9l\u00e9chargement des fiches de specifications Fineline PCB de PICA Manufacturing Solutions"},"content":{"rendered":"\t\t<div data-elementor-type=\"wp-page\" data-elementor-id=\"19181\" class=\"elementor elementor-19181 elementor-13391\" data-elementor-post-type=\"page\">\n\t\t\t\t<div class=\"elementor-element elementor-element-ee4bdfc e-flex e-con-boxed e-con e-parent\" data-id=\"ee4bdfc\" data-element_type=\"container\">\r\n\t\t\t\t\t<div class=\"e-con-inner\">\r\n\t\t\t\t<div class=\"elementor-element elementor-element-9b29f36 elementor-widget elementor-widget-text-editor\" data-id=\"9b29f36\" data-element_type=\"widget\" data-widget_type=\"text-editor.default\">\n\t\t\t\t<div class=\"elementor-widget-container\">\n\t\t\t\t\t\t\t\t\t<p><strong>T\u00e9l\u00e9charger les Specifications Fineline PCB de PICA Manufacturing Solutions<\/strong><\/p>\t\t\t\t\t\t\t\t<\/div>\n\t\t\t\t<\/div>\n\t\t\t\t\t<\/div>\n\t\t\t\t<\/div>\n\t\t<div class=\"elementor-element elementor-element-0eb662e e-flex e-con-boxed e-con e-parent\" data-id=\"0eb662e\" data-element_type=\"container\">\r\n\t\t\t\t\t<div class=\"e-con-inner\">\r\n\t\t<div class=\"elementor-element elementor-element-4c95e6f e-flex e-con-boxed e-con e-child\" data-id=\"4c95e6f\" data-element_type=\"container\">\r\n\t\t\t\t\t<div class=\"e-con-inner\">\r\n\t\t\t\t<div class=\"elementor-element elementor-element-f0913d1 elementor-widget elementor-widget-heading\" data-id=\"f0913d1\" data-element_type=\"widget\" data-widget_type=\"heading.default\">\n\t\t\t\t<div class=\"elementor-widget-container\">\n\t\t\t\t\t<h2 class=\"elementor-heading-title elementor-size-default\">Specifications des circuits imprim\u00e9s Fineline Flex<\/h2>\t\t\t\t<\/div>\n\t\t\t\t<\/div>\n\t\t\t\t<div class=\"elementor-element elementor-element-afc9a5e elementor-widget elementor-widget-text-editor\" data-id=\"afc9a5e\" data-element_type=\"widget\" data-widget_type=\"text-editor.default\">\n\t\t\t\t<div class=\"elementor-widget-container\">\n\t\t\t\t\t\t\t\t\t<p>Dans le domaine de l\u2019\u00e9lectronique avanc\u00e9e, o\u00f9 les performances et la miniaturisation sont essentielles, les circuits Fineline et la technologie d\u2019interconnexion haute densit\u00e9 (HDI) \u00e9tablissent de nouveaux standards d\u2019innovation. Ces solutions permettent aux concepteurs d\u2019atteindre un niveau exceptionnel de pr\u00e9cision et de fonctionnalit\u00e9 dans des espaces extr\u00eamement compacts, r\u00e9pondant ainsi aux exigences des applications de pointe dans des secteurs tels que l\u2019a\u00e9ronautique, les dispositifs m\u00e9dicaux et les t\u00e9l\u00e9communications.<br>Chez PICA Manufacturing Solutions, nous sommes sp\u00e9cialis\u00e9s dans la fourniture de circuits Fineline et HDI r\u00e9pondant aux exigences les plus strictes en mati\u00e8re de qualit\u00e9 et de performances. Des microvias aux conceptions multicouches complexes, notre \u00e9quipe s\u2019appuie sur des proc\u00e9d\u00e9s de fabrication avanc\u00e9s et des mat\u00e9riaux haute performance pour produire des circuits haute densit\u00e9 offrant une fiabilit\u00e9 optimale.<br>Que vous cherchiez \u00e0 repousser les limites de la miniaturisation des dispositifs ou \u00e0 am\u00e9liorer l\u2019int\u00e9grit\u00e9 du signal dans des syst\u00e8mes complexes, l\u2019expertise de PICA garantit des conceptions optimis\u00e9es pour la r\u00e9ussite de vos projets. Associez-vous \u00e0 PICA pour exploiter pleinement le potentiel des technologies Fineline et HDI.     <\/p>\t\t\t\t\t\t\t\t<\/div>\n\t\t\t\t<\/div>\n\t\t\t\t\t<\/div>\n\t\t\t\t<\/div>\n\t\t<div class=\"elementor-element elementor-element-fcc62f7 e-flex e-con-boxed e-con e-child\" data-id=\"fcc62f7\" data-element_type=\"container\">\r\n\t\t\t\t\t<div class=\"e-con-inner\">\r\n\t\t\t\t<div class=\"elementor-element elementor-element-9251da9 elementor-widget elementor-widget-image\" data-id=\"9251da9\" data-element_type=\"widget\" data-widget_type=\"image.default\">\n\t\t\t\t<div class=\"elementor-widget-container\">\n\t\t\t\t\t\t\t\t\t\t\t\t\t\t\t<img fetchpriority=\"high\" decoding=\"async\" width=\"1024\" height=\"683\" src=\"https:\/\/picamfg.com\/wp-content\/uploads\/2026\/01\/French-Fineline-pic-1024x683.jpg\" class=\"attachment-large size-large wp-image-19570\" alt=\"\" srcset=\"https:\/\/picamfg.com\/wp-content\/uploads\/2026\/01\/French-Fineline-pic-1024x683.jpg 1024w, https:\/\/picamfg.com\/wp-content\/uploads\/2026\/01\/French-Fineline-pic-768x512.jpg 768w, https:\/\/picamfg.com\/wp-content\/uploads\/2026\/01\/French-Fineline-pic-640x427.jpg 640w, https:\/\/picamfg.com\/wp-content\/uploads\/2026\/01\/French-Fineline-pic-400x267.jpg 400w, https:\/\/picamfg.com\/wp-content\/uploads\/2026\/01\/French-Fineline-pic-367x245.jpg 367w\" sizes=\"(max-width: 1024px) 100vw, 1024px\" \/>\t\t\t\t\t\t\t\t\t\t\t\t\t\t\t<\/div>\n\t\t\t\t<\/div>\n\t\t\t\t\t<\/div>\n\t\t\t\t<\/div>\n\t\t\t\t\t<\/div>\n\t\t\t\t<\/div>\n\t\t<div class=\"elementor-element elementor-element-0e1631b e-flex e-con-boxed e-con e-parent\" data-id=\"0e1631b\" data-element_type=\"container\">\r\n\t\t\t\t\t<div class=\"e-con-inner\">\r\n\t\t\t\t<div class=\"elementor-element elementor-element-3bde76e elementor-widget elementor-widget-text-editor\" data-id=\"3bde76e\" data-element_type=\"widget\" data-widget_type=\"text-editor.default\">\n\t\t\t\t<div class=\"elementor-widget-container\">\n\t\t\t\t\t\t\t\t\t<h4>Remplissez le formulaire ci-dessous pour demander le PDF complet des specifications Fineline PCB de PICA Manufacturing Solutions<\/h4>\t\t\t\t\t\t\t\t<\/div>\n\t\t\t\t<\/div>\n\t\t\t\t\t<\/div>\n\t\t\t\t<\/div>\n\t\t<div class=\"elementor-element elementor-element-023d15a e-flex e-con-boxed e-con e-parent\" data-id=\"023d15a\" data-element_type=\"container\">\r\n\t\t\t\t\t<div class=\"e-con-inner\">\r\n\t\t\t\t<div class=\"elementor-element elementor-element-1d9e0db elementor-widget elementor-widget-html\" data-id=\"1d9e0db\" data-element_type=\"widget\" data-widget_type=\"html.default\">\n\t\t\t\t<div class=\"elementor-widget-container\">\n\t\t\t\t\t<script charset=\"utf-8\" type=\"text\/javascript\" src=\"\/\/js.hsforms.net\/forms\/embed\/v2.js\"><\/script>\n<script>\n  hbspt.forms.create({\n    portalId: \"23722413\",\n    formId: \"2ae0c410-47d3-43b7-834e-8494e2ff44a9\",\n    region: \"na1\"\n  });\n<\/script>\t\t\t\t<\/div>\n\t\t\t\t<\/div>\n\t\t\t\t\t<\/div>\n\t\t\t\t<\/div>\n\t\t\t\t<\/div>\n\t\t","protected":false},"excerpt":{"rendered":"<p>T\u00e9l\u00e9charger les Specifications Fineline PCB de PICA Manufacturing Solutions Specifications des circuits imprim\u00e9s Fineline Flex Dans le domaine de l\u2019\u00e9lectronique avanc\u00e9e, o\u00f9 les performances et la miniaturisation sont essentielles, les circuits Fineline et la technologie d\u2019interconnexion haute densit\u00e9 (HDI) \u00e9tablissent de nouveaux standards d\u2019innovation. Ces solutions permettent aux concepteurs d\u2019atteindre un niveau exceptionnel de pr\u00e9cision&#8230;&nbsp;<a class=\"moretag\" href=\"https:\/\/picamfg.com\/fr\/telechargement-des-fiches-de-capacites-fineline-pcb-de-pica-manufacturing-solutions\/\">READ MORE<\/a><\/p>\n","protected":false},"author":13,"featured_media":0,"parent":0,"menu_order":25,"comment_status":"closed","ping_status":"closed","template":"","meta":{"_acf_changed":false,"content-type":"","footnotes":""},"tags":[],"class_list":["post-19181","page","type-page","status-publish","hentry"],"acf":[],"yoast_head":"<!-- This site is optimized with the Yoast SEO plugin v27.1.1 - https:\/\/yoast.com\/product\/yoast-seo-wordpress\/ -->\n<title>T\u00e9l\u00e9chargement des fiches de specifications Fineline PCB de PICA Manufacturing Solutions - PICA Manufacturing Solutions<\/title>\n<meta name=\"description\" content=\"Access PICA&#039;s Fineline PCB capabilities guide for advanced designs, materials, and manufacturing insights. Download now for specifications.\" \/>\n<meta name=\"robots\" content=\"index, follow, max-snippet:-1, max-image-preview:large, max-video-preview:-1\" \/>\n<link rel=\"canonical\" href=\"https:\/\/picamfg.com\/fr\/telechargement-des-fiches-de-capacites-fineline-pcb-de-pica-manufacturing-solutions\/\" \/>\n<meta property=\"og:locale\" content=\"fr_FR\" \/>\n<meta property=\"og:type\" content=\"article\" \/>\n<meta property=\"og:title\" content=\"T\u00e9l\u00e9chargement des fiches de specifications Fineline PCB de PICA Manufacturing Solutions - PICA Manufacturing Solutions\" \/>\n<meta property=\"og:description\" content=\"Access PICA&#039;s Fineline PCB capabilities guide for advanced designs, materials, and manufacturing insights. Download now for specifications.\" \/>\n<meta property=\"og:url\" content=\"https:\/\/picamfg.com\/fr\/telechargement-des-fiches-de-capacites-fineline-pcb-de-pica-manufacturing-solutions\/\" \/>\n<meta property=\"og:site_name\" content=\"PICA Manufacturing Solutions\" \/>\n<meta property=\"article:publisher\" content=\"https:\/\/www.facebook.com\/Picamfg\" \/>\n<meta property=\"article:modified_time\" content=\"2026-01-28T15:46:53+00:00\" \/>\n<meta property=\"og:image\" content=\"https:\/\/picamfg.com\/wp-content\/uploads\/2026\/01\/French-Fineline-pic.jpg\" \/>\n\t<meta property=\"og:image:width\" content=\"2500\" \/>\n\t<meta property=\"og:image:height\" content=\"1667\" \/>\n\t<meta property=\"og:image:type\" content=\"image\/jpeg\" \/>\n<meta name=\"twitter:card\" content=\"summary_large_image\" \/>\n<meta name=\"twitter:label1\" content=\"Dur\u00e9e de lecture estim\u00e9e\" \/>\n\t<meta name=\"twitter:data1\" content=\"2 minutes\" \/>\n<script type=\"application\/ld+json\" class=\"yoast-schema-graph\">{\"@context\":\"https:\/\/schema.org\",\"@graph\":[{\"@type\":\"WebPage\",\"@id\":\"https:\/\/picamfg.com\/fr\/telechargement-des-fiches-de-capacites-fineline-pcb-de-pica-manufacturing-solutions\/\",\"url\":\"https:\/\/picamfg.com\/fr\/telechargement-des-fiches-de-capacites-fineline-pcb-de-pica-manufacturing-solutions\/\",\"name\":\"T\u00e9l\u00e9chargement des fiches de specifications Fineline PCB de PICA Manufacturing Solutions - PICA Manufacturing Solutions\",\"isPartOf\":{\"@id\":\"https:\/\/picamfg.com\/fr\/#website\"},\"primaryImageOfPage\":{\"@id\":\"https:\/\/picamfg.com\/fr\/telechargement-des-fiches-de-capacites-fineline-pcb-de-pica-manufacturing-solutions\/#primaryimage\"},\"image\":{\"@id\":\"https:\/\/picamfg.com\/fr\/telechargement-des-fiches-de-capacites-fineline-pcb-de-pica-manufacturing-solutions\/#primaryimage\"},\"thumbnailUrl\":\"https:\/\/picamfg.com\/wp-content\/uploads\/2026\/01\/French-Fineline-pic-1024x683.jpg\",\"datePublished\":\"2024-11-21T14:51:12+00:00\",\"dateModified\":\"2026-01-28T15:46:53+00:00\",\"description\":\"Access PICA's Fineline PCB capabilities guide for advanced designs, materials, and manufacturing insights. Download now for specifications.\",\"breadcrumb\":{\"@id\":\"https:\/\/picamfg.com\/fr\/telechargement-des-fiches-de-capacites-fineline-pcb-de-pica-manufacturing-solutions\/#breadcrumb\"},\"inLanguage\":\"fr-FR\",\"potentialAction\":[{\"@type\":\"ReadAction\",\"target\":[\"https:\/\/picamfg.com\/fr\/telechargement-des-fiches-de-capacites-fineline-pcb-de-pica-manufacturing-solutions\/\"]}]},{\"@type\":\"ImageObject\",\"inLanguage\":\"fr-FR\",\"@id\":\"https:\/\/picamfg.com\/fr\/telechargement-des-fiches-de-capacites-fineline-pcb-de-pica-manufacturing-solutions\/#primaryimage\",\"url\":\"https:\/\/picamfg.com\/wp-content\/uploads\/2026\/01\/French-Fineline-pic-1024x683.jpg\",\"contentUrl\":\"https:\/\/picamfg.com\/wp-content\/uploads\/2026\/01\/French-Fineline-pic-1024x683.jpg\"},{\"@type\":\"BreadcrumbList\",\"@id\":\"https:\/\/picamfg.com\/fr\/telechargement-des-fiches-de-capacites-fineline-pcb-de-pica-manufacturing-solutions\/#breadcrumb\",\"itemListElement\":[{\"@type\":\"ListItem\",\"position\":1,\"name\":\"Home\",\"item\":\"https:\/\/picamfg.com\/fr\/\"},{\"@type\":\"ListItem\",\"position\":2,\"name\":\"T\u00e9l\u00e9chargement des fiches de specifications Fineline PCB de PICA Manufacturing Solutions\"}]},{\"@type\":\"WebSite\",\"@id\":\"https:\/\/picamfg.com\/fr\/#website\",\"url\":\"https:\/\/picamfg.com\/fr\/\",\"name\":\"PICA Manufacturing Solutions\",\"description\":\"Pick a Partner - Not Parts\",\"publisher\":{\"@id\":\"https:\/\/picamfg.com\/fr\/#organization\"},\"potentialAction\":[{\"@type\":\"SearchAction\",\"target\":{\"@type\":\"EntryPoint\",\"urlTemplate\":\"https:\/\/picamfg.com\/fr\/?s={search_term_string}\"},\"query-input\":{\"@type\":\"PropertyValueSpecification\",\"valueRequired\":true,\"valueName\":\"search_term_string\"}}],\"inLanguage\":\"fr-FR\"},{\"@type\":\"Organization\",\"@id\":\"https:\/\/picamfg.com\/fr\/#organization\",\"name\":\"PICA Manufacturing Solutions\",\"url\":\"https:\/\/picamfg.com\/fr\/\",\"logo\":{\"@type\":\"ImageObject\",\"inLanguage\":\"fr-FR\",\"@id\":\"https:\/\/picamfg.com\/fr\/#\/schema\/logo\/image\/\",\"url\":\"https:\/\/picamfg.com\/wp-content\/uploads\/2023\/07\/pica-manufacturing-solutions.png\",\"contentUrl\":\"https:\/\/picamfg.com\/wp-content\/uploads\/2023\/07\/pica-manufacturing-solutions.png\",\"width\":381,\"height\":154,\"caption\":\"PICA Manufacturing Solutions\"},\"image\":{\"@id\":\"https:\/\/picamfg.com\/fr\/#\/schema\/logo\/image\/\"},\"sameAs\":[\"https:\/\/www.facebook.com\/Picamfg\",\"https:\/\/www.linkedin.com\/company\/pica-manufacturing-solutions\/\"]}]}<\/script>\n<!-- \/ Yoast SEO plugin. -->","yoast_head_json":{"title":"T\u00e9l\u00e9chargement des fiches de specifications Fineline PCB de PICA Manufacturing Solutions - PICA Manufacturing Solutions","description":"Access PICA's Fineline PCB capabilities guide for advanced designs, materials, and manufacturing insights. Download now for specifications.","robots":{"index":"index","follow":"follow","max-snippet":"max-snippet:-1","max-image-preview":"max-image-preview:large","max-video-preview":"max-video-preview:-1"},"canonical":"https:\/\/picamfg.com\/fr\/telechargement-des-fiches-de-capacites-fineline-pcb-de-pica-manufacturing-solutions\/","og_locale":"fr_FR","og_type":"article","og_title":"T\u00e9l\u00e9chargement des fiches de specifications Fineline PCB de PICA Manufacturing Solutions - PICA Manufacturing Solutions","og_description":"Access PICA's Fineline PCB capabilities guide for advanced designs, materials, and manufacturing insights. Download now for specifications.","og_url":"https:\/\/picamfg.com\/fr\/telechargement-des-fiches-de-capacites-fineline-pcb-de-pica-manufacturing-solutions\/","og_site_name":"PICA Manufacturing Solutions","article_publisher":"https:\/\/www.facebook.com\/Picamfg","article_modified_time":"2026-01-28T15:46:53+00:00","og_image":[{"width":2500,"height":1667,"url":"https:\/\/picamfg.com\/wp-content\/uploads\/2026\/01\/French-Fineline-pic.jpg","type":"image\/jpeg"}],"twitter_card":"summary_large_image","twitter_misc":{"Dur\u00e9e de lecture estim\u00e9e":"2 minutes"},"schema":{"@context":"https:\/\/schema.org","@graph":[{"@type":"WebPage","@id":"https:\/\/picamfg.com\/fr\/telechargement-des-fiches-de-capacites-fineline-pcb-de-pica-manufacturing-solutions\/","url":"https:\/\/picamfg.com\/fr\/telechargement-des-fiches-de-capacites-fineline-pcb-de-pica-manufacturing-solutions\/","name":"T\u00e9l\u00e9chargement des fiches de specifications Fineline PCB de PICA Manufacturing Solutions - PICA Manufacturing Solutions","isPartOf":{"@id":"https:\/\/picamfg.com\/fr\/#website"},"primaryImageOfPage":{"@id":"https:\/\/picamfg.com\/fr\/telechargement-des-fiches-de-capacites-fineline-pcb-de-pica-manufacturing-solutions\/#primaryimage"},"image":{"@id":"https:\/\/picamfg.com\/fr\/telechargement-des-fiches-de-capacites-fineline-pcb-de-pica-manufacturing-solutions\/#primaryimage"},"thumbnailUrl":"https:\/\/picamfg.com\/wp-content\/uploads\/2026\/01\/French-Fineline-pic-1024x683.jpg","datePublished":"2024-11-21T14:51:12+00:00","dateModified":"2026-01-28T15:46:53+00:00","description":"Access PICA's Fineline PCB capabilities guide for advanced designs, materials, and manufacturing insights. Download now for specifications.","breadcrumb":{"@id":"https:\/\/picamfg.com\/fr\/telechargement-des-fiches-de-capacites-fineline-pcb-de-pica-manufacturing-solutions\/#breadcrumb"},"inLanguage":"fr-FR","potentialAction":[{"@type":"ReadAction","target":["https:\/\/picamfg.com\/fr\/telechargement-des-fiches-de-capacites-fineline-pcb-de-pica-manufacturing-solutions\/"]}]},{"@type":"ImageObject","inLanguage":"fr-FR","@id":"https:\/\/picamfg.com\/fr\/telechargement-des-fiches-de-capacites-fineline-pcb-de-pica-manufacturing-solutions\/#primaryimage","url":"https:\/\/picamfg.com\/wp-content\/uploads\/2026\/01\/French-Fineline-pic-1024x683.jpg","contentUrl":"https:\/\/picamfg.com\/wp-content\/uploads\/2026\/01\/French-Fineline-pic-1024x683.jpg"},{"@type":"BreadcrumbList","@id":"https:\/\/picamfg.com\/fr\/telechargement-des-fiches-de-capacites-fineline-pcb-de-pica-manufacturing-solutions\/#breadcrumb","itemListElement":[{"@type":"ListItem","position":1,"name":"Home","item":"https:\/\/picamfg.com\/fr\/"},{"@type":"ListItem","position":2,"name":"T\u00e9l\u00e9chargement des fiches de specifications Fineline PCB de PICA Manufacturing Solutions"}]},{"@type":"WebSite","@id":"https:\/\/picamfg.com\/fr\/#website","url":"https:\/\/picamfg.com\/fr\/","name":"PICA Manufacturing Solutions","description":"Pick a Partner - Not Parts","publisher":{"@id":"https:\/\/picamfg.com\/fr\/#organization"},"potentialAction":[{"@type":"SearchAction","target":{"@type":"EntryPoint","urlTemplate":"https:\/\/picamfg.com\/fr\/?s={search_term_string}"},"query-input":{"@type":"PropertyValueSpecification","valueRequired":true,"valueName":"search_term_string"}}],"inLanguage":"fr-FR"},{"@type":"Organization","@id":"https:\/\/picamfg.com\/fr\/#organization","name":"PICA Manufacturing Solutions","url":"https:\/\/picamfg.com\/fr\/","logo":{"@type":"ImageObject","inLanguage":"fr-FR","@id":"https:\/\/picamfg.com\/fr\/#\/schema\/logo\/image\/","url":"https:\/\/picamfg.com\/wp-content\/uploads\/2023\/07\/pica-manufacturing-solutions.png","contentUrl":"https:\/\/picamfg.com\/wp-content\/uploads\/2023\/07\/pica-manufacturing-solutions.png","width":381,"height":154,"caption":"PICA Manufacturing Solutions"},"image":{"@id":"https:\/\/picamfg.com\/fr\/#\/schema\/logo\/image\/"},"sameAs":["https:\/\/www.facebook.com\/Picamfg","https:\/\/www.linkedin.com\/company\/pica-manufacturing-solutions\/"]}]}},"_links":{"self":[{"href":"https:\/\/picamfg.com\/fr\/wp-json\/wp\/v2\/pages\/19181","targetHints":{"allow":["GET"]}}],"collection":[{"href":"https:\/\/picamfg.com\/fr\/wp-json\/wp\/v2\/pages"}],"about":[{"href":"https:\/\/picamfg.com\/fr\/wp-json\/wp\/v2\/types\/page"}],"author":[{"embeddable":true,"href":"https:\/\/picamfg.com\/fr\/wp-json\/wp\/v2\/users\/13"}],"replies":[{"embeddable":true,"href":"https:\/\/picamfg.com\/fr\/wp-json\/wp\/v2\/comments?post=19181"}],"version-history":[{"count":9,"href":"https:\/\/picamfg.com\/fr\/wp-json\/wp\/v2\/pages\/19181\/revisions"}],"predecessor-version":[{"id":19574,"href":"https:\/\/picamfg.com\/fr\/wp-json\/wp\/v2\/pages\/19181\/revisions\/19574"}],"wp:attachment":[{"href":"https:\/\/picamfg.com\/fr\/wp-json\/wp\/v2\/media?parent=19181"}],"wp:term":[{"taxonomy":"post_tag","embeddable":true,"href":"https:\/\/picamfg.com\/fr\/wp-json\/wp\/v2\/tags?post=19181"}],"curies":[{"name":"wp","href":"https:\/\/api.w.org\/{rel}","templated":true}]}}