{"id":19177,"date":"2024-11-21T14:37:29","date_gmt":"2024-11-21T14:37:29","guid":{"rendered":"https:\/\/picamfg.com\/telechargement-des-fiches-de-capacites-des-circuits-imprimes-de-pica-manufacturing-solutionspica-manufacturing-solutions-printed-circuit-boards-capabilities-download\/"},"modified":"2026-01-28T15:43:10","modified_gmt":"2026-01-28T15:43:10","slug":"telechargement-des-fiches-de-capacites-des-circuits-imprimes-de-pica-manufacturing-solutionspica-manufacturing-solutions-printed-circuit-boards-capabilities-download","status":"publish","type":"page","link":"https:\/\/picamfg.com\/fr\/telechargement-des-fiches-de-capacites-des-circuits-imprimes-de-pica-manufacturing-solutionspica-manufacturing-solutions-printed-circuit-boards-capabilities-download\/","title":{"rendered":"T\u00e9l\u00e9chargement des fiches de specifications des circuits imprim\u00e9s de PICA Manufacturing Solutions"},"content":{"rendered":"\t\t<div data-elementor-type=\"wp-page\" data-elementor-id=\"19177\" class=\"elementor elementor-19177 elementor-13388\" data-elementor-post-type=\"page\">\n\t\t\t\t<div class=\"elementor-element elementor-element-ee4bdfc e-flex e-con-boxed e-con e-parent\" data-id=\"ee4bdfc\" data-element_type=\"container\">\r\n\t\t\t\t\t<div class=\"e-con-inner\">\r\n\t\t\t\t<div class=\"elementor-element elementor-element-9b29f36 elementor-widget elementor-widget-text-editor\" data-id=\"9b29f36\" data-element_type=\"widget\" data-widget_type=\"text-editor.default\">\n\t\t\t\t<div class=\"elementor-widget-container\">\n\t\t\t\t\t\t\t\t\t<p><strong>T\u00e9l\u00e9charger les specifications en circuits imprim\u00e9s de PICA Manufacturing Solutions<\/strong><\/p>\t\t\t\t\t\t\t\t<\/div>\n\t\t\t\t<\/div>\n\t\t\t\t\t<\/div>\n\t\t\t\t<\/div>\n\t\t<div class=\"elementor-element elementor-element-f7c354a e-flex e-con-boxed e-con e-parent\" data-id=\"f7c354a\" data-element_type=\"container\">\r\n\t\t\t\t\t<div class=\"e-con-inner\">\r\n\t\t<div class=\"elementor-element elementor-element-3bcdc63 e-flex e-con-boxed e-con e-child\" data-id=\"3bcdc63\" data-element_type=\"container\">\r\n\t\t\t\t\t<div class=\"e-con-inner\">\r\n\t\t\t\t<div class=\"elementor-element elementor-element-a9f91f9 elementor-widget elementor-widget-heading\" data-id=\"a9f91f9\" data-element_type=\"widget\" data-widget_type=\"heading.default\">\n\t\t\t\t<div class=\"elementor-widget-container\">\n\t\t\t\t\t<h2 class=\"elementor-heading-title elementor-size-default\">Specifications des circuits imprim\u00e9s<\/h2>\t\t\t\t<\/div>\n\t\t\t\t<\/div>\n\t\t\t\t<div class=\"elementor-element elementor-element-0690ea2 elementor-widget elementor-widget-text-editor\" data-id=\"0690ea2\" data-element_type=\"widget\" data-widget_type=\"text-editor.default\">\n\t\t\t\t<div class=\"elementor-widget-container\">\n\t\t\t\t\t\t\t\t\t<p>Les circuits imprim\u00e9s (PCB) constituent la base de l\u2019\u00e9lectronique moderne, assurant la fonctionnalit\u00e9 et la connectivit\u00e9 dans un large \u00e9ventail d\u2019applications. Chez PICA Manufacturing Solutions, nous fournissons des solutions de circuits imprim\u00e9s personnalis\u00e9es et de haute qualit\u00e9, con\u00e7ues pour r\u00e9pondre aux exigences de secteurs vari\u00e9s tels que l\u2019a\u00e9ronautique, les dispositifs m\u00e9dicaux et l\u2019\u00e9lectronique grand public.<br>Qu\u2019il s\u2019agisse de conceptions flexibles, rigides ou rigide-flex, nos circuits imprim\u00e9s sont d\u00e9velopp\u00e9s pour garantir fiabilit\u00e9, pr\u00e9cision et durabilit\u00e9 \u00e0 chaque projet. Notre expertise va au-del\u00e0 de la fabrication : nous collaborons \u00e9troitement avec vous afin d\u2019optimiser vos conceptions, tant en termes de performances que de ma\u00eetrise des co\u00fbts. Du choix des mat\u00e9riaux les plus adapt\u00e9s \u00e0 l\u2019ing\u00e9nierie de configurations multicouches avanc\u00e9es, nous veillons \u00e0 ce que chaque PCB soit parfaitement adapt\u00e9 aux exigences sp\u00e9cifiques de votre application.<br>Avec PICA, vous b\u00e9n\u00e9ficiez d\u2019un partenaire de confiance, engag\u00e9 \u00e0 fournir des solutions PCB innovantes qui soutiennent durablement votre r\u00e9ussite.     <\/p>\t\t\t\t\t\t\t\t<\/div>\n\t\t\t\t<\/div>\n\t\t\t\t\t<\/div>\n\t\t\t\t<\/div>\n\t\t<div class=\"elementor-element elementor-element-93a0b6b e-flex e-con-boxed e-con e-child\" data-id=\"93a0b6b\" data-element_type=\"container\">\r\n\t\t\t\t\t<div class=\"e-con-inner\">\r\n\t\t\t\t<div class=\"elementor-element elementor-element-03d8112 elementor-widget elementor-widget-image\" data-id=\"03d8112\" data-element_type=\"widget\" data-widget_type=\"image.default\">\n\t\t\t\t<div class=\"elementor-widget-container\">\n\t\t\t\t\t\t\t\t\t\t\t\t\t\t\t<img fetchpriority=\"high\" decoding=\"async\" width=\"1024\" height=\"683\" src=\"https:\/\/picamfg.com\/wp-content\/uploads\/2026\/01\/PCB-French-img-1024x683.jpg\" class=\"attachment-large size-large wp-image-18338\" alt=\"An infographic highlighting PICA Manufacturing Solutions&#039; comprehensive capabilities in flexible and rigid-flex PCB manufacturing, including design support, advanced assembly techniques, and engineering-driven solutions tailored for various industries\" srcset=\"https:\/\/picamfg.com\/wp-content\/uploads\/2026\/01\/PCB-French-img-1024x683.jpg 1024w, https:\/\/picamfg.com\/wp-content\/uploads\/2026\/01\/PCB-French-img-768x512.jpg 768w, https:\/\/picamfg.com\/wp-content\/uploads\/2026\/01\/PCB-French-img-640x427.jpg 640w, https:\/\/picamfg.com\/wp-content\/uploads\/2026\/01\/PCB-French-img-400x267.jpg 400w, https:\/\/picamfg.com\/wp-content\/uploads\/2026\/01\/PCB-French-img-367x245.jpg 367w\" sizes=\"(max-width: 1024px) 100vw, 1024px\" \/>\t\t\t\t\t\t\t\t\t\t\t\t\t\t\t<\/div>\n\t\t\t\t<\/div>\n\t\t\t\t\t<\/div>\n\t\t\t\t<\/div>\n\t\t\t\t\t<\/div>\n\t\t\t\t<\/div>\n\t\t<div class=\"elementor-element elementor-element-ceab89a e-flex e-con-boxed e-con e-parent\" data-id=\"ceab89a\" data-element_type=\"container\">\r\n\t\t\t\t\t<div class=\"e-con-inner\">\r\n\t\t\t\t<div class=\"elementor-element elementor-element-d306f2d elementor-widget elementor-widget-text-editor\" data-id=\"d306f2d\" data-element_type=\"widget\" data-widget_type=\"text-editor.default\">\n\t\t\t\t<div class=\"elementor-widget-container\">\n\t\t\t\t\t\t\t\t\t<h4>Remplissez le formulaire ci-dessous pour demander le PDF complet des specifications en circuits imprim\u00e9s de PICA Manufacturing Solutions<\/h4>\t\t\t\t\t\t\t\t<\/div>\n\t\t\t\t<\/div>\n\t\t\t\t\t<\/div>\n\t\t\t\t<\/div>\n\t\t<div class=\"elementor-element elementor-element-023d15a e-flex e-con-boxed e-con e-parent\" data-id=\"023d15a\" data-element_type=\"container\">\r\n\t\t\t\t\t<div class=\"e-con-inner\">\r\n\t\t\t\t<div class=\"elementor-element elementor-element-1d9e0db elementor-widget elementor-widget-html\" data-id=\"1d9e0db\" data-element_type=\"widget\" data-widget_type=\"html.default\">\n\t\t\t\t<div class=\"elementor-widget-container\">\n\t\t\t\t\t<script charset=\"utf-8\" type=\"text\/javascript\" src=\"\/\/js.hsforms.net\/forms\/embed\/v2.js\"><\/script>\n<script>\n  hbspt.forms.create({\n    portalId: \"23722413\",\n    formId: \"3b38380c-eb32-474a-b648-3ff239f93cd0\",\n    region: \"na1\"\n  });\n<\/script>\t\t\t\t<\/div>\n\t\t\t\t<\/div>\n\t\t\t\t\t<\/div>\n\t\t\t\t<\/div>\n\t\t\t\t<\/div>\n\t\t","protected":false},"excerpt":{"rendered":"<p>T\u00e9l\u00e9charger les specifications en circuits imprim\u00e9s de PICA Manufacturing Solutions Specifications des circuits imprim\u00e9s Les circuits imprim\u00e9s (PCB) constituent la base de l\u2019\u00e9lectronique moderne, assurant la fonctionnalit\u00e9 et la connectivit\u00e9 dans un large \u00e9ventail d\u2019applications. Chez PICA Manufacturing Solutions, nous fournissons des solutions de circuits imprim\u00e9s personnalis\u00e9es et de haute qualit\u00e9, con\u00e7ues pour r\u00e9pondre aux&#8230;&nbsp;<a class=\"moretag\" href=\"https:\/\/picamfg.com\/fr\/telechargement-des-fiches-de-capacites-des-circuits-imprimes-de-pica-manufacturing-solutionspica-manufacturing-solutions-printed-circuit-boards-capabilities-download\/\">READ MORE<\/a><\/p>\n","protected":false},"author":13,"featured_media":0,"parent":0,"menu_order":18,"comment_status":"closed","ping_status":"closed","template":"","meta":{"_acf_changed":false,"content-type":"","footnotes":""},"tags":[],"class_list":["post-19177","page","type-page","status-publish","hentry"],"acf":[],"yoast_head":"<!-- This site is optimized with the Yoast SEO plugin v27.1.1 - https:\/\/yoast.com\/product\/yoast-seo-wordpress\/ -->\n<title>Printed Circuit Board Capabilities | PICA Manufacturing Solutions<\/title>\n<meta name=\"description\" content=\"Explore PICA\u2019s PCB capabilities\u2014advanced layering, materials, precision, and assembly integration. Discover what we can build.\" \/>\n<meta name=\"robots\" content=\"index, follow, max-snippet:-1, max-image-preview:large, max-video-preview:-1\" \/>\n<link rel=\"canonical\" href=\"https:\/\/picamfg.com\/fr\/telechargement-des-fiches-de-capacites-des-circuits-imprimes-de-pica-manufacturing-solutionspica-manufacturing-solutions-printed-circuit-boards-capabilities-download\/\" \/>\n<meta property=\"og:locale\" content=\"fr_FR\" \/>\n<meta property=\"og:type\" content=\"article\" \/>\n<meta property=\"og:title\" content=\"Printed Circuit Board Capabilities | PICA Manufacturing Solutions\" \/>\n<meta property=\"og:description\" content=\"Explore PICA\u2019s PCB capabilities\u2014advanced layering, materials, precision, and assembly integration. Discover what we can build.\" \/>\n<meta property=\"og:url\" content=\"https:\/\/picamfg.com\/fr\/telechargement-des-fiches-de-capacites-des-circuits-imprimes-de-pica-manufacturing-solutionspica-manufacturing-solutions-printed-circuit-boards-capabilities-download\/\" \/>\n<meta property=\"og:site_name\" content=\"PICA Manufacturing Solutions\" \/>\n<meta property=\"article:publisher\" content=\"https:\/\/www.facebook.com\/Picamfg\" \/>\n<meta property=\"article:modified_time\" content=\"2026-01-28T15:43:10+00:00\" \/>\n<meta property=\"og:image\" content=\"https:\/\/picamfg.com\/wp-content\/uploads\/2026\/01\/PCB-French-img.jpg\" \/>\n\t<meta property=\"og:image:width\" content=\"2500\" \/>\n\t<meta property=\"og:image:height\" content=\"1667\" \/>\n\t<meta property=\"og:image:type\" content=\"image\/jpeg\" \/>\n<meta name=\"twitter:card\" content=\"summary_large_image\" \/>\n<meta name=\"twitter:label1\" content=\"Dur\u00e9e de lecture estim\u00e9e\" \/>\n\t<meta name=\"twitter:data1\" content=\"2 minutes\" \/>\n<script type=\"application\/ld+json\" class=\"yoast-schema-graph\">{\"@context\":\"https:\/\/schema.org\",\"@graph\":[{\"@type\":\"WebPage\",\"@id\":\"https:\/\/picamfg.com\/fr\/telechargement-des-fiches-de-capacites-des-circuits-imprimes-de-pica-manufacturing-solutionspica-manufacturing-solutions-printed-circuit-boards-capabilities-download\/\",\"url\":\"https:\/\/picamfg.com\/fr\/telechargement-des-fiches-de-capacites-des-circuits-imprimes-de-pica-manufacturing-solutionspica-manufacturing-solutions-printed-circuit-boards-capabilities-download\/\",\"name\":\"Printed Circuit Board Capabilities | PICA Manufacturing Solutions\",\"isPartOf\":{\"@id\":\"https:\/\/picamfg.com\/fr\/#website\"},\"primaryImageOfPage\":{\"@id\":\"https:\/\/picamfg.com\/fr\/telechargement-des-fiches-de-capacites-des-circuits-imprimes-de-pica-manufacturing-solutionspica-manufacturing-solutions-printed-circuit-boards-capabilities-download\/#primaryimage\"},\"image\":{\"@id\":\"https:\/\/picamfg.com\/fr\/telechargement-des-fiches-de-capacites-des-circuits-imprimes-de-pica-manufacturing-solutionspica-manufacturing-solutions-printed-circuit-boards-capabilities-download\/#primaryimage\"},\"thumbnailUrl\":\"https:\/\/picamfg.com\/wp-content\/uploads\/2026\/01\/PCB-French-img-1024x683.jpg\",\"datePublished\":\"2024-11-21T14:37:29+00:00\",\"dateModified\":\"2026-01-28T15:43:10+00:00\",\"description\":\"Explore PICA\u2019s PCB capabilities\u2014advanced layering, materials, precision, and assembly integration. Discover what we can build.\",\"breadcrumb\":{\"@id\":\"https:\/\/picamfg.com\/fr\/telechargement-des-fiches-de-capacites-des-circuits-imprimes-de-pica-manufacturing-solutionspica-manufacturing-solutions-printed-circuit-boards-capabilities-download\/#breadcrumb\"},\"inLanguage\":\"fr-FR\",\"potentialAction\":[{\"@type\":\"ReadAction\",\"target\":[\"https:\/\/picamfg.com\/fr\/telechargement-des-fiches-de-capacites-des-circuits-imprimes-de-pica-manufacturing-solutionspica-manufacturing-solutions-printed-circuit-boards-capabilities-download\/\"]}]},{\"@type\":\"ImageObject\",\"inLanguage\":\"fr-FR\",\"@id\":\"https:\/\/picamfg.com\/fr\/telechargement-des-fiches-de-capacites-des-circuits-imprimes-de-pica-manufacturing-solutionspica-manufacturing-solutions-printed-circuit-boards-capabilities-download\/#primaryimage\",\"url\":\"https:\/\/picamfg.com\/wp-content\/uploads\/2026\/01\/PCB-French-img-1024x683.jpg\",\"contentUrl\":\"https:\/\/picamfg.com\/wp-content\/uploads\/2026\/01\/PCB-French-img-1024x683.jpg\"},{\"@type\":\"BreadcrumbList\",\"@id\":\"https:\/\/picamfg.com\/fr\/telechargement-des-fiches-de-capacites-des-circuits-imprimes-de-pica-manufacturing-solutionspica-manufacturing-solutions-printed-circuit-boards-capabilities-download\/#breadcrumb\",\"itemListElement\":[{\"@type\":\"ListItem\",\"position\":1,\"name\":\"Home\",\"item\":\"https:\/\/picamfg.com\/fr\/\"},{\"@type\":\"ListItem\",\"position\":2,\"name\":\"T\u00e9l\u00e9chargement des fiches de specifications des circuits imprim\u00e9s de PICA Manufacturing Solutions\"}]},{\"@type\":\"WebSite\",\"@id\":\"https:\/\/picamfg.com\/fr\/#website\",\"url\":\"https:\/\/picamfg.com\/fr\/\",\"name\":\"PICA Manufacturing Solutions\",\"description\":\"Pick a Partner - Not Parts\",\"publisher\":{\"@id\":\"https:\/\/picamfg.com\/fr\/#organization\"},\"potentialAction\":[{\"@type\":\"SearchAction\",\"target\":{\"@type\":\"EntryPoint\",\"urlTemplate\":\"https:\/\/picamfg.com\/fr\/?s={search_term_string}\"},\"query-input\":{\"@type\":\"PropertyValueSpecification\",\"valueRequired\":true,\"valueName\":\"search_term_string\"}}],\"inLanguage\":\"fr-FR\"},{\"@type\":\"Organization\",\"@id\":\"https:\/\/picamfg.com\/fr\/#organization\",\"name\":\"PICA Manufacturing Solutions\",\"url\":\"https:\/\/picamfg.com\/fr\/\",\"logo\":{\"@type\":\"ImageObject\",\"inLanguage\":\"fr-FR\",\"@id\":\"https:\/\/picamfg.com\/fr\/#\/schema\/logo\/image\/\",\"url\":\"https:\/\/picamfg.com\/wp-content\/uploads\/2023\/07\/pica-manufacturing-solutions.png\",\"contentUrl\":\"https:\/\/picamfg.com\/wp-content\/uploads\/2023\/07\/pica-manufacturing-solutions.png\",\"width\":381,\"height\":154,\"caption\":\"PICA Manufacturing Solutions\"},\"image\":{\"@id\":\"https:\/\/picamfg.com\/fr\/#\/schema\/logo\/image\/\"},\"sameAs\":[\"https:\/\/www.facebook.com\/Picamfg\",\"https:\/\/www.linkedin.com\/company\/pica-manufacturing-solutions\/\"]}]}<\/script>\n<!-- \/ Yoast SEO plugin. -->","yoast_head_json":{"title":"Printed Circuit Board Capabilities | PICA Manufacturing Solutions","description":"Explore PICA\u2019s PCB capabilities\u2014advanced layering, materials, precision, and assembly integration. Discover what we can build.","robots":{"index":"index","follow":"follow","max-snippet":"max-snippet:-1","max-image-preview":"max-image-preview:large","max-video-preview":"max-video-preview:-1"},"canonical":"https:\/\/picamfg.com\/fr\/telechargement-des-fiches-de-capacites-des-circuits-imprimes-de-pica-manufacturing-solutionspica-manufacturing-solutions-printed-circuit-boards-capabilities-download\/","og_locale":"fr_FR","og_type":"article","og_title":"Printed Circuit Board Capabilities | PICA Manufacturing Solutions","og_description":"Explore PICA\u2019s PCB capabilities\u2014advanced layering, materials, precision, and assembly integration. Discover what we can build.","og_url":"https:\/\/picamfg.com\/fr\/telechargement-des-fiches-de-capacites-des-circuits-imprimes-de-pica-manufacturing-solutionspica-manufacturing-solutions-printed-circuit-boards-capabilities-download\/","og_site_name":"PICA Manufacturing Solutions","article_publisher":"https:\/\/www.facebook.com\/Picamfg","article_modified_time":"2026-01-28T15:43:10+00:00","og_image":[{"width":2500,"height":1667,"url":"https:\/\/picamfg.com\/wp-content\/uploads\/2026\/01\/PCB-French-img.jpg","type":"image\/jpeg"}],"twitter_card":"summary_large_image","twitter_misc":{"Dur\u00e9e de lecture estim\u00e9e":"2 minutes"},"schema":{"@context":"https:\/\/schema.org","@graph":[{"@type":"WebPage","@id":"https:\/\/picamfg.com\/fr\/telechargement-des-fiches-de-capacites-des-circuits-imprimes-de-pica-manufacturing-solutionspica-manufacturing-solutions-printed-circuit-boards-capabilities-download\/","url":"https:\/\/picamfg.com\/fr\/telechargement-des-fiches-de-capacites-des-circuits-imprimes-de-pica-manufacturing-solutionspica-manufacturing-solutions-printed-circuit-boards-capabilities-download\/","name":"Printed Circuit Board Capabilities | PICA Manufacturing Solutions","isPartOf":{"@id":"https:\/\/picamfg.com\/fr\/#website"},"primaryImageOfPage":{"@id":"https:\/\/picamfg.com\/fr\/telechargement-des-fiches-de-capacites-des-circuits-imprimes-de-pica-manufacturing-solutionspica-manufacturing-solutions-printed-circuit-boards-capabilities-download\/#primaryimage"},"image":{"@id":"https:\/\/picamfg.com\/fr\/telechargement-des-fiches-de-capacites-des-circuits-imprimes-de-pica-manufacturing-solutionspica-manufacturing-solutions-printed-circuit-boards-capabilities-download\/#primaryimage"},"thumbnailUrl":"https:\/\/picamfg.com\/wp-content\/uploads\/2026\/01\/PCB-French-img-1024x683.jpg","datePublished":"2024-11-21T14:37:29+00:00","dateModified":"2026-01-28T15:43:10+00:00","description":"Explore PICA\u2019s PCB capabilities\u2014advanced layering, materials, precision, and assembly integration. Discover what we can build.","breadcrumb":{"@id":"https:\/\/picamfg.com\/fr\/telechargement-des-fiches-de-capacites-des-circuits-imprimes-de-pica-manufacturing-solutionspica-manufacturing-solutions-printed-circuit-boards-capabilities-download\/#breadcrumb"},"inLanguage":"fr-FR","potentialAction":[{"@type":"ReadAction","target":["https:\/\/picamfg.com\/fr\/telechargement-des-fiches-de-capacites-des-circuits-imprimes-de-pica-manufacturing-solutionspica-manufacturing-solutions-printed-circuit-boards-capabilities-download\/"]}]},{"@type":"ImageObject","inLanguage":"fr-FR","@id":"https:\/\/picamfg.com\/fr\/telechargement-des-fiches-de-capacites-des-circuits-imprimes-de-pica-manufacturing-solutionspica-manufacturing-solutions-printed-circuit-boards-capabilities-download\/#primaryimage","url":"https:\/\/picamfg.com\/wp-content\/uploads\/2026\/01\/PCB-French-img-1024x683.jpg","contentUrl":"https:\/\/picamfg.com\/wp-content\/uploads\/2026\/01\/PCB-French-img-1024x683.jpg"},{"@type":"BreadcrumbList","@id":"https:\/\/picamfg.com\/fr\/telechargement-des-fiches-de-capacites-des-circuits-imprimes-de-pica-manufacturing-solutionspica-manufacturing-solutions-printed-circuit-boards-capabilities-download\/#breadcrumb","itemListElement":[{"@type":"ListItem","position":1,"name":"Home","item":"https:\/\/picamfg.com\/fr\/"},{"@type":"ListItem","position":2,"name":"T\u00e9l\u00e9chargement des fiches de specifications des circuits imprim\u00e9s de PICA Manufacturing Solutions"}]},{"@type":"WebSite","@id":"https:\/\/picamfg.com\/fr\/#website","url":"https:\/\/picamfg.com\/fr\/","name":"PICA Manufacturing Solutions","description":"Pick a Partner - Not Parts","publisher":{"@id":"https:\/\/picamfg.com\/fr\/#organization"},"potentialAction":[{"@type":"SearchAction","target":{"@type":"EntryPoint","urlTemplate":"https:\/\/picamfg.com\/fr\/?s={search_term_string}"},"query-input":{"@type":"PropertyValueSpecification","valueRequired":true,"valueName":"search_term_string"}}],"inLanguage":"fr-FR"},{"@type":"Organization","@id":"https:\/\/picamfg.com\/fr\/#organization","name":"PICA Manufacturing Solutions","url":"https:\/\/picamfg.com\/fr\/","logo":{"@type":"ImageObject","inLanguage":"fr-FR","@id":"https:\/\/picamfg.com\/fr\/#\/schema\/logo\/image\/","url":"https:\/\/picamfg.com\/wp-content\/uploads\/2023\/07\/pica-manufacturing-solutions.png","contentUrl":"https:\/\/picamfg.com\/wp-content\/uploads\/2023\/07\/pica-manufacturing-solutions.png","width":381,"height":154,"caption":"PICA Manufacturing Solutions"},"image":{"@id":"https:\/\/picamfg.com\/fr\/#\/schema\/logo\/image\/"},"sameAs":["https:\/\/www.facebook.com\/Picamfg","https:\/\/www.linkedin.com\/company\/pica-manufacturing-solutions\/"]}]}},"_links":{"self":[{"href":"https:\/\/picamfg.com\/fr\/wp-json\/wp\/v2\/pages\/19177","targetHints":{"allow":["GET"]}}],"collection":[{"href":"https:\/\/picamfg.com\/fr\/wp-json\/wp\/v2\/pages"}],"about":[{"href":"https:\/\/picamfg.com\/fr\/wp-json\/wp\/v2\/types\/page"}],"author":[{"embeddable":true,"href":"https:\/\/picamfg.com\/fr\/wp-json\/wp\/v2\/users\/13"}],"replies":[{"embeddable":true,"href":"https:\/\/picamfg.com\/fr\/wp-json\/wp\/v2\/comments?post=19177"}],"version-history":[{"count":14,"href":"https:\/\/picamfg.com\/fr\/wp-json\/wp\/v2\/pages\/19177\/revisions"}],"predecessor-version":[{"id":19568,"href":"https:\/\/picamfg.com\/fr\/wp-json\/wp\/v2\/pages\/19177\/revisions\/19568"}],"wp:attachment":[{"href":"https:\/\/picamfg.com\/fr\/wp-json\/wp\/v2\/media?parent=19177"}],"wp:term":[{"taxonomy":"post_tag","embeddable":true,"href":"https:\/\/picamfg.com\/fr\/wp-json\/wp\/v2\/tags?post=19177"}],"curies":[{"name":"wp","href":"https:\/\/api.w.org\/{rel}","templated":true}]}}