{"id":19170,"date":"2024-11-21T14:24:56","date_gmt":"2024-11-21T14:24:56","guid":{"rendered":"https:\/\/picamfg.com\/telechargement-des-fiches-de-capacites-des-circuits-imprimes-rigide-flex-de-pica-manufacturing-solutions\/"},"modified":"2026-01-28T15:39:04","modified_gmt":"2026-01-28T15:39:04","slug":"telechargement-des-fiches-de-capacites-des-circuits-imprimes-rigide-flex-de-pica-manufacturing-solutions","status":"publish","type":"page","link":"https:\/\/picamfg.com\/fr\/telechargement-des-fiches-de-capacites-des-circuits-imprimes-rigide-flex-de-pica-manufacturing-solutions\/","title":{"rendered":"T\u00e9l\u00e9chargement des fiches de specifications des circuits imprim\u00e9s rigide-flex de PICA Manufacturing Solutions"},"content":{"rendered":"\t\t<div data-elementor-type=\"wp-page\" data-elementor-id=\"19170\" class=\"elementor elementor-19170 elementor-13389\" data-elementor-post-type=\"page\">\n\t\t\t\t<div class=\"elementor-element elementor-element-ee4bdfc e-flex e-con-boxed e-con e-parent\" data-id=\"ee4bdfc\" data-element_type=\"container\">\r\n\t\t\t\t\t<div class=\"e-con-inner\">\r\n\t\t\t\t<div class=\"elementor-element elementor-element-9b29f36 elementor-widget elementor-widget-text-editor\" data-id=\"9b29f36\" data-element_type=\"widget\" data-widget_type=\"text-editor.default\">\n\t\t\t\t<div class=\"elementor-widget-container\">\n\t\t\t\t\t\t\t\t\t<p><strong>T\u00e9l\u00e9charger les specifications rigide-flex de PICA Manufacturing Solutions<\/strong><\/p>\t\t\t\t\t\t\t\t<\/div>\n\t\t\t\t<\/div>\n\t\t\t\t\t<\/div>\n\t\t\t\t<\/div>\n\t\t<div class=\"elementor-element elementor-element-3537ec6 e-flex e-con-boxed e-con e-parent\" data-id=\"3537ec6\" data-element_type=\"container\">\r\n\t\t\t\t\t<div class=\"e-con-inner\">\r\n\t\t<div class=\"elementor-element elementor-element-96b4b42 e-flex e-con-boxed e-con e-child\" data-id=\"96b4b42\" data-element_type=\"container\">\r\n\t\t\t\t\t<div class=\"e-con-inner\">\r\n\t\t\t\t<div class=\"elementor-element elementor-element-80486a3 elementor-widget elementor-widget-heading\" data-id=\"80486a3\" data-element_type=\"widget\" data-widget_type=\"heading.default\">\n\t\t\t\t<div class=\"elementor-widget-container\">\n\t\t\t\t\t<h2 class=\"elementor-heading-title elementor-size-default\">Specifications des circuits imprim\u00e9s rigide-flex<\/h2>\t\t\t\t<\/div>\n\t\t\t\t<\/div>\n\t\t\t\t<div class=\"elementor-element elementor-element-c7fd38b elementor-widget elementor-widget-text-editor\" data-id=\"c7fd38b\" data-element_type=\"widget\" data-widget_type=\"text-editor.default\">\n\t\t\t\t<div class=\"elementor-widget-container\">\n\t\t\t\t\t\t\t\t\t<p>Les circuits imprim\u00e9s rigide-flex combinent de mani\u00e8re homog\u00e8ne le meilleur des deux technologies : la stabilit\u00e9 et la fiabilit\u00e9 des circuits imprim\u00e9s rigides, ainsi que la flexibilit\u00e9 et l\u2019adaptabilit\u00e9 des circuits flexibles. Ces solutions hybrides sont id\u00e9ales pour les applications n\u00e9cessitant des conceptions compactes, une r\u00e9duction du poids d\u2019assemblage et des performances accrues dans des environnements contraignants.<br>Chez PICA Manufacturing Solutions, nous exploitons des mat\u00e9riaux avanc\u00e9s et une ing\u00e9nierie de pr\u00e9cision pour concevoir des circuits imprim\u00e9s rigide-flex adapt\u00e9s aux exigences sp\u00e9cifiques de secteurs tels que l\u2019a\u00e9ronautique, les dispositifs m\u00e9dicaux et l\u2019\u00e9lectronique grand public. Notre approche garantit un \u00e9quilibre optimal entre performances \u00e9lectriques, robustesse m\u00e9canique et efficacit\u00e9 de l\u2019espace. Des configurations multicouches complexes aux interconnexions fiables entre sections rigides et flexibles, nous nous concentrons sur des solutions qui simplifient les processus d\u2019assemblage et am\u00e9liorent la fiabilit\u00e9 globale. Faites confiance \u00e0 PICA pour concr\u00e9tiser vos conceptions rigide-flex gr\u00e2ce \u00e0 une expertise reconnue et un engagement constant envers la qualit\u00e9.     <\/p>\t\t\t\t\t\t\t\t<\/div>\n\t\t\t\t<\/div>\n\t\t\t\t\t<\/div>\n\t\t\t\t<\/div>\n\t\t<div class=\"elementor-element elementor-element-370e1f2 e-flex e-con-boxed e-con e-child\" data-id=\"370e1f2\" data-element_type=\"container\">\r\n\t\t\t\t\t<div class=\"e-con-inner\">\r\n\t\t\t\t<div class=\"elementor-element elementor-element-eedf032 elementor-widget elementor-widget-image\" data-id=\"eedf032\" data-element_type=\"widget\" data-widget_type=\"image.default\">\n\t\t\t\t<div class=\"elementor-widget-container\">\n\t\t\t\t\t\t\t\t\t\t\t\t\t\t\t<img fetchpriority=\"high\" decoding=\"async\" width=\"1024\" height=\"683\" src=\"https:\/\/picamfg.com\/wp-content\/uploads\/2026\/01\/Rigid-PCB-French-img-1024x683.jpg\" class=\"attachment-large size-large wp-image-18339\" alt=\"An infographic highlighting PICA Manufacturing Solutions&#039; comprehensive capabilities in flexible and rigid-flex PCB manufacturing, including design support, advanced assembly techniques, and engineering-driven solutions tailored for various industries\" srcset=\"https:\/\/picamfg.com\/wp-content\/uploads\/2026\/01\/Rigid-PCB-French-img-1024x683.jpg 1024w, https:\/\/picamfg.com\/wp-content\/uploads\/2026\/01\/Rigid-PCB-French-img-768x512.jpg 768w, https:\/\/picamfg.com\/wp-content\/uploads\/2026\/01\/Rigid-PCB-French-img-640x427.jpg 640w, https:\/\/picamfg.com\/wp-content\/uploads\/2026\/01\/Rigid-PCB-French-img-400x267.jpg 400w, https:\/\/picamfg.com\/wp-content\/uploads\/2026\/01\/Rigid-PCB-French-img-367x245.jpg 367w\" sizes=\"(max-width: 1024px) 100vw, 1024px\" \/>\t\t\t\t\t\t\t\t\t\t\t\t\t\t\t<\/div>\n\t\t\t\t<\/div>\n\t\t\t\t\t<\/div>\n\t\t\t\t<\/div>\n\t\t\t\t\t<\/div>\n\t\t\t\t<\/div>\n\t\t<div class=\"elementor-element elementor-element-d386d52 e-flex e-con-boxed e-con e-parent\" data-id=\"d386d52\" data-element_type=\"container\">\r\n\t\t\t\t\t<div class=\"e-con-inner\">\r\n\t\t\t\t<div class=\"elementor-element elementor-element-b108e00 elementor-widget elementor-widget-text-editor\" data-id=\"b108e00\" data-element_type=\"widget\" data-widget_type=\"text-editor.default\">\n\t\t\t\t<div class=\"elementor-widget-container\">\n\t\t\t\t\t\t\t\t\t<h4>Remplissez le formulaire ci-dessous pour demander le PDF complet des specifications rigide-flex de PICA Manufacturing Solutions<\/h4>\t\t\t\t\t\t\t\t<\/div>\n\t\t\t\t<\/div>\n\t\t\t\t\t<\/div>\n\t\t\t\t<\/div>\n\t\t<div class=\"elementor-element elementor-element-023d15a e-flex e-con-boxed e-con e-parent\" data-id=\"023d15a\" data-element_type=\"container\">\r\n\t\t\t\t\t<div class=\"e-con-inner\">\r\n\t\t\t\t<div class=\"elementor-element elementor-element-1d9e0db elementor-widget elementor-widget-html\" data-id=\"1d9e0db\" data-element_type=\"widget\" data-widget_type=\"html.default\">\n\t\t\t\t<div class=\"elementor-widget-container\">\n\t\t\t\t\t<script charset=\"utf-8\" type=\"text\/javascript\" src=\"\/\/js.hsforms.net\/forms\/embed\/v2.js\"><\/script>\n<script>\n  hbspt.forms.create({\n    portalId: \"23722413\",\n    formId: \"51431c71-9715-4634-8566-0c1ac65a2a0b\",\n    region: \"na1\"\n  });\n<\/script>\t\t\t\t<\/div>\n\t\t\t\t<\/div>\n\t\t\t\t\t<\/div>\n\t\t\t\t<\/div>\n\t\t\t\t<\/div>\n\t\t","protected":false},"excerpt":{"rendered":"<p>T\u00e9l\u00e9charger les specifications rigide-flex de PICA Manufacturing Solutions Specifications des circuits imprim\u00e9s rigide-flex Les circuits imprim\u00e9s rigide-flex combinent de mani\u00e8re homog\u00e8ne le meilleur des deux technologies : la stabilit\u00e9 et la fiabilit\u00e9 des circuits imprim\u00e9s rigides, ainsi que la flexibilit\u00e9 et l\u2019adaptabilit\u00e9 des circuits flexibles. Ces solutions hybrides sont id\u00e9ales pour les applications n\u00e9cessitant des&#8230;&nbsp;<a class=\"moretag\" href=\"https:\/\/picamfg.com\/fr\/telechargement-des-fiches-de-capacites-des-circuits-imprimes-rigide-flex-de-pica-manufacturing-solutions\/\">READ MORE<\/a><\/p>\n","protected":false},"author":13,"featured_media":0,"parent":0,"menu_order":15,"comment_status":"closed","ping_status":"closed","template":"","meta":{"_acf_changed":false,"content-type":"","footnotes":""},"tags":[],"class_list":["post-19170","page","type-page","status-publish","hentry"],"acf":[],"yoast_head":"<!-- This site is optimized with the Yoast SEO plugin v27.1.1 - https:\/\/yoast.com\/product\/yoast-seo-wordpress\/ -->\n<title>Download Rigid Flex PCB Capabilities | PICA Manufacturing<\/title>\n<meta name=\"description\" content=\"Access PICA&#039;s Rigid Flex PCB capabilities guide for advanced designs, materials, and manufacturing insights. Download now for specifications.\" \/>\n<meta name=\"robots\" content=\"index, follow, max-snippet:-1, max-image-preview:large, max-video-preview:-1\" \/>\n<link rel=\"canonical\" href=\"https:\/\/picamfg.com\/fr\/telechargement-des-fiches-de-capacites-des-circuits-imprimes-rigide-flex-de-pica-manufacturing-solutions\/\" \/>\n<meta property=\"og:locale\" content=\"fr_FR\" \/>\n<meta property=\"og:type\" content=\"article\" \/>\n<meta property=\"og:title\" content=\"Download Rigid Flex PCB Capabilities | PICA Manufacturing\" \/>\n<meta property=\"og:description\" content=\"Access PICA&#039;s Rigid Flex PCB capabilities guide for advanced designs, materials, and manufacturing insights. Download now for specifications.\" \/>\n<meta property=\"og:url\" content=\"https:\/\/picamfg.com\/fr\/telechargement-des-fiches-de-capacites-des-circuits-imprimes-rigide-flex-de-pica-manufacturing-solutions\/\" \/>\n<meta property=\"og:site_name\" content=\"PICA Manufacturing Solutions\" \/>\n<meta property=\"article:publisher\" content=\"https:\/\/www.facebook.com\/Picamfg\" \/>\n<meta property=\"article:modified_time\" content=\"2026-01-28T15:39:04+00:00\" \/>\n<meta property=\"og:image\" content=\"https:\/\/picamfg.com\/wp-content\/uploads\/2026\/01\/Rigid-PCB-French-img-1024x683.jpg\" \/>\n<meta name=\"twitter:card\" content=\"summary_large_image\" \/>\n<meta name=\"twitter:label1\" content=\"Dur\u00e9e de lecture estim\u00e9e\" \/>\n\t<meta name=\"twitter:data1\" content=\"2 minutes\" \/>\n<script type=\"application\/ld+json\" class=\"yoast-schema-graph\">{\"@context\":\"https:\/\/schema.org\",\"@graph\":[{\"@type\":\"WebPage\",\"@id\":\"https:\/\/picamfg.com\/fr\/telechargement-des-fiches-de-capacites-des-circuits-imprimes-rigide-flex-de-pica-manufacturing-solutions\/\",\"url\":\"https:\/\/picamfg.com\/fr\/telechargement-des-fiches-de-capacites-des-circuits-imprimes-rigide-flex-de-pica-manufacturing-solutions\/\",\"name\":\"Download Rigid Flex PCB Capabilities | PICA Manufacturing\",\"isPartOf\":{\"@id\":\"https:\/\/picamfg.com\/fr\/#website\"},\"primaryImageOfPage\":{\"@id\":\"https:\/\/picamfg.com\/fr\/telechargement-des-fiches-de-capacites-des-circuits-imprimes-rigide-flex-de-pica-manufacturing-solutions\/#primaryimage\"},\"image\":{\"@id\":\"https:\/\/picamfg.com\/fr\/telechargement-des-fiches-de-capacites-des-circuits-imprimes-rigide-flex-de-pica-manufacturing-solutions\/#primaryimage\"},\"thumbnailUrl\":\"https:\/\/picamfg.com\/wp-content\/uploads\/2026\/01\/Rigid-PCB-French-img-1024x683.jpg\",\"datePublished\":\"2024-11-21T14:24:56+00:00\",\"dateModified\":\"2026-01-28T15:39:04+00:00\",\"description\":\"Access PICA's Rigid Flex PCB capabilities guide for advanced designs, materials, and manufacturing insights. Download now for specifications.\",\"breadcrumb\":{\"@id\":\"https:\/\/picamfg.com\/fr\/telechargement-des-fiches-de-capacites-des-circuits-imprimes-rigide-flex-de-pica-manufacturing-solutions\/#breadcrumb\"},\"inLanguage\":\"fr-FR\",\"potentialAction\":[{\"@type\":\"ReadAction\",\"target\":[\"https:\/\/picamfg.com\/fr\/telechargement-des-fiches-de-capacites-des-circuits-imprimes-rigide-flex-de-pica-manufacturing-solutions\/\"]}]},{\"@type\":\"ImageObject\",\"inLanguage\":\"fr-FR\",\"@id\":\"https:\/\/picamfg.com\/fr\/telechargement-des-fiches-de-capacites-des-circuits-imprimes-rigide-flex-de-pica-manufacturing-solutions\/#primaryimage\",\"url\":\"https:\/\/picamfg.com\/wp-content\/uploads\/2026\/01\/Rigid-PCB-French-img-1024x683.jpg\",\"contentUrl\":\"https:\/\/picamfg.com\/wp-content\/uploads\/2026\/01\/Rigid-PCB-French-img-1024x683.jpg\"},{\"@type\":\"BreadcrumbList\",\"@id\":\"https:\/\/picamfg.com\/fr\/telechargement-des-fiches-de-capacites-des-circuits-imprimes-rigide-flex-de-pica-manufacturing-solutions\/#breadcrumb\",\"itemListElement\":[{\"@type\":\"ListItem\",\"position\":1,\"name\":\"Home\",\"item\":\"https:\/\/picamfg.com\/fr\/\"},{\"@type\":\"ListItem\",\"position\":2,\"name\":\"T\u00e9l\u00e9chargement des fiches de specifications des circuits imprim\u00e9s rigide-flex de PICA Manufacturing Solutions\"}]},{\"@type\":\"WebSite\",\"@id\":\"https:\/\/picamfg.com\/fr\/#website\",\"url\":\"https:\/\/picamfg.com\/fr\/\",\"name\":\"PICA Manufacturing Solutions\",\"description\":\"Pick a Partner - Not Parts\",\"publisher\":{\"@id\":\"https:\/\/picamfg.com\/fr\/#organization\"},\"potentialAction\":[{\"@type\":\"SearchAction\",\"target\":{\"@type\":\"EntryPoint\",\"urlTemplate\":\"https:\/\/picamfg.com\/fr\/?s={search_term_string}\"},\"query-input\":{\"@type\":\"PropertyValueSpecification\",\"valueRequired\":true,\"valueName\":\"search_term_string\"}}],\"inLanguage\":\"fr-FR\"},{\"@type\":\"Organization\",\"@id\":\"https:\/\/picamfg.com\/fr\/#organization\",\"name\":\"PICA Manufacturing Solutions\",\"url\":\"https:\/\/picamfg.com\/fr\/\",\"logo\":{\"@type\":\"ImageObject\",\"inLanguage\":\"fr-FR\",\"@id\":\"https:\/\/picamfg.com\/fr\/#\/schema\/logo\/image\/\",\"url\":\"https:\/\/picamfg.com\/wp-content\/uploads\/2023\/07\/pica-manufacturing-solutions.png\",\"contentUrl\":\"https:\/\/picamfg.com\/wp-content\/uploads\/2023\/07\/pica-manufacturing-solutions.png\",\"width\":381,\"height\":154,\"caption\":\"PICA Manufacturing Solutions\"},\"image\":{\"@id\":\"https:\/\/picamfg.com\/fr\/#\/schema\/logo\/image\/\"},\"sameAs\":[\"https:\/\/www.facebook.com\/Picamfg\",\"https:\/\/www.linkedin.com\/company\/pica-manufacturing-solutions\/\"]}]}<\/script>\n<!-- \/ Yoast SEO plugin. -->","yoast_head_json":{"title":"Download Rigid Flex PCB Capabilities | PICA Manufacturing","description":"Access PICA's Rigid Flex PCB capabilities guide for advanced designs, materials, and manufacturing insights. Download now for specifications.","robots":{"index":"index","follow":"follow","max-snippet":"max-snippet:-1","max-image-preview":"max-image-preview:large","max-video-preview":"max-video-preview:-1"},"canonical":"https:\/\/picamfg.com\/fr\/telechargement-des-fiches-de-capacites-des-circuits-imprimes-rigide-flex-de-pica-manufacturing-solutions\/","og_locale":"fr_FR","og_type":"article","og_title":"Download Rigid Flex PCB Capabilities | PICA Manufacturing","og_description":"Access PICA's Rigid Flex PCB capabilities guide for advanced designs, materials, and manufacturing insights. Download now for specifications.","og_url":"https:\/\/picamfg.com\/fr\/telechargement-des-fiches-de-capacites-des-circuits-imprimes-rigide-flex-de-pica-manufacturing-solutions\/","og_site_name":"PICA Manufacturing Solutions","article_publisher":"https:\/\/www.facebook.com\/Picamfg","article_modified_time":"2026-01-28T15:39:04+00:00","og_image":[{"url":"https:\/\/picamfg.com\/wp-content\/uploads\/2026\/01\/Rigid-PCB-French-img-1024x683.jpg","type":"","width":"","height":""}],"twitter_card":"summary_large_image","twitter_misc":{"Dur\u00e9e de lecture estim\u00e9e":"2 minutes"},"schema":{"@context":"https:\/\/schema.org","@graph":[{"@type":"WebPage","@id":"https:\/\/picamfg.com\/fr\/telechargement-des-fiches-de-capacites-des-circuits-imprimes-rigide-flex-de-pica-manufacturing-solutions\/","url":"https:\/\/picamfg.com\/fr\/telechargement-des-fiches-de-capacites-des-circuits-imprimes-rigide-flex-de-pica-manufacturing-solutions\/","name":"Download Rigid Flex PCB Capabilities | PICA Manufacturing","isPartOf":{"@id":"https:\/\/picamfg.com\/fr\/#website"},"primaryImageOfPage":{"@id":"https:\/\/picamfg.com\/fr\/telechargement-des-fiches-de-capacites-des-circuits-imprimes-rigide-flex-de-pica-manufacturing-solutions\/#primaryimage"},"image":{"@id":"https:\/\/picamfg.com\/fr\/telechargement-des-fiches-de-capacites-des-circuits-imprimes-rigide-flex-de-pica-manufacturing-solutions\/#primaryimage"},"thumbnailUrl":"https:\/\/picamfg.com\/wp-content\/uploads\/2026\/01\/Rigid-PCB-French-img-1024x683.jpg","datePublished":"2024-11-21T14:24:56+00:00","dateModified":"2026-01-28T15:39:04+00:00","description":"Access PICA's Rigid Flex PCB capabilities guide for advanced designs, materials, and manufacturing insights. Download now for specifications.","breadcrumb":{"@id":"https:\/\/picamfg.com\/fr\/telechargement-des-fiches-de-capacites-des-circuits-imprimes-rigide-flex-de-pica-manufacturing-solutions\/#breadcrumb"},"inLanguage":"fr-FR","potentialAction":[{"@type":"ReadAction","target":["https:\/\/picamfg.com\/fr\/telechargement-des-fiches-de-capacites-des-circuits-imprimes-rigide-flex-de-pica-manufacturing-solutions\/"]}]},{"@type":"ImageObject","inLanguage":"fr-FR","@id":"https:\/\/picamfg.com\/fr\/telechargement-des-fiches-de-capacites-des-circuits-imprimes-rigide-flex-de-pica-manufacturing-solutions\/#primaryimage","url":"https:\/\/picamfg.com\/wp-content\/uploads\/2026\/01\/Rigid-PCB-French-img-1024x683.jpg","contentUrl":"https:\/\/picamfg.com\/wp-content\/uploads\/2026\/01\/Rigid-PCB-French-img-1024x683.jpg"},{"@type":"BreadcrumbList","@id":"https:\/\/picamfg.com\/fr\/telechargement-des-fiches-de-capacites-des-circuits-imprimes-rigide-flex-de-pica-manufacturing-solutions\/#breadcrumb","itemListElement":[{"@type":"ListItem","position":1,"name":"Home","item":"https:\/\/picamfg.com\/fr\/"},{"@type":"ListItem","position":2,"name":"T\u00e9l\u00e9chargement des fiches de specifications des circuits imprim\u00e9s rigide-flex de PICA Manufacturing Solutions"}]},{"@type":"WebSite","@id":"https:\/\/picamfg.com\/fr\/#website","url":"https:\/\/picamfg.com\/fr\/","name":"PICA Manufacturing Solutions","description":"Pick a Partner - Not Parts","publisher":{"@id":"https:\/\/picamfg.com\/fr\/#organization"},"potentialAction":[{"@type":"SearchAction","target":{"@type":"EntryPoint","urlTemplate":"https:\/\/picamfg.com\/fr\/?s={search_term_string}"},"query-input":{"@type":"PropertyValueSpecification","valueRequired":true,"valueName":"search_term_string"}}],"inLanguage":"fr-FR"},{"@type":"Organization","@id":"https:\/\/picamfg.com\/fr\/#organization","name":"PICA Manufacturing Solutions","url":"https:\/\/picamfg.com\/fr\/","logo":{"@type":"ImageObject","inLanguage":"fr-FR","@id":"https:\/\/picamfg.com\/fr\/#\/schema\/logo\/image\/","url":"https:\/\/picamfg.com\/wp-content\/uploads\/2023\/07\/pica-manufacturing-solutions.png","contentUrl":"https:\/\/picamfg.com\/wp-content\/uploads\/2023\/07\/pica-manufacturing-solutions.png","width":381,"height":154,"caption":"PICA Manufacturing Solutions"},"image":{"@id":"https:\/\/picamfg.com\/fr\/#\/schema\/logo\/image\/"},"sameAs":["https:\/\/www.facebook.com\/Picamfg","https:\/\/www.linkedin.com\/company\/pica-manufacturing-solutions\/"]}]}},"_links":{"self":[{"href":"https:\/\/picamfg.com\/fr\/wp-json\/wp\/v2\/pages\/19170","targetHints":{"allow":["GET"]}}],"collection":[{"href":"https:\/\/picamfg.com\/fr\/wp-json\/wp\/v2\/pages"}],"about":[{"href":"https:\/\/picamfg.com\/fr\/wp-json\/wp\/v2\/types\/page"}],"author":[{"embeddable":true,"href":"https:\/\/picamfg.com\/fr\/wp-json\/wp\/v2\/users\/13"}],"replies":[{"embeddable":true,"href":"https:\/\/picamfg.com\/fr\/wp-json\/wp\/v2\/comments?post=19170"}],"version-history":[{"count":9,"href":"https:\/\/picamfg.com\/fr\/wp-json\/wp\/v2\/pages\/19170\/revisions"}],"predecessor-version":[{"id":19563,"href":"https:\/\/picamfg.com\/fr\/wp-json\/wp\/v2\/pages\/19170\/revisions\/19563"}],"wp:attachment":[{"href":"https:\/\/picamfg.com\/fr\/wp-json\/wp\/v2\/media?parent=19170"}],"wp:term":[{"taxonomy":"post_tag","embeddable":true,"href":"https:\/\/picamfg.com\/fr\/wp-json\/wp\/v2\/tags?post=19170"}],"curies":[{"name":"wp","href":"https:\/\/api.w.org\/{rel}","templated":true}]}}