{"id":18821,"date":"2025-07-17T20:05:42","date_gmt":"2025-07-17T20:05:42","guid":{"rendered":"https:\/\/picamfg.com\/telechargement-de-lebook-ce-que-les-ingenieurs-de-conception-doivent-savoir-sur-les-pcb-flexibles\/"},"modified":"2026-01-13T17:58:16","modified_gmt":"2026-01-13T17:58:16","slug":"telechargement-de-lebook-ce-que-les-ingenieurs-de-conception-doivent-savoir-sur-les-pcb-flexibles","status":"publish","type":"page","link":"https:\/\/picamfg.com\/fr\/telechargement-de-lebook-ce-que-les-ingenieurs-de-conception-doivent-savoir-sur-les-pcb-flexibles\/","title":{"rendered":"T\u00e9l\u00e9chargement de l\u2019eBook Ce que les ing\u00e9nieurs de conception doivent savoir sur les PCB flexibles"},"content":{"rendered":"\t\t<div data-elementor-type=\"wp-post\" data-elementor-id=\"18821\" class=\"elementor elementor-18821 elementor-15006\" data-elementor-post-type=\"page\">\n\t\t\t\t<div class=\"elementor-element elementor-element-9280fb2 e-flex e-con-boxed e-con e-parent\" data-id=\"9280fb2\" data-element_type=\"container\">\r\n\t\t\t\t\t<div class=\"e-con-inner\">\r\n\t\t\t\t<div class=\"elementor-element elementor-element-61378d3 elementor-widget elementor-widget-text-editor\" data-id=\"61378d3\" data-element_type=\"widget\" data-widget_type=\"text-editor.default\">\n\t\t\t\t<div class=\"elementor-widget-container\">\n\t\t\t\t\t\t\t\t\t<p><b>T\u00e9l\u00e9charger l\u2019eBook Ce que les ing\u00e9nieurs de conception doivent savoir sur les PCB flexibles. <\/b><\/p>\t\t\t\t\t\t\t\t<\/div>\n\t\t\t\t<\/div>\n\t\t\t\t\t<\/div>\n\t\t\t\t<\/div>\n\t\t<div class=\"elementor-element elementor-element-42b7076 e-flex e-con-boxed e-con e-parent\" data-id=\"42b7076\" data-element_type=\"container\">\r\n\t\t\t\t\t<div class=\"e-con-inner\">\r\n\t\t<div class=\"elementor-element elementor-element-4956be8 e-flex e-con-boxed e-con e-child\" data-id=\"4956be8\" data-element_type=\"container\">\r\n\t\t\t\t\t<div class=\"e-con-inner\">\r\n\t\t\t\t<div class=\"elementor-element elementor-element-a7bd023 elementor-widget elementor-widget-heading\" data-id=\"a7bd023\" data-element_type=\"widget\" data-widget_type=\"heading.default\">\n\t\t\t\t<div class=\"elementor-widget-container\">\n\t\t\t\t\t<h2 class=\"elementor-heading-title elementor-size-default\">Ce que les ing\u00e9nieurs concepteurs doivent savoir sur les circuits imprim\u00e9s flexibles<\/h2>\t\t\t\t<\/div>\n\t\t\t\t<\/div>\n\t\t\t\t<div class=\"elementor-element elementor-element-67447b1 elementor-widget elementor-widget-text-editor\" data-id=\"67447b1\" data-element_type=\"widget\" data-widget_type=\"text-editor.default\">\n\t\t\t\t<div class=\"elementor-widget-container\">\n\t\t\t\t\t\t\t\t\t<p data-start=\"212\" data-end=\"1073\">Cet eBook offre une vue d\u2019ensemble compl\u00e8te de la conception des PCB flexibles, en mettant en \u00e9vidence les diff\u00e9rences cl\u00e9s par rapport aux PCB rigides traditionnels.<br>Les ing\u00e9nieurs doivent accorder une attention particuli\u00e8re \u00e0 la s\u00e9lection des mat\u00e9riaux, notamment \u00e0 l\u2019utilisation du cuivre recuit lamin\u00e9 (RA) pour am\u00e9liorer la fiabilit\u00e9 en flexion, et \u00e9viter les erreurs courantes telles que les empilements asym\u00e9triques ou les mauvais appariements d\u2019adh\u00e9sifs.<br>Les adh\u00e9sifs pour circuits flexibles \u2014 tels que les acryliques modifi\u00e9s, les \u00e9poxydes et les adh\u00e9sifs sensibles \u00e0 la pression \u2014 jouent un r\u00f4le essentiel dans le maintien de l\u2019int\u00e9grit\u00e9 m\u00e9canique, de la stabilit\u00e9 thermique et de l\u2019isolation \u00e9lectrique.<br>L\u2019utilisation appropri\u00e9e des raidisseurs pour PCB flexibles \u2014 incluant des mat\u00e9riaux comme le FR4, le polyimide ou le m\u00e9tal \u2014 est \u00e9galement cruciale pour renforcer les zones autour des connecteurs et des composants, en assurant un support m\u00e9canique fiable sans compromettre la flexibilit\u00e9.<br>Ces strat\u00e9gies de conception sont indispensables pour r\u00e9duire les d\u00e9faillances li\u00e9es aux contraintes m\u00e9caniques, au gauchissement ou aux cycles thermiques.     <span style=\"color: inherit; font-family: inherit; font-size: inherit; font-weight: inherit; letter-spacing: inherit;\">Le guide compare \u00e9galement les PCBA et les FPCBA, en soulignant que les PCBA sont g\u00e9n\u00e9ralement plus \u00e9conomiques et adapt\u00e9s aux installations statiques, tandis que les FPCBA offrent une flexibilit\u00e9 in\u00e9gal\u00e9e, id\u00e9ale pour les environnements compacts et dynamiques tels que les wearables et les appareils mobiles.<br>Les diff\u00e9rences de fabrication incluent notamment la n\u00e9cessit\u00e9, en FPCBA, d\u2019utiliser des supports individuels afin de maintenir les substrats d\u00e9licats pendant le placement des composants.<br>Le document explore \u00e9galement les circuits flexibles extra-longs, en d\u00e9taillant leur fabrication par proc\u00e9d\u00e9s en panneaux ou par roll-to-roll.<br>Le roll-to-roll permet une production \u00e0 haut d\u00e9bit avec une r\u00e9duction des pertes de mati\u00e8re, tandis que le traitement en panneaux est privil\u00e9gi\u00e9 pour les conceptions multicouches de haute pr\u00e9cision.<br>Ces approches r\u00e9pondent \u00e0 la demande croissante d\u2019\u00e9lectroniques flexibles, l\u00e9g\u00e8res et de grande longueur dans des secteurs tels que le m\u00e9dical, l\u2019automobile et l\u2019\u00e9lectronique grand public.    <\/span><\/p>\t\t\t\t\t\t\t\t<\/div>\n\t\t\t\t<\/div>\n\t\t\t\t\t<\/div>\n\t\t\t\t<\/div>\n\t\t<div class=\"elementor-element elementor-element-f86aefe e-flex e-con-boxed e-con e-child\" data-id=\"f86aefe\" data-element_type=\"container\">\r\n\t\t\t\t\t<div class=\"e-con-inner\">\r\n\t\t\t\t<div class=\"elementor-element elementor-element-c95f798 elementor-widget elementor-widget-image\" data-id=\"c95f798\" data-element_type=\"widget\" data-widget_type=\"image.default\">\n\t\t\t\t<div class=\"elementor-widget-container\">\n\t\t\t\t\t\t\t\t\t\t\t\t\t\t\t<img fetchpriority=\"high\" decoding=\"async\" width=\"1024\" height=\"683\" src=\"https:\/\/picamfg.com\/wp-content\/uploads\/2025\/07\/ebook-image-1024x683.jpg\" class=\"attachment-large size-large wp-image-17643\" alt=\"Cover image of PICA Manufacturing Solutions&#039; eBook titled &quot;What Design Engineers Should Know About Flex PCB,&quot; offering in-depth insights into flex circuit design, material selection, manufacturing methods, and cost considerations\" srcset=\"https:\/\/picamfg.com\/wp-content\/uploads\/2025\/07\/ebook-image-1024x683.jpg 1024w, https:\/\/picamfg.com\/wp-content\/uploads\/2025\/07\/ebook-image-768x512.jpg 768w, https:\/\/picamfg.com\/wp-content\/uploads\/2025\/07\/ebook-image-640x427.jpg 640w, https:\/\/picamfg.com\/wp-content\/uploads\/2025\/07\/ebook-image-400x267.jpg 400w, https:\/\/picamfg.com\/wp-content\/uploads\/2025\/07\/ebook-image-367x245.jpg 367w\" sizes=\"(max-width: 1024px) 100vw, 1024px\" \/>\t\t\t\t\t\t\t\t\t\t\t\t\t\t\t<\/div>\n\t\t\t\t<\/div>\n\t\t\t\t\t<\/div>\n\t\t\t\t<\/div>\n\t\t\t\t\t<\/div>\n\t\t\t\t<\/div>\n\t\t<div class=\"elementor-element elementor-element-3bfff0d e-flex e-con-boxed e-con e-parent\" data-id=\"3bfff0d\" data-element_type=\"container\">\r\n\t\t\t\t\t<div class=\"e-con-inner\">\r\n\t\t\t\t<div class=\"elementor-element elementor-element-4d367b6 elementor-widget elementor-widget-text-editor\" data-id=\"4d367b6\" data-element_type=\"widget\" data-widget_type=\"text-editor.default\">\n\t\t\t\t<div class=\"elementor-widget-container\">\n\t\t\t\t\t\t\t\t\t<h4>Remplissez le formulaire ci-dessous pour demander le PDF complet de Ce que les ing\u00e9nieurs de conception doivent savoir sur les PCB flexibles.<\/h4>\t\t\t\t\t\t\t\t<\/div>\n\t\t\t\t<\/div>\n\t\t\t\t\t<\/div>\n\t\t\t\t<\/div>\n\t\t<div class=\"elementor-element elementor-element-853512a e-flex e-con-boxed e-con e-parent\" data-id=\"853512a\" data-element_type=\"container\">\r\n\t\t\t\t\t<div class=\"e-con-inner\">\r\n\t\t\t\t<div class=\"elementor-element elementor-element-7a81e63 elementor-widget elementor-widget-html\" data-id=\"7a81e63\" data-element_type=\"widget\" data-widget_type=\"html.default\">\n\t\t\t\t<div class=\"elementor-widget-container\">\n\t\t\t\t\t<script charset=\"utf-8\" type=\"text\/javascript\" src=\"\/\/js.hsforms.net\/forms\/embed\/v2.js\"><\/script><script>hbspt.forms.create({\n    portalId: \"23722413\",\n    formId: \"e7a1b41c-4611-445b-b936-b523441ee07b\",\n    region: \"na1\"\n  });\n<\/script>\t\t\t\t<\/div>\n\t\t\t\t<\/div>\n\t\t\t\t\t<\/div>\n\t\t\t\t<\/div>\n\t\t\t\t<\/div>\n\t\t","protected":false},"excerpt":{"rendered":"<p>T\u00e9l\u00e9charger l\u2019eBook Ce que les ing\u00e9nieurs de conception doivent savoir sur les PCB flexibles. Ce que les ing\u00e9nieurs concepteurs doivent savoir sur les circuits imprim\u00e9s flexibles Cet eBook offre une vue d\u2019ensemble compl\u00e8te de la conception des PCB flexibles, en mettant en \u00e9vidence les diff\u00e9rences cl\u00e9s par rapport aux PCB rigides traditionnels.Les ing\u00e9nieurs doivent accorder&#8230;&nbsp;<a class=\"moretag\" href=\"https:\/\/picamfg.com\/fr\/telechargement-de-lebook-ce-que-les-ingenieurs-de-conception-doivent-savoir-sur-les-pcb-flexibles\/\">READ MORE<\/a><\/p>\n","protected":false},"author":13,"featured_media":0,"parent":0,"menu_order":167,"comment_status":"closed","ping_status":"closed","template":"","meta":{"_acf_changed":false,"content-type":"","footnotes":""},"tags":[],"class_list":["post-18821","page","type-page","status-publish","hentry"],"acf":[],"yoast_head":"<!-- This site is optimized with the Yoast SEO plugin v27.1.1 - https:\/\/yoast.com\/product\/yoast-seo-wordpress\/ -->\n<title>T\u00e9l\u00e9chargement de l\u2019eBook Ce que les ing\u00e9nieurs de conception doivent savoir sur les PCB flexibles - PICA Manufacturing Solutions<\/title>\n<meta name=\"description\" content=\"Download the PICA Manufacturing Solution&#039;s eBook: What Design Engineers Should Know About Flex PCB.\" \/>\n<meta name=\"robots\" content=\"index, follow, max-snippet:-1, max-image-preview:large, max-video-preview:-1\" \/>\n<link rel=\"canonical\" href=\"https:\/\/picamfg.com\/fr\/telechargement-de-lebook-ce-que-les-ingenieurs-de-conception-doivent-savoir-sur-les-pcb-flexibles\/\" \/>\n<meta property=\"og:locale\" content=\"fr_FR\" \/>\n<meta property=\"og:type\" content=\"article\" \/>\n<meta property=\"og:title\" content=\"T\u00e9l\u00e9chargement de l\u2019eBook Ce que les ing\u00e9nieurs de conception doivent savoir sur les PCB flexibles - PICA Manufacturing Solutions\" \/>\n<meta property=\"og:description\" content=\"Download the PICA Manufacturing Solution&#039;s eBook: What Design Engineers Should Know About Flex PCB.\" \/>\n<meta property=\"og:url\" content=\"https:\/\/picamfg.com\/fr\/telechargement-de-lebook-ce-que-les-ingenieurs-de-conception-doivent-savoir-sur-les-pcb-flexibles\/\" \/>\n<meta property=\"og:site_name\" content=\"PICA Manufacturing Solutions\" \/>\n<meta property=\"article:publisher\" content=\"https:\/\/www.facebook.com\/Picamfg\" \/>\n<meta property=\"article:modified_time\" content=\"2026-01-13T17:58:16+00:00\" \/>\n<meta property=\"og:image\" content=\"https:\/\/picamfg.com\/wp-content\/uploads\/2025\/07\/ebook-image-scaled.jpg\" \/>\n\t<meta property=\"og:image:width\" content=\"2560\" \/>\n\t<meta property=\"og:image:height\" content=\"1706\" \/>\n\t<meta property=\"og:image:type\" content=\"image\/jpeg\" \/>\n<meta name=\"twitter:card\" content=\"summary_large_image\" \/>\n<meta name=\"twitter:label1\" content=\"Dur\u00e9e de lecture estim\u00e9e\" \/>\n\t<meta name=\"twitter:data1\" content=\"2 minutes\" \/>\n<script type=\"application\/ld+json\" class=\"yoast-schema-graph\">{\"@context\":\"https:\/\/schema.org\",\"@graph\":[{\"@type\":\"WebPage\",\"@id\":\"https:\/\/picamfg.com\/fr\/telechargement-de-lebook-ce-que-les-ingenieurs-de-conception-doivent-savoir-sur-les-pcb-flexibles\/\",\"url\":\"https:\/\/picamfg.com\/fr\/telechargement-de-lebook-ce-que-les-ingenieurs-de-conception-doivent-savoir-sur-les-pcb-flexibles\/\",\"name\":\"T\u00e9l\u00e9chargement de l\u2019eBook Ce que les ing\u00e9nieurs de conception doivent savoir sur les PCB flexibles - PICA Manufacturing Solutions\",\"isPartOf\":{\"@id\":\"https:\/\/picamfg.com\/fr\/#website\"},\"primaryImageOfPage\":{\"@id\":\"https:\/\/picamfg.com\/fr\/telechargement-de-lebook-ce-que-les-ingenieurs-de-conception-doivent-savoir-sur-les-pcb-flexibles\/#primaryimage\"},\"image\":{\"@id\":\"https:\/\/picamfg.com\/fr\/telechargement-de-lebook-ce-que-les-ingenieurs-de-conception-doivent-savoir-sur-les-pcb-flexibles\/#primaryimage\"},\"thumbnailUrl\":\"https:\/\/picamfg.com\/wp-content\/uploads\/2025\/07\/ebook-image-1024x683.jpg\",\"datePublished\":\"2025-07-17T20:05:42+00:00\",\"dateModified\":\"2026-01-13T17:58:16+00:00\",\"description\":\"Download the PICA Manufacturing Solution's eBook: What Design Engineers Should Know About Flex PCB.\",\"breadcrumb\":{\"@id\":\"https:\/\/picamfg.com\/fr\/telechargement-de-lebook-ce-que-les-ingenieurs-de-conception-doivent-savoir-sur-les-pcb-flexibles\/#breadcrumb\"},\"inLanguage\":\"fr-FR\",\"potentialAction\":[{\"@type\":\"ReadAction\",\"target\":[\"https:\/\/picamfg.com\/fr\/telechargement-de-lebook-ce-que-les-ingenieurs-de-conception-doivent-savoir-sur-les-pcb-flexibles\/\"]}]},{\"@type\":\"ImageObject\",\"inLanguage\":\"fr-FR\",\"@id\":\"https:\/\/picamfg.com\/fr\/telechargement-de-lebook-ce-que-les-ingenieurs-de-conception-doivent-savoir-sur-les-pcb-flexibles\/#primaryimage\",\"url\":\"https:\/\/picamfg.com\/wp-content\/uploads\/2025\/07\/ebook-image-1024x683.jpg\",\"contentUrl\":\"https:\/\/picamfg.com\/wp-content\/uploads\/2025\/07\/ebook-image-1024x683.jpg\"},{\"@type\":\"BreadcrumbList\",\"@id\":\"https:\/\/picamfg.com\/fr\/telechargement-de-lebook-ce-que-les-ingenieurs-de-conception-doivent-savoir-sur-les-pcb-flexibles\/#breadcrumb\",\"itemListElement\":[{\"@type\":\"ListItem\",\"position\":1,\"name\":\"Home\",\"item\":\"https:\/\/picamfg.com\/fr\/\"},{\"@type\":\"ListItem\",\"position\":2,\"name\":\"T\u00e9l\u00e9chargement de l\u2019eBook Ce que les ing\u00e9nieurs de conception doivent savoir sur les PCB flexibles\"}]},{\"@type\":\"WebSite\",\"@id\":\"https:\/\/picamfg.com\/fr\/#website\",\"url\":\"https:\/\/picamfg.com\/fr\/\",\"name\":\"PICA Manufacturing Solutions\",\"description\":\"Pick a Partner - Not Parts\",\"publisher\":{\"@id\":\"https:\/\/picamfg.com\/fr\/#organization\"},\"potentialAction\":[{\"@type\":\"SearchAction\",\"target\":{\"@type\":\"EntryPoint\",\"urlTemplate\":\"https:\/\/picamfg.com\/fr\/?s={search_term_string}\"},\"query-input\":{\"@type\":\"PropertyValueSpecification\",\"valueRequired\":true,\"valueName\":\"search_term_string\"}}],\"inLanguage\":\"fr-FR\"},{\"@type\":\"Organization\",\"@id\":\"https:\/\/picamfg.com\/fr\/#organization\",\"name\":\"PICA Manufacturing Solutions\",\"url\":\"https:\/\/picamfg.com\/fr\/\",\"logo\":{\"@type\":\"ImageObject\",\"inLanguage\":\"fr-FR\",\"@id\":\"https:\/\/picamfg.com\/fr\/#\/schema\/logo\/image\/\",\"url\":\"https:\/\/picamfg.com\/wp-content\/uploads\/2023\/07\/pica-manufacturing-solutions.png\",\"contentUrl\":\"https:\/\/picamfg.com\/wp-content\/uploads\/2023\/07\/pica-manufacturing-solutions.png\",\"width\":381,\"height\":154,\"caption\":\"PICA Manufacturing Solutions\"},\"image\":{\"@id\":\"https:\/\/picamfg.com\/fr\/#\/schema\/logo\/image\/\"},\"sameAs\":[\"https:\/\/www.facebook.com\/Picamfg\",\"https:\/\/www.linkedin.com\/company\/pica-manufacturing-solutions\/\"]}]}<\/script>\n<!-- \/ Yoast SEO plugin. -->","yoast_head_json":{"title":"T\u00e9l\u00e9chargement de l\u2019eBook Ce que les ing\u00e9nieurs de conception doivent savoir sur les PCB flexibles - PICA Manufacturing Solutions","description":"Download the PICA Manufacturing Solution's eBook: What Design Engineers Should Know About Flex PCB.","robots":{"index":"index","follow":"follow","max-snippet":"max-snippet:-1","max-image-preview":"max-image-preview:large","max-video-preview":"max-video-preview:-1"},"canonical":"https:\/\/picamfg.com\/fr\/telechargement-de-lebook-ce-que-les-ingenieurs-de-conception-doivent-savoir-sur-les-pcb-flexibles\/","og_locale":"fr_FR","og_type":"article","og_title":"T\u00e9l\u00e9chargement de l\u2019eBook Ce que les ing\u00e9nieurs de conception doivent savoir sur les PCB flexibles - PICA Manufacturing Solutions","og_description":"Download the PICA Manufacturing Solution's eBook: What Design Engineers Should Know About Flex PCB.","og_url":"https:\/\/picamfg.com\/fr\/telechargement-de-lebook-ce-que-les-ingenieurs-de-conception-doivent-savoir-sur-les-pcb-flexibles\/","og_site_name":"PICA Manufacturing Solutions","article_publisher":"https:\/\/www.facebook.com\/Picamfg","article_modified_time":"2026-01-13T17:58:16+00:00","og_image":[{"width":2560,"height":1706,"url":"https:\/\/picamfg.com\/wp-content\/uploads\/2025\/07\/ebook-image-scaled.jpg","type":"image\/jpeg"}],"twitter_card":"summary_large_image","twitter_misc":{"Dur\u00e9e de lecture estim\u00e9e":"2 minutes"},"schema":{"@context":"https:\/\/schema.org","@graph":[{"@type":"WebPage","@id":"https:\/\/picamfg.com\/fr\/telechargement-de-lebook-ce-que-les-ingenieurs-de-conception-doivent-savoir-sur-les-pcb-flexibles\/","url":"https:\/\/picamfg.com\/fr\/telechargement-de-lebook-ce-que-les-ingenieurs-de-conception-doivent-savoir-sur-les-pcb-flexibles\/","name":"T\u00e9l\u00e9chargement de l\u2019eBook Ce que les ing\u00e9nieurs de conception doivent savoir sur les PCB flexibles - PICA Manufacturing Solutions","isPartOf":{"@id":"https:\/\/picamfg.com\/fr\/#website"},"primaryImageOfPage":{"@id":"https:\/\/picamfg.com\/fr\/telechargement-de-lebook-ce-que-les-ingenieurs-de-conception-doivent-savoir-sur-les-pcb-flexibles\/#primaryimage"},"image":{"@id":"https:\/\/picamfg.com\/fr\/telechargement-de-lebook-ce-que-les-ingenieurs-de-conception-doivent-savoir-sur-les-pcb-flexibles\/#primaryimage"},"thumbnailUrl":"https:\/\/picamfg.com\/wp-content\/uploads\/2025\/07\/ebook-image-1024x683.jpg","datePublished":"2025-07-17T20:05:42+00:00","dateModified":"2026-01-13T17:58:16+00:00","description":"Download the PICA Manufacturing Solution's eBook: What Design Engineers Should Know About Flex PCB.","breadcrumb":{"@id":"https:\/\/picamfg.com\/fr\/telechargement-de-lebook-ce-que-les-ingenieurs-de-conception-doivent-savoir-sur-les-pcb-flexibles\/#breadcrumb"},"inLanguage":"fr-FR","potentialAction":[{"@type":"ReadAction","target":["https:\/\/picamfg.com\/fr\/telechargement-de-lebook-ce-que-les-ingenieurs-de-conception-doivent-savoir-sur-les-pcb-flexibles\/"]}]},{"@type":"ImageObject","inLanguage":"fr-FR","@id":"https:\/\/picamfg.com\/fr\/telechargement-de-lebook-ce-que-les-ingenieurs-de-conception-doivent-savoir-sur-les-pcb-flexibles\/#primaryimage","url":"https:\/\/picamfg.com\/wp-content\/uploads\/2025\/07\/ebook-image-1024x683.jpg","contentUrl":"https:\/\/picamfg.com\/wp-content\/uploads\/2025\/07\/ebook-image-1024x683.jpg"},{"@type":"BreadcrumbList","@id":"https:\/\/picamfg.com\/fr\/telechargement-de-lebook-ce-que-les-ingenieurs-de-conception-doivent-savoir-sur-les-pcb-flexibles\/#breadcrumb","itemListElement":[{"@type":"ListItem","position":1,"name":"Home","item":"https:\/\/picamfg.com\/fr\/"},{"@type":"ListItem","position":2,"name":"T\u00e9l\u00e9chargement de l\u2019eBook Ce que les ing\u00e9nieurs de conception doivent savoir sur les PCB flexibles"}]},{"@type":"WebSite","@id":"https:\/\/picamfg.com\/fr\/#website","url":"https:\/\/picamfg.com\/fr\/","name":"PICA Manufacturing Solutions","description":"Pick a Partner - Not Parts","publisher":{"@id":"https:\/\/picamfg.com\/fr\/#organization"},"potentialAction":[{"@type":"SearchAction","target":{"@type":"EntryPoint","urlTemplate":"https:\/\/picamfg.com\/fr\/?s={search_term_string}"},"query-input":{"@type":"PropertyValueSpecification","valueRequired":true,"valueName":"search_term_string"}}],"inLanguage":"fr-FR"},{"@type":"Organization","@id":"https:\/\/picamfg.com\/fr\/#organization","name":"PICA Manufacturing Solutions","url":"https:\/\/picamfg.com\/fr\/","logo":{"@type":"ImageObject","inLanguage":"fr-FR","@id":"https:\/\/picamfg.com\/fr\/#\/schema\/logo\/image\/","url":"https:\/\/picamfg.com\/wp-content\/uploads\/2023\/07\/pica-manufacturing-solutions.png","contentUrl":"https:\/\/picamfg.com\/wp-content\/uploads\/2023\/07\/pica-manufacturing-solutions.png","width":381,"height":154,"caption":"PICA Manufacturing Solutions"},"image":{"@id":"https:\/\/picamfg.com\/fr\/#\/schema\/logo\/image\/"},"sameAs":["https:\/\/www.facebook.com\/Picamfg","https:\/\/www.linkedin.com\/company\/pica-manufacturing-solutions\/"]}]}},"_links":{"self":[{"href":"https:\/\/picamfg.com\/fr\/wp-json\/wp\/v2\/pages\/18821","targetHints":{"allow":["GET"]}}],"collection":[{"href":"https:\/\/picamfg.com\/fr\/wp-json\/wp\/v2\/pages"}],"about":[{"href":"https:\/\/picamfg.com\/fr\/wp-json\/wp\/v2\/types\/page"}],"author":[{"embeddable":true,"href":"https:\/\/picamfg.com\/fr\/wp-json\/wp\/v2\/users\/13"}],"replies":[{"embeddable":true,"href":"https:\/\/picamfg.com\/fr\/wp-json\/wp\/v2\/comments?post=18821"}],"version-history":[{"count":2,"href":"https:\/\/picamfg.com\/fr\/wp-json\/wp\/v2\/pages\/18821\/revisions"}],"predecessor-version":[{"id":18824,"href":"https:\/\/picamfg.com\/fr\/wp-json\/wp\/v2\/pages\/18821\/revisions\/18824"}],"wp:attachment":[{"href":"https:\/\/picamfg.com\/fr\/wp-json\/wp\/v2\/media?parent=18821"}],"wp:term":[{"taxonomy":"post_tag","embeddable":true,"href":"https:\/\/picamfg.com\/fr\/wp-json\/wp\/v2\/tags?post=18821"}],"curies":[{"name":"wp","href":"https:\/\/api.w.org\/{rel}","templated":true}]}}