{"id":18713,"date":"2026-01-08T16:13:53","date_gmt":"2026-01-08T16:13:53","guid":{"rendered":"https:\/\/picamfg.com\/pica-manufacturing-solutions-ebooks\/"},"modified":"2026-01-15T21:04:56","modified_gmt":"2026-01-15T21:04:56","slug":"pica-manufacturing-solutions-ebooks","status":"publish","type":"page","link":"https:\/\/picamfg.com\/fr\/pica-manufacturing-solutions-ebooks\/","title":{"rendered":"PICA Manufacturing Solutions eBooks"},"content":{"rendered":"\t\t<div data-elementor-type=\"wp-page\" data-elementor-id=\"18713\" class=\"elementor elementor-18713 elementor-18495\" data-elementor-post-type=\"page\">\n\t\t\t\t<section class=\"elementor-element elementor-element-0d34d09 e-flex e-con-boxed e-con e-parent\" data-id=\"0d34d09\" data-element_type=\"container\">\r\n\t\t\t\t\t<div class=\"e-con-inner\">\r\n\t\t\t\t<div class=\"elementor-element elementor-element-833fdf3 elementor-widget elementor-widget-text-editor\" data-id=\"833fdf3\" data-element_type=\"widget\" data-widget_type=\"text-editor.default\">\n\t\t\t\t<div class=\"elementor-widget-container\">\n\t\t\t\t\t\t\t\t\t<p data-pm-slice=\"0 0 []\"><strong>Chez PICA Manufacturing Solutions, nous transformons notre expertise technique en eBooks clairs et informatifs, con\u00e7us pour vous aider \u00e0 mieux comprendre tous les aspects des circuits imprim\u00e9s flexibles, des PCB rigide-flex et des circuits imprim\u00e9s traditionnels.<br>Chaque eBook offre une analyse approfondie de sujets cl\u00e9s tels que les fondamentaux des PCB flex, les strat\u00e9gies de conception de circuits, la s\u00e9lection des mat\u00e9riaux, les m\u00e9thodes et outillages de fabrication, les processus d\u2019assemblage, les consid\u00e9rations de co\u00fbt, ainsi que les techniques de contr\u00f4le qualit\u00e9 et d\u2019inspection. <\/strong><\/p>\t\t\t\t\t\t\t\t<\/div>\n\t\t\t\t<\/div>\n\t\t\t\t\t<\/div>\n\t\t\t\t<\/section>\n\t\t<div class=\"elementor-element elementor-element-1832baa e-flex e-con-boxed e-con e-parent\" data-id=\"1832baa\" data-element_type=\"container\">\r\n\t\t\t\t\t<div class=\"e-con-inner\">\r\n\t\t\t\t<div class=\"elementor-element elementor-element-73ad28e elementor-widget elementor-widget-spacer\" data-id=\"73ad28e\" data-element_type=\"widget\" data-widget_type=\"spacer.default\">\n\t\t\t\t<div class=\"elementor-widget-container\">\n\t\t\t\t\t\t\t<div class=\"elementor-spacer\">\n\t\t\t<div class=\"elementor-spacer-inner\"><\/div>\n\t\t<\/div>\n\t\t\t\t\t\t<\/div>\n\t\t\t\t<\/div>\n\t\t\t\t\t<\/div>\n\t\t\t\t<\/div>\n\t\t<div class=\"elementor-element elementor-element-f467a98 e-flex e-con-boxed e-con e-parent\" data-id=\"f467a98\" data-element_type=\"container\">\r\n\t\t\t\t\t<div class=\"e-con-inner\">\r\n\t\t\t\t<div class=\"elementor-element elementor-element-d69b816 elementor-widget elementor-widget-text-editor\" data-id=\"d69b816\" data-element_type=\"widget\" data-widget_type=\"text-editor.default\">\n\t\t\t\t<div class=\"elementor-widget-container\">\n\t\t\t\t\t\t\t\t\t<p data-pm-slice=\"1 1 []\"><strong>S\u00e9lectionnez le sujet qui vous int\u00e9resse et demandez le t\u00e9l\u00e9chargement du PDF complet.<\/strong><\/p>\t\t\t\t\t\t\t\t<\/div>\n\t\t\t\t<\/div>\n\t\t\t\t<div class=\"elementor-element elementor-element-bae0583 elementor-widget elementor-widget-spacer\" data-id=\"bae0583\" data-element_type=\"widget\" data-widget_type=\"spacer.default\">\n\t\t\t\t<div class=\"elementor-widget-container\">\n\t\t\t\t\t\t\t<div class=\"elementor-spacer\">\n\t\t\t<div class=\"elementor-spacer-inner\"><\/div>\n\t\t<\/div>\n\t\t\t\t\t\t<\/div>\n\t\t\t\t<\/div>\n\t\t\t\t\t<\/div>\n\t\t\t\t<\/div>\n\t\t<div class=\"elementor-element elementor-element-0c0a405 e-flex e-con-boxed e-con e-parent\" data-id=\"0c0a405\" data-element_type=\"container\">\r\n\t\t\t\t\t<div class=\"e-con-inner\">\r\n\t\t<div class=\"elementor-element elementor-element-303e564 e-con-full e-flex e-con e-child\" data-id=\"303e564\" data-element_type=\"container\">\r\n\t\t\t\t<div class=\"elementor-element elementor-element-01b1958 elementor-widget elementor-widget-image\" data-id=\"01b1958\" data-element_type=\"widget\" data-widget_type=\"image.default\">\n\t\t\t\t<div class=\"elementor-widget-container\">\n\t\t\t\t\t\t\t\t\t\t\t\t\t\t\t<img fetchpriority=\"high\" decoding=\"async\" width=\"768\" height=\"994\" src=\"https:\/\/picamfg.com\/wp-content\/uploads\/2026\/01\/What-Design-Engineers-Should-Know-About-Flex-eBook-Cover-768x994.png\" class=\"attachment-medium_large size-medium_large wp-image-18714\" alt=\"\" srcset=\"https:\/\/picamfg.com\/wp-content\/uploads\/2026\/01\/What-Design-Engineers-Should-Know-About-Flex-eBook-Cover-768x994.png 768w, https:\/\/picamfg.com\/wp-content\/uploads\/2026\/01\/What-Design-Engineers-Should-Know-About-Flex-eBook-Cover-640x828.png 640w, https:\/\/picamfg.com\/wp-content\/uploads\/2026\/01\/What-Design-Engineers-Should-Know-About-Flex-eBook-Cover-400x518.png 400w, https:\/\/picamfg.com\/wp-content\/uploads\/2026\/01\/What-Design-Engineers-Should-Know-About-Flex-eBook-Cover-367x475.png 367w\" sizes=\"(max-width: 768px) 100vw, 768px\" \/>\t\t\t\t\t\t\t\t\t\t\t\t\t\t\t<\/div>\n\t\t\t\t<\/div>\n\t\t\t\t<\/div>\n\t\t<div class=\"elementor-element elementor-element-f245499 e-con-full e-flex e-con e-child\" data-id=\"f245499\" data-element_type=\"container\">\r\n\t\t\t\t<div class=\"elementor-element elementor-element-f87d5ca elementor-widget elementor-widget-heading\" data-id=\"f87d5ca\" data-element_type=\"widget\" data-widget_type=\"heading.default\">\n\t\t\t\t<div class=\"elementor-widget-container\">\n\t\t\t\t\t<h4 class=\"elementor-heading-title elementor-size-default\">Ce que les ing\u00e9nieurs concepteurs doivent savoir sur les circuits imprim\u00e9s flexibles<\/h4>\t\t\t\t<\/div>\n\t\t\t\t<\/div>\n\t\t\t\t<div class=\"elementor-element elementor-element-711623c elementor-widget elementor-widget-text-editor\" data-id=\"711623c\" data-element_type=\"widget\" data-widget_type=\"text-editor.default\">\n\t\t\t\t<div class=\"elementor-widget-container\">\n\t\t\t\t\t\t\t\t\t<p>T\u00e9l\u00e9charger Ce que les ing\u00e9nieurs de conception doivent savoir sur les PCB flexibles : introduction \u00e0 la conception des circuits flexibles, s\u00e9lection des mat\u00e9riaux, m\u00e9thodes et outillages de fabrication, assemblage et consid\u00e9rations de co\u00fbt. <\/p>\t\t\t\t\t\t\t\t<\/div>\n\t\t\t\t<\/div>\n\t\t\t\t<div class=\"elementor-element elementor-element-9ce3463 elementor-widget elementor-widget-porto_button\" data-id=\"9ce3463\" data-element_type=\"widget\" data-widget_type=\"porto_button.default\">\n\t\t\t\t<div class=\"elementor-widget-container\">\n\t\t\t\t\t<a class=\"btn btn-lg btn-primary btn-modern\" href=\"https:\/\/picamfg.com\/fr\/telechargement-de-lebook-ce-que-les-ingenieurs-de-conception-doivent-savoir-sur-les-pcb-flexibles\/\"><span >Demander le t\u00e9l\u00e9chargement<\/span><\/a>\t\t\t\t<\/div>\n\t\t\t\t<\/div>\n\t\t\t\t<\/div>\n\t\t\t\t\t<\/div>\n\t\t\t\t<\/div>\n\t\t<div class=\"elementor-element elementor-element-5c6f908 e-flex e-con-boxed e-con e-parent\" data-id=\"5c6f908\" data-element_type=\"container\">\r\n\t\t\t\t\t<div class=\"e-con-inner\">\r\n\t\t\t\t<div class=\"elementor-element elementor-element-c7e4971 elementor-widget-divider--view-line elementor-widget elementor-widget-divider\" data-id=\"c7e4971\" data-element_type=\"widget\" data-widget_type=\"divider.default\">\n\t\t\t\t<div class=\"elementor-widget-container\">\n\t\t\t\t\t\t\t<div class=\"elementor-divider\">\n\t\t\t<span class=\"elementor-divider-separator\">\n\t\t\t\t\t\t<\/span>\n\t\t<\/div>\n\t\t\t\t\t\t<\/div>\n\t\t\t\t<\/div>\n\t\t\t\t\t<\/div>\n\t\t\t\t<\/div>\n\t\t<div class=\"elementor-element elementor-element-b67a148 e-flex e-con-boxed e-con e-parent\" data-id=\"b67a148\" data-element_type=\"container\">\r\n\t\t\t\t\t<div class=\"e-con-inner\">\r\n\t\t<div class=\"elementor-element elementor-element-4e5c4a0 e-con-full e-flex e-con e-child\" data-id=\"4e5c4a0\" data-element_type=\"container\">\r\n\t\t\t\t<div class=\"elementor-element elementor-element-8dc55b0 elementor-widget elementor-widget-image\" data-id=\"8dc55b0\" data-element_type=\"widget\" data-widget_type=\"image.default\">\n\t\t\t\t<div class=\"elementor-widget-container\">\n\t\t\t\t\t\t\t\t\t\t\t\t\t\t\t<img decoding=\"async\" width=\"768\" height=\"994\" src=\"https:\/\/picamfg.com\/wp-content\/uploads\/2025\/11\/Pushing-The-Limits-of-Flex-PCB-Advanced-Design-and-Manufacturing-Topics-eBook_Page_01-768x994.jpg\" class=\"attachment-medium_large size-medium_large wp-image-18716\" alt=\"\" srcset=\"https:\/\/picamfg.com\/wp-content\/uploads\/2025\/11\/Pushing-The-Limits-of-Flex-PCB-Advanced-Design-and-Manufacturing-Topics-eBook_Page_01-768x994.jpg 768w, https:\/\/picamfg.com\/wp-content\/uploads\/2025\/11\/Pushing-The-Limits-of-Flex-PCB-Advanced-Design-and-Manufacturing-Topics-eBook_Page_01-640x828.jpg 640w, https:\/\/picamfg.com\/wp-content\/uploads\/2025\/11\/Pushing-The-Limits-of-Flex-PCB-Advanced-Design-and-Manufacturing-Topics-eBook_Page_01-400x518.jpg 400w, https:\/\/picamfg.com\/wp-content\/uploads\/2025\/11\/Pushing-The-Limits-of-Flex-PCB-Advanced-Design-and-Manufacturing-Topics-eBook_Page_01-367x475.jpg 367w\" sizes=\"(max-width: 768px) 100vw, 768px\" \/>\t\t\t\t\t\t\t\t\t\t\t\t\t\t\t<\/div>\n\t\t\t\t<\/div>\n\t\t\t\t<\/div>\n\t\t<div class=\"elementor-element elementor-element-a5f4f6b e-con-full e-flex e-con e-child\" data-id=\"a5f4f6b\" data-element_type=\"container\">\r\n\t\t\t\t<div class=\"elementor-element elementor-element-ed40d52 elementor-widget elementor-widget-heading\" data-id=\"ed40d52\" data-element_type=\"widget\" data-widget_type=\"heading.default\">\n\t\t\t\t<div class=\"elementor-widget-container\">\n\t\t\t\t\t<h4 class=\"elementor-heading-title elementor-size-default\">Repousser les limites des circuits flexibles : conceptions avanc\u00e9es et sujets de fabrication<\/h4>\t\t\t\t<\/div>\n\t\t\t\t<\/div>\n\t\t\t\t<div class=\"elementor-element elementor-element-7b82ea1 elementor-widget elementor-widget-text-editor\" data-id=\"7b82ea1\" data-element_type=\"widget\" data-widget_type=\"text-editor.default\">\n\t\t\t\t<div class=\"elementor-widget-container\">\n\t\t\t\t\t\t\t\t\t<p>T\u00e9l\u00e9charger Repousser les limites des circuits flexibles : conceptions avanc\u00e9es et sujets de fabrication<\/p>\t\t\t\t\t\t\t\t<\/div>\n\t\t\t\t<\/div>\n\t\t\t\t<div class=\"elementor-element elementor-element-9f5bf99 elementor-widget elementor-widget-porto_button\" data-id=\"9f5bf99\" data-element_type=\"widget\" data-widget_type=\"porto_button.default\">\n\t\t\t\t<div class=\"elementor-widget-container\">\n\t\t\t\t\t<a class=\"btn btn-lg btn-primary btn-modern\" href=\"https:\/\/picamfg.com\/pushing-the-limits-of-flex-circuitry-ebook-download\/\"><span >Demander le t\u00e9l\u00e9chargement<\/span><\/a>\t\t\t\t<\/div>\n\t\t\t\t<\/div>\n\t\t\t\t<\/div>\n\t\t\t\t\t<\/div>\n\t\t\t\t<\/div>\n\t\t<div class=\"elementor-element elementor-element-8eca161 e-flex e-con-boxed e-con e-parent\" data-id=\"8eca161\" data-element_type=\"container\">\r\n\t\t\t\t\t<div class=\"e-con-inner\">\r\n\t\t\t\t<div class=\"elementor-element elementor-element-8c87bce elementor-widget-divider--view-line elementor-widget elementor-widget-divider\" data-id=\"8c87bce\" data-element_type=\"widget\" data-widget_type=\"divider.default\">\n\t\t\t\t<div class=\"elementor-widget-container\">\n\t\t\t\t\t\t\t<div class=\"elementor-divider\">\n\t\t\t<span class=\"elementor-divider-separator\">\n\t\t\t\t\t\t<\/span>\n\t\t<\/div>\n\t\t\t\t\t\t<\/div>\n\t\t\t\t<\/div>\n\t\t\t\t\t<\/div>\n\t\t\t\t<\/div>\n\t\t\t\t<\/div>\n\t\t","protected":false},"excerpt":{"rendered":"<p>Chez PICA Manufacturing Solutions, nous transformons notre expertise technique en eBooks clairs et informatifs, con\u00e7us pour vous aider \u00e0 mieux comprendre tous les aspects des circuits imprim\u00e9s flexibles, des PCB rigide-flex et des circuits imprim\u00e9s traditionnels.Chaque eBook offre une analyse approfondie de sujets cl\u00e9s tels que les fondamentaux des PCB flex, les strat\u00e9gies de conception&#8230;&nbsp;<a class=\"moretag\" href=\"https:\/\/picamfg.com\/fr\/pica-manufacturing-solutions-ebooks\/\">READ MORE<\/a><\/p>\n","protected":false},"author":13,"featured_media":18715,"parent":0,"menu_order":55,"comment_status":"closed","ping_status":"closed","template":"","meta":{"_acf_changed":false,"content-type":"","footnotes":""},"tags":[],"class_list":["post-18713","page","type-page","status-publish","has-post-thumbnail","hentry"],"acf":[],"yoast_head":"<!-- This site is optimized with the Yoast SEO plugin v27.1.1 - https:\/\/yoast.com\/product\/yoast-seo-wordpress\/ -->\n<title>PCB Manufacturing eBooks | PICA Resources<\/title>\n<meta name=\"description\" content=\"Access PICA&#039;s collection of eBooks on PCB manufacturing\u2014from flex PCB design engineering and advanced designs and manufacturing topics.\" \/>\n<meta name=\"robots\" content=\"index, follow, max-snippet:-1, max-image-preview:large, max-video-preview:-1\" \/>\n<link rel=\"canonical\" href=\"https:\/\/picamfg.com\/fr\/pica-manufacturing-solutions-ebooks\/\" \/>\n<meta property=\"og:locale\" content=\"fr_FR\" \/>\n<meta property=\"og:type\" content=\"article\" \/>\n<meta property=\"og:title\" content=\"PCB Manufacturing eBooks | PICA Resources\" \/>\n<meta property=\"og:description\" content=\"Access PICA&#039;s collection of eBooks on PCB manufacturing\u2014from flex PCB design engineering and advanced designs and manufacturing topics.\" \/>\n<meta property=\"og:url\" content=\"https:\/\/picamfg.com\/fr\/pica-manufacturing-solutions-ebooks\/\" \/>\n<meta property=\"og:site_name\" content=\"PICA Manufacturing Solutions\" \/>\n<meta property=\"article:publisher\" content=\"https:\/\/www.facebook.com\/Picamfg\" \/>\n<meta property=\"article:modified_time\" content=\"2026-01-15T21:04:56+00:00\" \/>\n<meta property=\"og:image\" content=\"https:\/\/picamfg.com\/wp-content\/uploads\/2026\/01\/ebook-2-cover-.jpg\" \/>\n\t<meta property=\"og:image:width\" content=\"2500\" \/>\n\t<meta property=\"og:image:height\" content=\"1667\" \/>\n\t<meta property=\"og:image:type\" content=\"image\/jpeg\" \/>\n<meta name=\"twitter:card\" content=\"summary_large_image\" \/>\n<meta name=\"twitter:label1\" content=\"Dur\u00e9e de lecture estim\u00e9e\" \/>\n\t<meta name=\"twitter:data1\" content=\"1 minute\" \/>\n<script type=\"application\/ld+json\" class=\"yoast-schema-graph\">{\"@context\":\"https:\/\/schema.org\",\"@graph\":[{\"@type\":\"WebPage\",\"@id\":\"https:\/\/picamfg.com\/fr\/pica-manufacturing-solutions-ebooks\/\",\"url\":\"https:\/\/picamfg.com\/fr\/pica-manufacturing-solutions-ebooks\/\",\"name\":\"PCB Manufacturing eBooks | PICA Resources\",\"isPartOf\":{\"@id\":\"https:\/\/picamfg.com\/fr\/#website\"},\"primaryImageOfPage\":{\"@id\":\"https:\/\/picamfg.com\/fr\/pica-manufacturing-solutions-ebooks\/#primaryimage\"},\"image\":{\"@id\":\"https:\/\/picamfg.com\/fr\/pica-manufacturing-solutions-ebooks\/#primaryimage\"},\"thumbnailUrl\":\"https:\/\/picamfg.com\/wp-content\/uploads\/2026\/01\/ebook-2-cover-.jpg\",\"datePublished\":\"2026-01-08T16:13:53+00:00\",\"dateModified\":\"2026-01-15T21:04:56+00:00\",\"description\":\"Access PICA's collection of eBooks on PCB manufacturing\u2014from flex PCB design engineering and advanced designs and manufacturing topics.\",\"breadcrumb\":{\"@id\":\"https:\/\/picamfg.com\/fr\/pica-manufacturing-solutions-ebooks\/#breadcrumb\"},\"inLanguage\":\"fr-FR\",\"potentialAction\":[{\"@type\":\"ReadAction\",\"target\":[\"https:\/\/picamfg.com\/fr\/pica-manufacturing-solutions-ebooks\/\"]}]},{\"@type\":\"ImageObject\",\"inLanguage\":\"fr-FR\",\"@id\":\"https:\/\/picamfg.com\/fr\/pica-manufacturing-solutions-ebooks\/#primaryimage\",\"url\":\"https:\/\/picamfg.com\/wp-content\/uploads\/2026\/01\/ebook-2-cover-.jpg\",\"contentUrl\":\"https:\/\/picamfg.com\/wp-content\/uploads\/2026\/01\/ebook-2-cover-.jpg\",\"width\":2500,\"height\":1667},{\"@type\":\"BreadcrumbList\",\"@id\":\"https:\/\/picamfg.com\/fr\/pica-manufacturing-solutions-ebooks\/#breadcrumb\",\"itemListElement\":[{\"@type\":\"ListItem\",\"position\":1,\"name\":\"Home\",\"item\":\"https:\/\/picamfg.com\/fr\/\"},{\"@type\":\"ListItem\",\"position\":2,\"name\":\"PICA Manufacturing Solutions eBooks\"}]},{\"@type\":\"WebSite\",\"@id\":\"https:\/\/picamfg.com\/fr\/#website\",\"url\":\"https:\/\/picamfg.com\/fr\/\",\"name\":\"PICA Manufacturing Solutions\",\"description\":\"Pick a Partner - Not Parts\",\"publisher\":{\"@id\":\"https:\/\/picamfg.com\/fr\/#organization\"},\"potentialAction\":[{\"@type\":\"SearchAction\",\"target\":{\"@type\":\"EntryPoint\",\"urlTemplate\":\"https:\/\/picamfg.com\/fr\/?s={search_term_string}\"},\"query-input\":{\"@type\":\"PropertyValueSpecification\",\"valueRequired\":true,\"valueName\":\"search_term_string\"}}],\"inLanguage\":\"fr-FR\"},{\"@type\":\"Organization\",\"@id\":\"https:\/\/picamfg.com\/fr\/#organization\",\"name\":\"PICA Manufacturing Solutions\",\"url\":\"https:\/\/picamfg.com\/fr\/\",\"logo\":{\"@type\":\"ImageObject\",\"inLanguage\":\"fr-FR\",\"@id\":\"https:\/\/picamfg.com\/fr\/#\/schema\/logo\/image\/\",\"url\":\"https:\/\/picamfg.com\/wp-content\/uploads\/2023\/07\/pica-manufacturing-solutions.png\",\"contentUrl\":\"https:\/\/picamfg.com\/wp-content\/uploads\/2023\/07\/pica-manufacturing-solutions.png\",\"width\":381,\"height\":154,\"caption\":\"PICA Manufacturing Solutions\"},\"image\":{\"@id\":\"https:\/\/picamfg.com\/fr\/#\/schema\/logo\/image\/\"},\"sameAs\":[\"https:\/\/www.facebook.com\/Picamfg\",\"https:\/\/www.linkedin.com\/company\/pica-manufacturing-solutions\/\"]}]}<\/script>\n<!-- \/ Yoast SEO plugin. -->","yoast_head_json":{"title":"PCB Manufacturing eBooks | PICA Resources","description":"Access PICA's collection of eBooks on PCB manufacturing\u2014from flex PCB design engineering and advanced designs and manufacturing topics.","robots":{"index":"index","follow":"follow","max-snippet":"max-snippet:-1","max-image-preview":"max-image-preview:large","max-video-preview":"max-video-preview:-1"},"canonical":"https:\/\/picamfg.com\/fr\/pica-manufacturing-solutions-ebooks\/","og_locale":"fr_FR","og_type":"article","og_title":"PCB Manufacturing eBooks | PICA Resources","og_description":"Access PICA's collection of eBooks on PCB manufacturing\u2014from flex PCB design engineering and advanced designs and manufacturing topics.","og_url":"https:\/\/picamfg.com\/fr\/pica-manufacturing-solutions-ebooks\/","og_site_name":"PICA Manufacturing Solutions","article_publisher":"https:\/\/www.facebook.com\/Picamfg","article_modified_time":"2026-01-15T21:04:56+00:00","og_image":[{"width":2500,"height":1667,"url":"https:\/\/picamfg.com\/wp-content\/uploads\/2026\/01\/ebook-2-cover-.jpg","type":"image\/jpeg"}],"twitter_card":"summary_large_image","twitter_misc":{"Dur\u00e9e de lecture estim\u00e9e":"1 minute"},"schema":{"@context":"https:\/\/schema.org","@graph":[{"@type":"WebPage","@id":"https:\/\/picamfg.com\/fr\/pica-manufacturing-solutions-ebooks\/","url":"https:\/\/picamfg.com\/fr\/pica-manufacturing-solutions-ebooks\/","name":"PCB Manufacturing eBooks | PICA Resources","isPartOf":{"@id":"https:\/\/picamfg.com\/fr\/#website"},"primaryImageOfPage":{"@id":"https:\/\/picamfg.com\/fr\/pica-manufacturing-solutions-ebooks\/#primaryimage"},"image":{"@id":"https:\/\/picamfg.com\/fr\/pica-manufacturing-solutions-ebooks\/#primaryimage"},"thumbnailUrl":"https:\/\/picamfg.com\/wp-content\/uploads\/2026\/01\/ebook-2-cover-.jpg","datePublished":"2026-01-08T16:13:53+00:00","dateModified":"2026-01-15T21:04:56+00:00","description":"Access PICA's collection of eBooks on PCB manufacturing\u2014from flex PCB design engineering and advanced designs and manufacturing topics.","breadcrumb":{"@id":"https:\/\/picamfg.com\/fr\/pica-manufacturing-solutions-ebooks\/#breadcrumb"},"inLanguage":"fr-FR","potentialAction":[{"@type":"ReadAction","target":["https:\/\/picamfg.com\/fr\/pica-manufacturing-solutions-ebooks\/"]}]},{"@type":"ImageObject","inLanguage":"fr-FR","@id":"https:\/\/picamfg.com\/fr\/pica-manufacturing-solutions-ebooks\/#primaryimage","url":"https:\/\/picamfg.com\/wp-content\/uploads\/2026\/01\/ebook-2-cover-.jpg","contentUrl":"https:\/\/picamfg.com\/wp-content\/uploads\/2026\/01\/ebook-2-cover-.jpg","width":2500,"height":1667},{"@type":"BreadcrumbList","@id":"https:\/\/picamfg.com\/fr\/pica-manufacturing-solutions-ebooks\/#breadcrumb","itemListElement":[{"@type":"ListItem","position":1,"name":"Home","item":"https:\/\/picamfg.com\/fr\/"},{"@type":"ListItem","position":2,"name":"PICA Manufacturing Solutions eBooks"}]},{"@type":"WebSite","@id":"https:\/\/picamfg.com\/fr\/#website","url":"https:\/\/picamfg.com\/fr\/","name":"PICA Manufacturing Solutions","description":"Pick a Partner - Not Parts","publisher":{"@id":"https:\/\/picamfg.com\/fr\/#organization"},"potentialAction":[{"@type":"SearchAction","target":{"@type":"EntryPoint","urlTemplate":"https:\/\/picamfg.com\/fr\/?s={search_term_string}"},"query-input":{"@type":"PropertyValueSpecification","valueRequired":true,"valueName":"search_term_string"}}],"inLanguage":"fr-FR"},{"@type":"Organization","@id":"https:\/\/picamfg.com\/fr\/#organization","name":"PICA Manufacturing Solutions","url":"https:\/\/picamfg.com\/fr\/","logo":{"@type":"ImageObject","inLanguage":"fr-FR","@id":"https:\/\/picamfg.com\/fr\/#\/schema\/logo\/image\/","url":"https:\/\/picamfg.com\/wp-content\/uploads\/2023\/07\/pica-manufacturing-solutions.png","contentUrl":"https:\/\/picamfg.com\/wp-content\/uploads\/2023\/07\/pica-manufacturing-solutions.png","width":381,"height":154,"caption":"PICA Manufacturing Solutions"},"image":{"@id":"https:\/\/picamfg.com\/fr\/#\/schema\/logo\/image\/"},"sameAs":["https:\/\/www.facebook.com\/Picamfg","https:\/\/www.linkedin.com\/company\/pica-manufacturing-solutions\/"]}]}},"_links":{"self":[{"href":"https:\/\/picamfg.com\/fr\/wp-json\/wp\/v2\/pages\/18713","targetHints":{"allow":["GET"]}}],"collection":[{"href":"https:\/\/picamfg.com\/fr\/wp-json\/wp\/v2\/pages"}],"about":[{"href":"https:\/\/picamfg.com\/fr\/wp-json\/wp\/v2\/types\/page"}],"author":[{"embeddable":true,"href":"https:\/\/picamfg.com\/fr\/wp-json\/wp\/v2\/users\/13"}],"replies":[{"embeddable":true,"href":"https:\/\/picamfg.com\/fr\/wp-json\/wp\/v2\/comments?post=18713"}],"version-history":[{"count":4,"href":"https:\/\/picamfg.com\/fr\/wp-json\/wp\/v2\/pages\/18713\/revisions"}],"predecessor-version":[{"id":19082,"href":"https:\/\/picamfg.com\/fr\/wp-json\/wp\/v2\/pages\/18713\/revisions\/19082"}],"wp:featuredmedia":[{"embeddable":true,"href":"https:\/\/picamfg.com\/fr\/wp-json\/wp\/v2\/media\/18715"}],"wp:attachment":[{"href":"https:\/\/picamfg.com\/fr\/wp-json\/wp\/v2\/media?parent=18713"}],"wp:term":[{"taxonomy":"post_tag","embeddable":true,"href":"https:\/\/picamfg.com\/fr\/wp-json\/wp\/v2\/tags?post=18713"}],"curies":[{"name":"wp","href":"https:\/\/api.w.org\/{rel}","templated":true}]}}