{"id":18710,"date":"2025-11-06T16:55:49","date_gmt":"2025-11-06T16:55:49","guid":{"rendered":"https:\/\/picamfg.com\/telechargement-des-capacites-pcb-a-noyau-metallique-de-pica-manufacturing-solutions\/"},"modified":"2026-01-15T21:12:55","modified_gmt":"2026-01-15T21:12:55","slug":"telechargement-des-capacites-pcb-a-noyau-metallique-de-pica-manufacturing-solutions","status":"publish","type":"page","link":"https:\/\/picamfg.com\/fr\/telechargement-des-capacites-pcb-a-noyau-metallique-de-pica-manufacturing-solutions\/","title":{"rendered":"T\u00e9l\u00e9chargement des capacit\u00e9s PCB \u00e0 noyau m\u00e9tallique de PICA Manufacturing Solutions"},"content":{"rendered":"\t\t<div data-elementor-type=\"wp-page\" data-elementor-id=\"18710\" class=\"elementor elementor-18710 elementor-17971\" data-elementor-post-type=\"page\">\n\t\t\t\t<div class=\"elementor-element elementor-element-ee4bdfc e-flex e-con-boxed e-con e-parent\" data-id=\"ee4bdfc\" data-element_type=\"container\">\r\n\t\t\t\t\t<div class=\"e-con-inner\">\r\n\t\t\t\t<div class=\"elementor-element elementor-element-9b29f36 elementor-widget elementor-widget-text-editor\" data-id=\"9b29f36\" data-element_type=\"widget\" data-widget_type=\"text-editor.default\">\n\t\t\t\t<div class=\"elementor-widget-container\">\n\t\t\t\t\t\t\t\t\t<p><strong>T\u00e9l\u00e9charger le guide des capacit\u00e9s PCB \u00e0 noyau m\u00e9tallique de PICA Manufacturing Solutions<\/strong><\/p>\t\t\t\t\t\t\t\t<\/div>\n\t\t\t\t<\/div>\n\t\t\t\t\t<\/div>\n\t\t\t\t<\/div>\n\t\t<div class=\"elementor-element elementor-element-68ccc22 e-flex e-con-boxed e-con e-parent\" data-id=\"68ccc22\" data-element_type=\"container\">\r\n\t\t\t\t\t<div class=\"e-con-inner\">\r\n\t\t<div class=\"elementor-element elementor-element-82d598c e-flex e-con-boxed e-con e-child\" data-id=\"82d598c\" data-element_type=\"container\">\r\n\t\t\t\t\t<div class=\"e-con-inner\">\r\n\t\t\t\t<div class=\"elementor-element elementor-element-12e2967 elementor-widget elementor-widget-heading\" data-id=\"12e2967\" data-element_type=\"widget\" data-widget_type=\"heading.default\">\n\t\t\t\t<div class=\"elementor-widget-container\">\n\t\t\t\t\t<h2 class=\"elementor-heading-title elementor-size-default\">Capacit\u00e9s des circuits imprim\u00e9s \u00e0 noyau m\u00e9tallique (MCPCB<\/h2>\t\t\t\t<\/div>\n\t\t\t\t<\/div>\n\t\t\t\t<div class=\"elementor-element elementor-element-4cb949d elementor-widget elementor-widget-text-editor\" data-id=\"4cb949d\" data-element_type=\"widget\" data-widget_type=\"text-editor.default\">\n\t\t\t\t<div class=\"elementor-widget-container\">\n\t\t\t\t\t\t\t\t\t<p>PICA Manufacturing Solutions con\u00e7oit et fabrique des circuits imprim\u00e9s \u00e0 noyau m\u00e9tallique (MCPCB) haute performance, con\u00e7us pour offrir une conductivit\u00e9 thermique sup\u00e9rieure, une fiabilit\u00e9 \u00e9lectrique \u00e9lev\u00e9e et une stabilit\u00e9 \u00e0 long terme.<br>R\u00e9alis\u00e9es sur des substrats en aluminium ou en cuivre, avec une conductivit\u00e9 thermique comprise entre 1,0 et 20 W\/m\u00b7K, nos cartes \u00e0 noyau m\u00e9tallique prennent en charge jusqu\u2019\u00e0 quatre couches et des \u00e9paisseurs de carte de 0,4 mm \u00e0 4,0 mm.<br>Gr\u00e2ce \u00e0 des tol\u00e9rances de per\u00e7age pr\u00e9cises de \u00b10,05 mm, des espacements fins jusqu\u2019\u00e0 0,10 mm, et des finitions de surface avanc\u00e9es telles que HASL, ENIG, OSP et argent par immersion, chaque MCPCB PICA est con\u00e7u pour garantir pr\u00e9cision et durabilit\u00e9.<br>Disponibles avec plusieurs couleurs de masque de soudure, y compris le blanc haute r\u00e9flectivit\u00e9, les conceptions PICA sont optimis\u00e9es pour les applications d\u2019\u00e9clairage LED haute puissance, les modules RF, les convertisseurs de puissance et les applications automobiles.<br>En combinant des mat\u00e9riaux avanc\u00e9s, un contr\u00f4le de processus rigoureux et un support de fabrication mondial, PICA fournit des circuits imprim\u00e9s \u00e0 noyau m\u00e9tallique capables de g\u00e9rer efficacement la dissipation thermique, d\u2019am\u00e9liorer l\u2019efficacit\u00e9 et d\u2019assurer des performances constantes, m\u00eame dans les environnements les plus exigeants.    <\/p>\t\t\t\t\t\t\t\t<\/div>\n\t\t\t\t<\/div>\n\t\t\t\t\t<\/div>\n\t\t\t\t<\/div>\n\t\t<div class=\"elementor-element elementor-element-7acd232 e-flex e-con-boxed e-con e-child\" data-id=\"7acd232\" data-element_type=\"container\">\r\n\t\t\t\t\t<div class=\"e-con-inner\">\r\n\t\t\t\t<div class=\"elementor-element elementor-element-dfd92ee elementor-widget elementor-widget-image\" data-id=\"dfd92ee\" data-element_type=\"widget\" data-widget_type=\"image.default\">\n\t\t\t\t<div class=\"elementor-widget-container\">\n\t\t\t\t\t\t\t\t\t\t\t\t\t\t\t<img fetchpriority=\"high\" decoding=\"async\" width=\"1024\" height=\"683\" src=\"https:\/\/picamfg.com\/wp-content\/uploads\/2025\/10\/metal-core-picture-1024x683.jpg\" class=\"attachment-large size-large wp-image-18711\" alt=\"\" srcset=\"https:\/\/picamfg.com\/wp-content\/uploads\/2025\/10\/metal-core-picture-1024x683.jpg 1024w, https:\/\/picamfg.com\/wp-content\/uploads\/2025\/10\/metal-core-picture-768x512.jpg 768w, https:\/\/picamfg.com\/wp-content\/uploads\/2025\/10\/metal-core-picture-640x427.jpg 640w, https:\/\/picamfg.com\/wp-content\/uploads\/2025\/10\/metal-core-picture-400x267.jpg 400w, https:\/\/picamfg.com\/wp-content\/uploads\/2025\/10\/metal-core-picture-367x245.jpg 367w\" sizes=\"(max-width: 1024px) 100vw, 1024px\" \/>\t\t\t\t\t\t\t\t\t\t\t\t\t\t\t<\/div>\n\t\t\t\t<\/div>\n\t\t\t\t\t<\/div>\n\t\t\t\t<\/div>\n\t\t\t\t\t<\/div>\n\t\t\t\t<\/div>\n\t\t<div class=\"elementor-element elementor-element-ca34b46 e-flex e-con-boxed e-con e-parent\" data-id=\"ca34b46\" data-element_type=\"container\">\r\n\t\t\t\t\t<div class=\"e-con-inner\">\r\n\t\t\t\t<div class=\"elementor-element elementor-element-8a04ab6 elementor-widget elementor-widget-text-editor\" data-id=\"8a04ab6\" data-element_type=\"widget\" data-widget_type=\"text-editor.default\">\n\t\t\t\t<div class=\"elementor-widget-container\">\n\t\t\t\t\t\t\t\t\t<h4>Remplissez le formulaire ci-dessous pour recevoir le PDF complet du guide des capacit\u00e9s MCPCB (PCB \u00e0 noyau m\u00e9tallique) de PICA Manufacturing Solutions.<\/h4>\t\t\t\t\t\t\t\t<\/div>\n\t\t\t\t<\/div>\n\t\t\t\t\t<\/div>\n\t\t\t\t<\/div>\n\t\t<div class=\"elementor-element elementor-element-023d15a e-flex e-con-boxed e-con e-parent\" data-id=\"023d15a\" data-element_type=\"container\">\r\n\t\t\t\t\t<div class=\"e-con-inner\">\r\n\t\t\t\t<div class=\"elementor-element elementor-element-1d9e0db elementor-widget elementor-widget-html\" data-id=\"1d9e0db\" data-element_type=\"widget\" data-widget_type=\"html.default\">\n\t\t\t\t<div class=\"elementor-widget-container\">\n\t\t\t\t\t<script charset=\"utf-8\" type=\"text\/javascript\" src=\"\/\/js.hsforms.net\/forms\/embed\/v2.js\"><\/script><script>hbspt.forms.create({\n    portalId: \"23722413\",\n    formId: \"297da015-5d2f-4ee6-befe-962b175acc91\",\n    region: \"na1\"\n  });\n<\/script>\t\t\t\t<\/div>\n\t\t\t\t<\/div>\n\t\t\t\t\t<\/div>\n\t\t\t\t<\/div>\n\t\t\t\t<\/div>\n\t\t","protected":false},"excerpt":{"rendered":"<p>T\u00e9l\u00e9charger le guide des capacit\u00e9s PCB \u00e0 noyau m\u00e9tallique de PICA Manufacturing Solutions Capacit\u00e9s des circuits imprim\u00e9s \u00e0 noyau m\u00e9tallique (MCPCB PICA Manufacturing Solutions con\u00e7oit et fabrique des circuits imprim\u00e9s \u00e0 noyau m\u00e9tallique (MCPCB) haute performance, con\u00e7us pour offrir une conductivit\u00e9 thermique sup\u00e9rieure, une fiabilit\u00e9 \u00e9lectrique \u00e9lev\u00e9e et une stabilit\u00e9 \u00e0 long terme.R\u00e9alis\u00e9es sur des&#8230;&nbsp;<a class=\"moretag\" href=\"https:\/\/picamfg.com\/fr\/telechargement-des-capacites-pcb-a-noyau-metallique-de-pica-manufacturing-solutions\/\">READ MORE<\/a><\/p>\n","protected":false},"author":13,"featured_media":0,"parent":0,"menu_order":9,"comment_status":"closed","ping_status":"closed","template":"","meta":{"_acf_changed":false,"content-type":"","footnotes":""},"tags":[],"class_list":["post-18710","page","type-page","status-publish","hentry"],"acf":[],"yoast_head":"<!-- This site is optimized with the Yoast SEO plugin v27.1.1 - https:\/\/yoast.com\/product\/yoast-seo-wordpress\/ -->\n<title>T\u00e9l\u00e9chargement des capacit\u00e9s PCB \u00e0 noyau m\u00e9tallique de PICA Manufacturing Solutions - PICA Manufacturing Solutions<\/title>\n<meta name=\"description\" content=\"High-performance metal core PCBs with aluminum or copper base, superior heat dissipation, and tight tolerances.\" \/>\n<meta name=\"robots\" content=\"index, follow, max-snippet:-1, max-image-preview:large, max-video-preview:-1\" \/>\n<link rel=\"canonical\" href=\"https:\/\/picamfg.com\/fr\/telechargement-des-capacites-pcb-a-noyau-metallique-de-pica-manufacturing-solutions\/\" \/>\n<meta property=\"og:locale\" content=\"fr_FR\" \/>\n<meta property=\"og:type\" content=\"article\" \/>\n<meta property=\"og:title\" content=\"T\u00e9l\u00e9chargement des capacit\u00e9s PCB \u00e0 noyau m\u00e9tallique de PICA Manufacturing Solutions - PICA Manufacturing Solutions\" \/>\n<meta property=\"og:description\" content=\"High-performance metal core PCBs with aluminum or copper base, superior heat dissipation, and tight tolerances.\" \/>\n<meta property=\"og:url\" content=\"https:\/\/picamfg.com\/fr\/telechargement-des-capacites-pcb-a-noyau-metallique-de-pica-manufacturing-solutions\/\" \/>\n<meta property=\"og:site_name\" content=\"PICA Manufacturing Solutions\" \/>\n<meta property=\"article:publisher\" content=\"https:\/\/www.facebook.com\/Picamfg\" \/>\n<meta property=\"article:modified_time\" content=\"2026-01-15T21:12:55+00:00\" \/>\n<meta property=\"og:image\" content=\"https:\/\/picamfg.com\/wp-content\/uploads\/2025\/10\/metal-core-picture.jpg\" \/>\n\t<meta property=\"og:image:width\" content=\"2500\" \/>\n\t<meta property=\"og:image:height\" content=\"1667\" \/>\n\t<meta property=\"og:image:type\" content=\"image\/jpeg\" \/>\n<meta name=\"twitter:card\" content=\"summary_large_image\" \/>\n<meta name=\"twitter:label1\" content=\"Dur\u00e9e de lecture estim\u00e9e\" \/>\n\t<meta name=\"twitter:data1\" content=\"1 minute\" \/>\n<script type=\"application\/ld+json\" class=\"yoast-schema-graph\">{\"@context\":\"https:\/\/schema.org\",\"@graph\":[{\"@type\":\"WebPage\",\"@id\":\"https:\/\/picamfg.com\/fr\/telechargement-des-capacites-pcb-a-noyau-metallique-de-pica-manufacturing-solutions\/\",\"url\":\"https:\/\/picamfg.com\/fr\/telechargement-des-capacites-pcb-a-noyau-metallique-de-pica-manufacturing-solutions\/\",\"name\":\"T\u00e9l\u00e9chargement des capacit\u00e9s PCB \u00e0 noyau m\u00e9tallique de PICA Manufacturing Solutions - PICA Manufacturing Solutions\",\"isPartOf\":{\"@id\":\"https:\/\/picamfg.com\/fr\/#website\"},\"primaryImageOfPage\":{\"@id\":\"https:\/\/picamfg.com\/fr\/telechargement-des-capacites-pcb-a-noyau-metallique-de-pica-manufacturing-solutions\/#primaryimage\"},\"image\":{\"@id\":\"https:\/\/picamfg.com\/fr\/telechargement-des-capacites-pcb-a-noyau-metallique-de-pica-manufacturing-solutions\/#primaryimage\"},\"thumbnailUrl\":\"https:\/\/picamfg.com\/wp-content\/uploads\/2025\/10\/metal-core-picture-1024x683.jpg\",\"datePublished\":\"2025-11-06T16:55:49+00:00\",\"dateModified\":\"2026-01-15T21:12:55+00:00\",\"description\":\"High-performance metal core PCBs with aluminum or copper base, superior heat dissipation, and tight tolerances.\",\"breadcrumb\":{\"@id\":\"https:\/\/picamfg.com\/fr\/telechargement-des-capacites-pcb-a-noyau-metallique-de-pica-manufacturing-solutions\/#breadcrumb\"},\"inLanguage\":\"fr-FR\",\"potentialAction\":[{\"@type\":\"ReadAction\",\"target\":[\"https:\/\/picamfg.com\/fr\/telechargement-des-capacites-pcb-a-noyau-metallique-de-pica-manufacturing-solutions\/\"]}]},{\"@type\":\"ImageObject\",\"inLanguage\":\"fr-FR\",\"@id\":\"https:\/\/picamfg.com\/fr\/telechargement-des-capacites-pcb-a-noyau-metallique-de-pica-manufacturing-solutions\/#primaryimage\",\"url\":\"https:\/\/picamfg.com\/wp-content\/uploads\/2025\/10\/metal-core-picture-1024x683.jpg\",\"contentUrl\":\"https:\/\/picamfg.com\/wp-content\/uploads\/2025\/10\/metal-core-picture-1024x683.jpg\"},{\"@type\":\"BreadcrumbList\",\"@id\":\"https:\/\/picamfg.com\/fr\/telechargement-des-capacites-pcb-a-noyau-metallique-de-pica-manufacturing-solutions\/#breadcrumb\",\"itemListElement\":[{\"@type\":\"ListItem\",\"position\":1,\"name\":\"Home\",\"item\":\"https:\/\/picamfg.com\/fr\/\"},{\"@type\":\"ListItem\",\"position\":2,\"name\":\"T\u00e9l\u00e9chargement des capacit\u00e9s PCB \u00e0 noyau m\u00e9tallique de PICA Manufacturing Solutions\"}]},{\"@type\":\"WebSite\",\"@id\":\"https:\/\/picamfg.com\/fr\/#website\",\"url\":\"https:\/\/picamfg.com\/fr\/\",\"name\":\"PICA Manufacturing Solutions\",\"description\":\"Pick a Partner - Not Parts\",\"publisher\":{\"@id\":\"https:\/\/picamfg.com\/fr\/#organization\"},\"potentialAction\":[{\"@type\":\"SearchAction\",\"target\":{\"@type\":\"EntryPoint\",\"urlTemplate\":\"https:\/\/picamfg.com\/fr\/?s={search_term_string}\"},\"query-input\":{\"@type\":\"PropertyValueSpecification\",\"valueRequired\":true,\"valueName\":\"search_term_string\"}}],\"inLanguage\":\"fr-FR\"},{\"@type\":\"Organization\",\"@id\":\"https:\/\/picamfg.com\/fr\/#organization\",\"name\":\"PICA Manufacturing Solutions\",\"url\":\"https:\/\/picamfg.com\/fr\/\",\"logo\":{\"@type\":\"ImageObject\",\"inLanguage\":\"fr-FR\",\"@id\":\"https:\/\/picamfg.com\/fr\/#\/schema\/logo\/image\/\",\"url\":\"https:\/\/picamfg.com\/wp-content\/uploads\/2023\/07\/pica-manufacturing-solutions.png\",\"contentUrl\":\"https:\/\/picamfg.com\/wp-content\/uploads\/2023\/07\/pica-manufacturing-solutions.png\",\"width\":381,\"height\":154,\"caption\":\"PICA Manufacturing Solutions\"},\"image\":{\"@id\":\"https:\/\/picamfg.com\/fr\/#\/schema\/logo\/image\/\"},\"sameAs\":[\"https:\/\/www.facebook.com\/Picamfg\",\"https:\/\/www.linkedin.com\/company\/pica-manufacturing-solutions\/\"]}]}<\/script>\n<!-- \/ Yoast SEO plugin. -->","yoast_head_json":{"title":"T\u00e9l\u00e9chargement des capacit\u00e9s PCB \u00e0 noyau m\u00e9tallique de PICA Manufacturing Solutions - PICA Manufacturing Solutions","description":"High-performance metal core PCBs with aluminum or copper base, superior heat dissipation, and tight tolerances.","robots":{"index":"index","follow":"follow","max-snippet":"max-snippet:-1","max-image-preview":"max-image-preview:large","max-video-preview":"max-video-preview:-1"},"canonical":"https:\/\/picamfg.com\/fr\/telechargement-des-capacites-pcb-a-noyau-metallique-de-pica-manufacturing-solutions\/","og_locale":"fr_FR","og_type":"article","og_title":"T\u00e9l\u00e9chargement des capacit\u00e9s PCB \u00e0 noyau m\u00e9tallique de PICA Manufacturing Solutions - PICA Manufacturing Solutions","og_description":"High-performance metal core PCBs with aluminum or copper base, superior heat dissipation, and tight tolerances.","og_url":"https:\/\/picamfg.com\/fr\/telechargement-des-capacites-pcb-a-noyau-metallique-de-pica-manufacturing-solutions\/","og_site_name":"PICA Manufacturing Solutions","article_publisher":"https:\/\/www.facebook.com\/Picamfg","article_modified_time":"2026-01-15T21:12:55+00:00","og_image":[{"width":2500,"height":1667,"url":"https:\/\/picamfg.com\/wp-content\/uploads\/2025\/10\/metal-core-picture.jpg","type":"image\/jpeg"}],"twitter_card":"summary_large_image","twitter_misc":{"Dur\u00e9e de lecture estim\u00e9e":"1 minute"},"schema":{"@context":"https:\/\/schema.org","@graph":[{"@type":"WebPage","@id":"https:\/\/picamfg.com\/fr\/telechargement-des-capacites-pcb-a-noyau-metallique-de-pica-manufacturing-solutions\/","url":"https:\/\/picamfg.com\/fr\/telechargement-des-capacites-pcb-a-noyau-metallique-de-pica-manufacturing-solutions\/","name":"T\u00e9l\u00e9chargement des capacit\u00e9s PCB \u00e0 noyau m\u00e9tallique de PICA Manufacturing Solutions - PICA Manufacturing Solutions","isPartOf":{"@id":"https:\/\/picamfg.com\/fr\/#website"},"primaryImageOfPage":{"@id":"https:\/\/picamfg.com\/fr\/telechargement-des-capacites-pcb-a-noyau-metallique-de-pica-manufacturing-solutions\/#primaryimage"},"image":{"@id":"https:\/\/picamfg.com\/fr\/telechargement-des-capacites-pcb-a-noyau-metallique-de-pica-manufacturing-solutions\/#primaryimage"},"thumbnailUrl":"https:\/\/picamfg.com\/wp-content\/uploads\/2025\/10\/metal-core-picture-1024x683.jpg","datePublished":"2025-11-06T16:55:49+00:00","dateModified":"2026-01-15T21:12:55+00:00","description":"High-performance metal core PCBs with aluminum or copper base, superior heat dissipation, and tight tolerances.","breadcrumb":{"@id":"https:\/\/picamfg.com\/fr\/telechargement-des-capacites-pcb-a-noyau-metallique-de-pica-manufacturing-solutions\/#breadcrumb"},"inLanguage":"fr-FR","potentialAction":[{"@type":"ReadAction","target":["https:\/\/picamfg.com\/fr\/telechargement-des-capacites-pcb-a-noyau-metallique-de-pica-manufacturing-solutions\/"]}]},{"@type":"ImageObject","inLanguage":"fr-FR","@id":"https:\/\/picamfg.com\/fr\/telechargement-des-capacites-pcb-a-noyau-metallique-de-pica-manufacturing-solutions\/#primaryimage","url":"https:\/\/picamfg.com\/wp-content\/uploads\/2025\/10\/metal-core-picture-1024x683.jpg","contentUrl":"https:\/\/picamfg.com\/wp-content\/uploads\/2025\/10\/metal-core-picture-1024x683.jpg"},{"@type":"BreadcrumbList","@id":"https:\/\/picamfg.com\/fr\/telechargement-des-capacites-pcb-a-noyau-metallique-de-pica-manufacturing-solutions\/#breadcrumb","itemListElement":[{"@type":"ListItem","position":1,"name":"Home","item":"https:\/\/picamfg.com\/fr\/"},{"@type":"ListItem","position":2,"name":"T\u00e9l\u00e9chargement des capacit\u00e9s PCB \u00e0 noyau m\u00e9tallique de PICA Manufacturing Solutions"}]},{"@type":"WebSite","@id":"https:\/\/picamfg.com\/fr\/#website","url":"https:\/\/picamfg.com\/fr\/","name":"PICA Manufacturing Solutions","description":"Pick a Partner - Not Parts","publisher":{"@id":"https:\/\/picamfg.com\/fr\/#organization"},"potentialAction":[{"@type":"SearchAction","target":{"@type":"EntryPoint","urlTemplate":"https:\/\/picamfg.com\/fr\/?s={search_term_string}"},"query-input":{"@type":"PropertyValueSpecification","valueRequired":true,"valueName":"search_term_string"}}],"inLanguage":"fr-FR"},{"@type":"Organization","@id":"https:\/\/picamfg.com\/fr\/#organization","name":"PICA Manufacturing Solutions","url":"https:\/\/picamfg.com\/fr\/","logo":{"@type":"ImageObject","inLanguage":"fr-FR","@id":"https:\/\/picamfg.com\/fr\/#\/schema\/logo\/image\/","url":"https:\/\/picamfg.com\/wp-content\/uploads\/2023\/07\/pica-manufacturing-solutions.png","contentUrl":"https:\/\/picamfg.com\/wp-content\/uploads\/2023\/07\/pica-manufacturing-solutions.png","width":381,"height":154,"caption":"PICA Manufacturing Solutions"},"image":{"@id":"https:\/\/picamfg.com\/fr\/#\/schema\/logo\/image\/"},"sameAs":["https:\/\/www.facebook.com\/Picamfg","https:\/\/www.linkedin.com\/company\/pica-manufacturing-solutions\/"]}]}},"_links":{"self":[{"href":"https:\/\/picamfg.com\/fr\/wp-json\/wp\/v2\/pages\/18710","targetHints":{"allow":["GET"]}}],"collection":[{"href":"https:\/\/picamfg.com\/fr\/wp-json\/wp\/v2\/pages"}],"about":[{"href":"https:\/\/picamfg.com\/fr\/wp-json\/wp\/v2\/types\/page"}],"author":[{"embeddable":true,"href":"https:\/\/picamfg.com\/fr\/wp-json\/wp\/v2\/users\/13"}],"replies":[{"embeddable":true,"href":"https:\/\/picamfg.com\/fr\/wp-json\/wp\/v2\/comments?post=18710"}],"version-history":[{"count":3,"href":"https:\/\/picamfg.com\/fr\/wp-json\/wp\/v2\/pages\/18710\/revisions"}],"predecessor-version":[{"id":19098,"href":"https:\/\/picamfg.com\/fr\/wp-json\/wp\/v2\/pages\/18710\/revisions\/19098"}],"wp:attachment":[{"href":"https:\/\/picamfg.com\/fr\/wp-json\/wp\/v2\/media?parent=18710"}],"wp:term":[{"taxonomy":"post_tag","embeddable":true,"href":"https:\/\/picamfg.com\/fr\/wp-json\/wp\/v2\/tags?post=18710"}],"curies":[{"name":"wp","href":"https:\/\/api.w.org\/{rel}","templated":true}]}}