{"id":18579,"date":"2024-11-21T14:39:26","date_gmt":"2024-11-21T14:39:26","guid":{"rendered":"https:\/\/picamfg.com\/specifications-fonctionnalites-des-circuits-imprimes-flexibles-telecharger\/"},"modified":"2026-01-28T15:34:21","modified_gmt":"2026-01-28T15:34:21","slug":"specifications-fonctionnalites-des-circuits-imprimes-flexibles-telecharger","status":"publish","type":"page","link":"https:\/\/picamfg.com\/fr\/specifications-fonctionnalites-des-circuits-imprimes-flexibles-telecharger\/","title":{"rendered":"Specifications Fonctionnalit\u00e9s des circuits imprim\u00e9s flexibles &#8211; t\u00e9l\u00e9charger"},"content":{"rendered":"\t\t<div data-elementor-type=\"wp-page\" data-elementor-id=\"18579\" class=\"elementor elementor-18579 elementor-13390\" data-elementor-post-type=\"page\">\n\t\t\t\t<div class=\"elementor-element elementor-element-ee4bdfc e-flex e-con-boxed e-con e-parent\" data-id=\"ee4bdfc\" data-element_type=\"container\">\r\n\t\t\t\t\t<div class=\"e-con-inner\">\r\n\t\t\t\t<div class=\"elementor-element elementor-element-9b29f36 elementor-widget elementor-widget-text-editor\" data-id=\"9b29f36\" data-element_type=\"widget\" data-widget_type=\"text-editor.default\">\n\t\t\t\t<div class=\"elementor-widget-container\">\n\t\t\t\t\t\t\t\t\t<p><strong>T\u00e9l\u00e9chargez le guide des specifications fonctionnalit\u00e9s de PICA Manufacturing Solutions en mati\u00e8re de circuits imprim\u00e9s flexibles.<\/strong><\/p>\t\t\t\t\t\t\t\t<\/div>\n\t\t\t\t<\/div>\n\t\t\t\t\t<\/div>\n\t\t\t\t<\/div>\n\t\t<div class=\"elementor-element elementor-element-68ccc22 e-flex e-con-boxed e-con e-parent\" data-id=\"68ccc22\" data-element_type=\"container\">\r\n\t\t\t\t\t<div class=\"e-con-inner\">\r\n\t\t<div class=\"elementor-element elementor-element-82d598c e-flex e-con-boxed e-con e-child\" data-id=\"82d598c\" data-element_type=\"container\">\r\n\t\t\t\t\t<div class=\"e-con-inner\">\r\n\t\t\t\t<div class=\"elementor-element elementor-element-12e2967 elementor-widget elementor-widget-heading\" data-id=\"12e2967\" data-element_type=\"widget\" data-widget_type=\"heading.default\">\n\t\t\t\t<div class=\"elementor-widget-container\">\n\t\t\t\t\t<h2 class=\"elementor-heading-title elementor-size-default\">Specifications Fonctionnalit\u00e9s des circuits imprim\u00e9s flexibles<\/h2>\t\t\t\t<\/div>\n\t\t\t\t<\/div>\n\t\t\t\t<div class=\"elementor-element elementor-element-4cb949d elementor-widget elementor-widget-text-editor\" data-id=\"4cb949d\" data-element_type=\"widget\" data-widget_type=\"text-editor.default\">\n\t\t\t\t<div class=\"elementor-widget-container\">\n\t\t\t\t\t\t\t\t\t<p>Les circuits imprim\u00e9s flexibles (flex PCB) sont la pierre angulaire de l&rsquo;innovation en \u00e9lectronique moderne, offrant une polyvalence in\u00e9gal\u00e9e et des possibilit\u00e9s de conception compactes. Que vous ayez besoin de circuits pour des applications dynamiques avec des mouvements r\u00e9p\u00e9titifs ou pour des configurations statiques n\u00e9cessitant un encombrement minimal, les flex PCB offrent des performances exceptionnelles tout en r\u00e9duisant le poids et en am\u00e9liorant la fiabilit\u00e9. Chez PICA Manufacturing Solutions, nous sommes sp\u00e9cialis\u00e9s dans la fabrication de flex PCB sur mesure, con\u00e7us pour r\u00e9pondre aux d\u00e9fis sp\u00e9cifiques de secteurs tels que l&rsquo;a\u00e9rospatiale, le m\u00e9dical et l&rsquo;\u00e9lectronique grand public. Notre expertise va au-del\u00e0 de la simple fabrication : nous sommes votre partenaire pour optimiser vos conceptions en termes de durabilit\u00e9 et de performance. Du choix des mat\u00e9riaux appropri\u00e9s, comme le cuivre \u00e0 haute ductilit\u00e9, aux conseils sur les configurations d&#8217;empilement et les rayons de courbure, nous veillons \u00e0 ce que vos solutions de flex PCB r\u00e9pondent aux exigences de votre application. Faites confiance \u00e0 PICA pour des circuits imprim\u00e9s flexibles qui repoussent les limites du possible en mati\u00e8re de conception et de fonctionnalit\u00e9.     <\/p>\t\t\t\t\t\t\t\t<\/div>\n\t\t\t\t<\/div>\n\t\t\t\t\t<\/div>\n\t\t\t\t<\/div>\n\t\t<div class=\"elementor-element elementor-element-7acd232 e-flex e-con-boxed e-con e-child\" data-id=\"7acd232\" data-element_type=\"container\">\r\n\t\t\t\t\t<div class=\"e-con-inner\">\r\n\t\t\t\t<div class=\"elementor-element elementor-element-dfd92ee elementor-widget elementor-widget-image\" data-id=\"dfd92ee\" data-element_type=\"widget\" data-widget_type=\"image.default\">\n\t\t\t\t<div class=\"elementor-widget-container\">\n\t\t\t\t\t\t\t\t\t\t\t\t\t\t\t<img fetchpriority=\"high\" decoding=\"async\" width=\"1024\" height=\"683\" src=\"https:\/\/picamfg.com\/wp-content\/uploads\/2026\/01\/Flex-french-pic-1024x683.jpg\" class=\"attachment-large size-large wp-image-19554\" alt=\"\" srcset=\"https:\/\/picamfg.com\/wp-content\/uploads\/2026\/01\/Flex-french-pic-1024x683.jpg 1024w, https:\/\/picamfg.com\/wp-content\/uploads\/2026\/01\/Flex-french-pic-768x512.jpg 768w, https:\/\/picamfg.com\/wp-content\/uploads\/2026\/01\/Flex-french-pic-640x427.jpg 640w, https:\/\/picamfg.com\/wp-content\/uploads\/2026\/01\/Flex-french-pic-400x267.jpg 400w, https:\/\/picamfg.com\/wp-content\/uploads\/2026\/01\/Flex-french-pic-367x245.jpg 367w\" sizes=\"(max-width: 1024px) 100vw, 1024px\" \/>\t\t\t\t\t\t\t\t\t\t\t\t\t\t\t<\/div>\n\t\t\t\t<\/div>\n\t\t\t\t\t<\/div>\n\t\t\t\t<\/div>\n\t\t\t\t\t<\/div>\n\t\t\t\t<\/div>\n\t\t<div class=\"elementor-element elementor-element-ca34b46 e-flex e-con-boxed e-con e-parent\" data-id=\"ca34b46\" data-element_type=\"container\">\r\n\t\t\t\t\t<div class=\"e-con-inner\">\r\n\t\t\t\t<div class=\"elementor-element elementor-element-8a04ab6 elementor-widget elementor-widget-text-editor\" data-id=\"8a04ab6\" data-element_type=\"widget\" data-widget_type=\"text-editor.default\">\n\t\t\t\t<div class=\"elementor-widget-container\">\n\t\t\t\t\t\t\t\t\t<h4>Veuillez remplir le formulaire ci-dessous pour demander la version PDF compl\u00e8te du guide des specifications fonctionnalit\u00e9s de PICA Manufacturing Solutions en mati\u00e8re de circuits imprim\u00e9s flexibles.<\/h4>\t\t\t\t\t\t\t\t<\/div>\n\t\t\t\t<\/div>\n\t\t\t\t\t<\/div>\n\t\t\t\t<\/div>\n\t\t<div class=\"elementor-element elementor-element-023d15a e-flex e-con-boxed e-con e-parent\" data-id=\"023d15a\" data-element_type=\"container\">\r\n\t\t\t\t\t<div class=\"e-con-inner\">\r\n\t\t\t\t<div class=\"elementor-element elementor-element-1d9e0db elementor-widget elementor-widget-html\" data-id=\"1d9e0db\" data-element_type=\"widget\" data-widget_type=\"html.default\">\n\t\t\t\t<div class=\"elementor-widget-container\">\n\t\t\t\t\t<script charset=\"utf-8\" type=\"text\/javascript\" src=\"\/\/js.hsforms.net\/forms\/embed\/v2.js\"><\/script>\n<script>\n  hbspt.forms.create({\n    portalId: \"23722413\",\n    formId: \"7d15e1fc-c8ab-4e69-b7f5-8fc756a7e2e9\",\n    region: \"na1\"\n  });\n<\/script>\t\t\t\t<\/div>\n\t\t\t\t<\/div>\n\t\t\t\t\t<\/div>\n\t\t\t\t<\/div>\n\t\t\t\t<\/div>\n\t\t","protected":false},"excerpt":{"rendered":"<p>T\u00e9l\u00e9chargez le guide des specifications fonctionnalit\u00e9s de PICA Manufacturing Solutions en mati\u00e8re de circuits imprim\u00e9s flexibles. Specifications Fonctionnalit\u00e9s des circuits imprim\u00e9s flexibles Les circuits imprim\u00e9s flexibles (flex PCB) sont la pierre angulaire de l&rsquo;innovation en \u00e9lectronique moderne, offrant une polyvalence in\u00e9gal\u00e9e et des possibilit\u00e9s de conception compactes. Que vous ayez besoin de circuits pour des&#8230;&nbsp;<a class=\"moretag\" href=\"https:\/\/picamfg.com\/fr\/specifications-fonctionnalites-des-circuits-imprimes-flexibles-telecharger\/\">READ MORE<\/a><\/p>\n","protected":false},"author":13,"featured_media":0,"parent":0,"menu_order":10,"comment_status":"closed","ping_status":"closed","template":"","meta":{"_acf_changed":false,"content-type":"","footnotes":""},"tags":[],"class_list":["post-18579","page","type-page","status-publish","hentry"],"acf":[],"yoast_head":"<!-- This site is optimized with the Yoast SEO plugin v27.1.1 - https:\/\/yoast.com\/product\/yoast-seo-wordpress\/ -->\n<title>Specifications Fonctionnalit\u00e9s des circuits imprim\u00e9s flexibles - t\u00e9l\u00e9charger - PICA Manufacturing Solutions<\/title>\n<meta name=\"description\" content=\"Access PICA&#039;s Flex PCB capabilities guide for advanced designs, materials, and manufacturing insights. Download now for specifications.\" \/>\n<meta name=\"robots\" content=\"index, follow, max-snippet:-1, max-image-preview:large, max-video-preview:-1\" \/>\n<link rel=\"canonical\" href=\"https:\/\/picamfg.com\/fr\/specifications-fonctionnalites-des-circuits-imprimes-flexibles-telecharger\/\" \/>\n<meta property=\"og:locale\" content=\"fr_FR\" \/>\n<meta property=\"og:type\" content=\"article\" \/>\n<meta property=\"og:title\" content=\"Specifications Fonctionnalit\u00e9s des circuits imprim\u00e9s flexibles - t\u00e9l\u00e9charger - PICA Manufacturing Solutions\" \/>\n<meta property=\"og:description\" content=\"Access PICA&#039;s Flex PCB capabilities guide for advanced designs, materials, and manufacturing insights. Download now for specifications.\" \/>\n<meta property=\"og:url\" content=\"https:\/\/picamfg.com\/fr\/specifications-fonctionnalites-des-circuits-imprimes-flexibles-telecharger\/\" \/>\n<meta property=\"og:site_name\" content=\"PICA Manufacturing Solutions\" \/>\n<meta property=\"article:publisher\" content=\"https:\/\/www.facebook.com\/Picamfg\" \/>\n<meta property=\"article:modified_time\" content=\"2026-01-28T15:34:21+00:00\" \/>\n<meta property=\"og:image\" content=\"https:\/\/picamfg.com\/wp-content\/uploads\/2026\/01\/Flex-french-pic.jpg\" \/>\n\t<meta property=\"og:image:width\" content=\"2500\" \/>\n\t<meta property=\"og:image:height\" content=\"1667\" \/>\n\t<meta property=\"og:image:type\" content=\"image\/jpeg\" \/>\n<meta name=\"twitter:card\" content=\"summary_large_image\" \/>\n<meta name=\"twitter:label1\" content=\"Dur\u00e9e de lecture estim\u00e9e\" \/>\n\t<meta name=\"twitter:data1\" content=\"2 minutes\" \/>\n<script type=\"application\/ld+json\" class=\"yoast-schema-graph\">{\"@context\":\"https:\/\/schema.org\",\"@graph\":[{\"@type\":\"WebPage\",\"@id\":\"https:\/\/picamfg.com\/fr\/specifications-fonctionnalites-des-circuits-imprimes-flexibles-telecharger\/\",\"url\":\"https:\/\/picamfg.com\/fr\/specifications-fonctionnalites-des-circuits-imprimes-flexibles-telecharger\/\",\"name\":\"Specifications Fonctionnalit\u00e9s des circuits imprim\u00e9s flexibles - t\u00e9l\u00e9charger - PICA Manufacturing Solutions\",\"isPartOf\":{\"@id\":\"https:\/\/picamfg.com\/fr\/#website\"},\"primaryImageOfPage\":{\"@id\":\"https:\/\/picamfg.com\/fr\/specifications-fonctionnalites-des-circuits-imprimes-flexibles-telecharger\/#primaryimage\"},\"image\":{\"@id\":\"https:\/\/picamfg.com\/fr\/specifications-fonctionnalites-des-circuits-imprimes-flexibles-telecharger\/#primaryimage\"},\"thumbnailUrl\":\"https:\/\/picamfg.com\/wp-content\/uploads\/2026\/01\/Flex-french-pic-1024x683.jpg\",\"datePublished\":\"2024-11-21T14:39:26+00:00\",\"dateModified\":\"2026-01-28T15:34:21+00:00\",\"description\":\"Access PICA's Flex PCB capabilities guide for advanced designs, materials, and manufacturing insights. Download now for specifications.\",\"breadcrumb\":{\"@id\":\"https:\/\/picamfg.com\/fr\/specifications-fonctionnalites-des-circuits-imprimes-flexibles-telecharger\/#breadcrumb\"},\"inLanguage\":\"fr-FR\",\"potentialAction\":[{\"@type\":\"ReadAction\",\"target\":[\"https:\/\/picamfg.com\/fr\/specifications-fonctionnalites-des-circuits-imprimes-flexibles-telecharger\/\"]}]},{\"@type\":\"ImageObject\",\"inLanguage\":\"fr-FR\",\"@id\":\"https:\/\/picamfg.com\/fr\/specifications-fonctionnalites-des-circuits-imprimes-flexibles-telecharger\/#primaryimage\",\"url\":\"https:\/\/picamfg.com\/wp-content\/uploads\/2026\/01\/Flex-french-pic-1024x683.jpg\",\"contentUrl\":\"https:\/\/picamfg.com\/wp-content\/uploads\/2026\/01\/Flex-french-pic-1024x683.jpg\"},{\"@type\":\"BreadcrumbList\",\"@id\":\"https:\/\/picamfg.com\/fr\/specifications-fonctionnalites-des-circuits-imprimes-flexibles-telecharger\/#breadcrumb\",\"itemListElement\":[{\"@type\":\"ListItem\",\"position\":1,\"name\":\"Home\",\"item\":\"https:\/\/picamfg.com\/fr\/\"},{\"@type\":\"ListItem\",\"position\":2,\"name\":\"Specifications Fonctionnalit\u00e9s des circuits imprim\u00e9s flexibles &#8211; t\u00e9l\u00e9charger\"}]},{\"@type\":\"WebSite\",\"@id\":\"https:\/\/picamfg.com\/fr\/#website\",\"url\":\"https:\/\/picamfg.com\/fr\/\",\"name\":\"PICA Manufacturing Solutions\",\"description\":\"Pick a Partner - Not Parts\",\"publisher\":{\"@id\":\"https:\/\/picamfg.com\/fr\/#organization\"},\"potentialAction\":[{\"@type\":\"SearchAction\",\"target\":{\"@type\":\"EntryPoint\",\"urlTemplate\":\"https:\/\/picamfg.com\/fr\/?s={search_term_string}\"},\"query-input\":{\"@type\":\"PropertyValueSpecification\",\"valueRequired\":true,\"valueName\":\"search_term_string\"}}],\"inLanguage\":\"fr-FR\"},{\"@type\":\"Organization\",\"@id\":\"https:\/\/picamfg.com\/fr\/#organization\",\"name\":\"PICA Manufacturing Solutions\",\"url\":\"https:\/\/picamfg.com\/fr\/\",\"logo\":{\"@type\":\"ImageObject\",\"inLanguage\":\"fr-FR\",\"@id\":\"https:\/\/picamfg.com\/fr\/#\/schema\/logo\/image\/\",\"url\":\"https:\/\/picamfg.com\/wp-content\/uploads\/2023\/07\/pica-manufacturing-solutions.png\",\"contentUrl\":\"https:\/\/picamfg.com\/wp-content\/uploads\/2023\/07\/pica-manufacturing-solutions.png\",\"width\":381,\"height\":154,\"caption\":\"PICA Manufacturing Solutions\"},\"image\":{\"@id\":\"https:\/\/picamfg.com\/fr\/#\/schema\/logo\/image\/\"},\"sameAs\":[\"https:\/\/www.facebook.com\/Picamfg\",\"https:\/\/www.linkedin.com\/company\/pica-manufacturing-solutions\/\"]}]}<\/script>\n<!-- \/ Yoast SEO plugin. -->","yoast_head_json":{"title":"Specifications Fonctionnalit\u00e9s des circuits imprim\u00e9s flexibles - t\u00e9l\u00e9charger - PICA Manufacturing Solutions","description":"Access PICA's Flex PCB capabilities guide for advanced designs, materials, and manufacturing insights. Download now for specifications.","robots":{"index":"index","follow":"follow","max-snippet":"max-snippet:-1","max-image-preview":"max-image-preview:large","max-video-preview":"max-video-preview:-1"},"canonical":"https:\/\/picamfg.com\/fr\/specifications-fonctionnalites-des-circuits-imprimes-flexibles-telecharger\/","og_locale":"fr_FR","og_type":"article","og_title":"Specifications Fonctionnalit\u00e9s des circuits imprim\u00e9s flexibles - t\u00e9l\u00e9charger - PICA Manufacturing Solutions","og_description":"Access PICA's Flex PCB capabilities guide for advanced designs, materials, and manufacturing insights. Download now for specifications.","og_url":"https:\/\/picamfg.com\/fr\/specifications-fonctionnalites-des-circuits-imprimes-flexibles-telecharger\/","og_site_name":"PICA Manufacturing Solutions","article_publisher":"https:\/\/www.facebook.com\/Picamfg","article_modified_time":"2026-01-28T15:34:21+00:00","og_image":[{"width":2500,"height":1667,"url":"https:\/\/picamfg.com\/wp-content\/uploads\/2026\/01\/Flex-french-pic.jpg","type":"image\/jpeg"}],"twitter_card":"summary_large_image","twitter_misc":{"Dur\u00e9e de lecture estim\u00e9e":"2 minutes"},"schema":{"@context":"https:\/\/schema.org","@graph":[{"@type":"WebPage","@id":"https:\/\/picamfg.com\/fr\/specifications-fonctionnalites-des-circuits-imprimes-flexibles-telecharger\/","url":"https:\/\/picamfg.com\/fr\/specifications-fonctionnalites-des-circuits-imprimes-flexibles-telecharger\/","name":"Specifications Fonctionnalit\u00e9s des circuits imprim\u00e9s flexibles - t\u00e9l\u00e9charger - PICA Manufacturing Solutions","isPartOf":{"@id":"https:\/\/picamfg.com\/fr\/#website"},"primaryImageOfPage":{"@id":"https:\/\/picamfg.com\/fr\/specifications-fonctionnalites-des-circuits-imprimes-flexibles-telecharger\/#primaryimage"},"image":{"@id":"https:\/\/picamfg.com\/fr\/specifications-fonctionnalites-des-circuits-imprimes-flexibles-telecharger\/#primaryimage"},"thumbnailUrl":"https:\/\/picamfg.com\/wp-content\/uploads\/2026\/01\/Flex-french-pic-1024x683.jpg","datePublished":"2024-11-21T14:39:26+00:00","dateModified":"2026-01-28T15:34:21+00:00","description":"Access PICA's Flex PCB capabilities guide for advanced designs, materials, and manufacturing insights. Download now for specifications.","breadcrumb":{"@id":"https:\/\/picamfg.com\/fr\/specifications-fonctionnalites-des-circuits-imprimes-flexibles-telecharger\/#breadcrumb"},"inLanguage":"fr-FR","potentialAction":[{"@type":"ReadAction","target":["https:\/\/picamfg.com\/fr\/specifications-fonctionnalites-des-circuits-imprimes-flexibles-telecharger\/"]}]},{"@type":"ImageObject","inLanguage":"fr-FR","@id":"https:\/\/picamfg.com\/fr\/specifications-fonctionnalites-des-circuits-imprimes-flexibles-telecharger\/#primaryimage","url":"https:\/\/picamfg.com\/wp-content\/uploads\/2026\/01\/Flex-french-pic-1024x683.jpg","contentUrl":"https:\/\/picamfg.com\/wp-content\/uploads\/2026\/01\/Flex-french-pic-1024x683.jpg"},{"@type":"BreadcrumbList","@id":"https:\/\/picamfg.com\/fr\/specifications-fonctionnalites-des-circuits-imprimes-flexibles-telecharger\/#breadcrumb","itemListElement":[{"@type":"ListItem","position":1,"name":"Home","item":"https:\/\/picamfg.com\/fr\/"},{"@type":"ListItem","position":2,"name":"Specifications Fonctionnalit\u00e9s des circuits imprim\u00e9s flexibles &#8211; t\u00e9l\u00e9charger"}]},{"@type":"WebSite","@id":"https:\/\/picamfg.com\/fr\/#website","url":"https:\/\/picamfg.com\/fr\/","name":"PICA Manufacturing Solutions","description":"Pick a Partner - Not Parts","publisher":{"@id":"https:\/\/picamfg.com\/fr\/#organization"},"potentialAction":[{"@type":"SearchAction","target":{"@type":"EntryPoint","urlTemplate":"https:\/\/picamfg.com\/fr\/?s={search_term_string}"},"query-input":{"@type":"PropertyValueSpecification","valueRequired":true,"valueName":"search_term_string"}}],"inLanguage":"fr-FR"},{"@type":"Organization","@id":"https:\/\/picamfg.com\/fr\/#organization","name":"PICA Manufacturing Solutions","url":"https:\/\/picamfg.com\/fr\/","logo":{"@type":"ImageObject","inLanguage":"fr-FR","@id":"https:\/\/picamfg.com\/fr\/#\/schema\/logo\/image\/","url":"https:\/\/picamfg.com\/wp-content\/uploads\/2023\/07\/pica-manufacturing-solutions.png","contentUrl":"https:\/\/picamfg.com\/wp-content\/uploads\/2023\/07\/pica-manufacturing-solutions.png","width":381,"height":154,"caption":"PICA Manufacturing Solutions"},"image":{"@id":"https:\/\/picamfg.com\/fr\/#\/schema\/logo\/image\/"},"sameAs":["https:\/\/www.facebook.com\/Picamfg","https:\/\/www.linkedin.com\/company\/pica-manufacturing-solutions\/"]}]}},"_links":{"self":[{"href":"https:\/\/picamfg.com\/fr\/wp-json\/wp\/v2\/pages\/18579","targetHints":{"allow":["GET"]}}],"collection":[{"href":"https:\/\/picamfg.com\/fr\/wp-json\/wp\/v2\/pages"}],"about":[{"href":"https:\/\/picamfg.com\/fr\/wp-json\/wp\/v2\/types\/page"}],"author":[{"embeddable":true,"href":"https:\/\/picamfg.com\/fr\/wp-json\/wp\/v2\/users\/13"}],"replies":[{"embeddable":true,"href":"https:\/\/picamfg.com\/fr\/wp-json\/wp\/v2\/comments?post=18579"}],"version-history":[{"count":12,"href":"https:\/\/picamfg.com\/fr\/wp-json\/wp\/v2\/pages\/18579\/revisions"}],"predecessor-version":[{"id":19558,"href":"https:\/\/picamfg.com\/fr\/wp-json\/wp\/v2\/pages\/18579\/revisions\/19558"}],"wp:attachment":[{"href":"https:\/\/picamfg.com\/fr\/wp-json\/wp\/v2\/media?parent=18579"}],"wp:term":[{"taxonomy":"post_tag","embeddable":true,"href":"https:\/\/picamfg.com\/fr\/wp-json\/wp\/v2\/tags?post=18579"}],"curies":[{"name":"wp","href":"https:\/\/api.w.org\/{rel}","templated":true}]}}