{"id":18361,"date":"2024-06-10T17:22:51","date_gmt":"2024-06-10T17:22:51","guid":{"rendered":"https:\/\/picamfg.com\/specifications-fonctionnalites-des-circuits-imprimes-flexibles\/"},"modified":"2026-01-22T16:34:45","modified_gmt":"2026-01-22T16:34:45","slug":"specifications-fonctionnalites-des-circuits-imprimes-flexibles","status":"publish","type":"page","link":"https:\/\/picamfg.com\/fr\/specifications-fonctionnalites-des-circuits-imprimes-flexibles\/","title":{"rendered":"Specifications Fonctionnalit\u00e9s des circuits imprim\u00e9s flexibles"},"content":{"rendered":"\t\t<div data-elementor-type=\"wp-page\" data-elementor-id=\"18361\" class=\"elementor elementor-18361\" data-elementor-post-type=\"page\">\n\t\t\t\t<div class=\"elementor-element elementor-element-93b00cc e-flex e-con-boxed e-con e-parent\" data-id=\"93b00cc\" data-element_type=\"container\">\r\n\t\t\t\t\t<div class=\"e-con-inner\">\r\n\t\t\t\t<div class=\"elementor-element elementor-element-a788cd8 elementor-widget elementor-widget-text-editor\" data-id=\"a788cd8\" data-element_type=\"widget\" data-widget_type=\"text-editor.default\">\n\t\t\t\t<div class=\"elementor-widget-container\">\n\t\t\t\t\t\t\t\t\t<h4>Chez PICA, nous proposons la conception avanc\u00e9e de circuits imprim\u00e9s flexibles gr\u00e2ce \u00e0 des technologies de pointe. Sp\u00e9cifications Fonctionnalit\u00e9s des circuits imprim\u00e9s flexibles Pour plus d&rsquo;informations sur la finition de surface et les motifs et perforations, veuillez remplir le formulaire ci-dessous pour demander le t\u00e9l\u00e9chargement du document PDF complet pr\u00e9sentant les fonctionnalit\u00e9s, ou cliquez sur le bouton pour contacter un ing\u00e9nieur PICA.<\/h4>\t\t\t\t\t\t\t\t<\/div>\n\t\t\t\t<\/div>\n\t\t\t\t\t<\/div>\n\t\t\t\t<\/div>\n\t\t<div class=\"elementor-element elementor-element-c85a85e e-flex e-con-boxed e-con e-parent\" data-id=\"c85a85e\" data-element_type=\"container\">\r\n\t\t\t\t\t<div class=\"e-con-inner\">\r\n\t\t\t\t<div class=\"elementor-element elementor-element-49c66a1 elementor-widget elementor-widget-global elementor-global-20283 elementor-global-14651 elementor-widget-html\" data-id=\"49c66a1\" data-element_type=\"widget\" data-widget_type=\"html.default\">\n\t\t\t\t<div class=\"elementor-widget-container\">\n\t\t\t\t\t<div>\n\n\n  <meta charset=\"UTF-8\">\n  <title>Bonjour le monde!c<\/title>\n  <meta name=\"viewport\" content=\"largeur=largeur-de-l'appareil,\u00e9chelle-initiale=1\">\n  <meta name=\"description\" content=\"\">\n  <link rel=\"icon\" href=\"favicon.png\">\n\n\n  <button onclick=\"window.location.href='https:\/\/picamfg.com\/contact\/';\" type=\"button\">CONTACTEZ UN ING\u00c9NIEUR\n  <a href=\"https:\/\/picamfg.com\/fr\/contact\/\"><img decoding=\"async\" src=\"https:\/\/picamfg.com\/wp-content\/uploads\/2025\/05\/Contact-Engineer-Button-scaled.png\" alt=\"service client\" style=\"width:70px;\"><\/a> <\/button>\n   <style>\n    button {\n      background-color: #1d3a85; \/* Bootstrap blue *\/\n      color: white;\n      border: none;\n      padding: 10px 23px;\n      font-size: 16px;\n      border-radius: 15px;\n      cursor: pointer;\n      transition: background-color 0.3s ease;\n      box-shadow: 3px 3px 9px rgba(0, 0, 0, 0.7);\n      display: flex;\n      align-items: center;\n      justify-content: space-between;\n      width: 325px;\n    }\n    button:hover {\n      background-color: #0056b3;\n    }\n  <\/style>\n\n<\/div>\t\t\t\t<\/div>\n\t\t\t\t<\/div>\n\t\t\t\t\t<\/div>\n\t\t\t\t<\/div>\n\t\t<div class=\"elementor-element elementor-element-e4a8dd6 e-flex e-con-boxed e-con e-parent\" data-id=\"e4a8dd6\" data-element_type=\"container\">\r\n\t\t\t\t\t<div class=\"e-con-inner\">\r\n\t\t\t\t<div class=\"elementor-element elementor-element-a9b573b elementor-widget-divider--view-line elementor-widget elementor-widget-divider\" data-id=\"a9b573b\" data-element_type=\"widget\" data-widget_type=\"divider.default\">\n\t\t\t\t<div class=\"elementor-widget-container\">\n\t\t\t\t\t\t\t<div class=\"elementor-divider\">\n\t\t\t<span class=\"elementor-divider-separator\">\n\t\t\t\t\t\t<\/span>\n\t\t<\/div>\n\t\t\t\t\t\t<\/div>\n\t\t\t\t<\/div>\n\t\t\t\t<div class=\"elementor-element elementor-element-0095020 elementor-widget elementor-widget-heading\" data-id=\"0095020\" data-element_type=\"widget\" data-widget_type=\"heading.default\">\n\t\t\t\t<div class=\"elementor-widget-container\">\n\t\t\t\t\t<h3 class=\"elementor-heading-title elementor-size-default\">Technologies<\/h3>\t\t\t\t<\/div>\n\t\t\t\t<\/div>\n\t\t\t\t\t<\/div>\n\t\t\t\t<\/div>\n\t\t<div class=\"elementor-element elementor-element-5d467bc e-flex e-con-boxed e-con e-parent\" data-id=\"5d467bc\" data-element_type=\"container\">\r\n\t\t\t\t\t<div class=\"e-con-inner\">\r\n\t\t<div class=\"elementor-element elementor-element-cc940fd e-con-full e-flex e-con e-child\" data-id=\"cc940fd\" data-element_type=\"container\">\r\n\t\t\t\t<div class=\"elementor-element elementor-element-ca30dce elementor-widget elementor-widget-text-editor\" data-id=\"ca30dce\" data-element_type=\"widget\" data-widget_type=\"text-editor.default\">\n\t\t\t\t<div class=\"elementor-widget-container\">\n\t\t\t\t\t\t\t\t\t<ul><li>Simple face, Double face, Multicouche max 8 couches.<\/li><li>Double acc\u00e8s | Double face nu | Fingers Design no pris en charge<\/li><li>Usage dynamique ou Flex \u00e0 l\u2019installation<\/li><li>Construction Air Gap<\/li><li>Impedance Control\u00e9e (Test et v\u00e9rification TDR)<\/li><\/ul>\t\t\t\t\t\t\t\t<\/div>\n\t\t\t\t<\/div>\n\t\t\t\t<\/div>\n\t\t<div class=\"elementor-element elementor-element-0155a86 e-con-full e-flex e-con e-child\" data-id=\"0155a86\" data-element_type=\"container\">\r\n\t\t\t\t<div class=\"elementor-element elementor-element-8f01053 elementor-widget elementor-widget-text-editor\" data-id=\"8f01053\" data-element_type=\"widget\" data-widget_type=\"text-editor.default\">\n\t\t\t\t<div class=\"elementor-widget-container\">\n\t\t\t\t\t\t\t\t\t<ul><li>Haute fr\u00e9quence Contr\u00f4le<\/li><li>Contr\u00f4le de la r\u00e9sistance<\/li><li>Conception de flexible pour \u00e9l\u00e9ments de dispositif flexible d&rsquo;\u00e9l\u00e9ment chauffant \u00e0 feuille grav\u00e9e<\/li><li>Flexible sculpt\u00e9<\/li><li>Flexible hybride<\/li><\/ul>\t\t\t\t\t\t\t\t<\/div>\n\t\t\t\t<\/div>\n\t\t\t\t<\/div>\n\t\t\t\t\t<\/div>\n\t\t\t\t<\/div>\n\t\t<div class=\"elementor-element elementor-element-cb4b662 e-flex e-con-boxed e-con e-parent\" data-id=\"cb4b662\" data-element_type=\"container\">\r\n\t\t\t\t\t<div class=\"e-con-inner\">\r\n\t\t\t\t<div class=\"elementor-element elementor-element-2581a61 elementor-widget-divider--view-line elementor-widget elementor-widget-divider\" data-id=\"2581a61\" data-element_type=\"widget\" data-widget_type=\"divider.default\">\n\t\t\t\t<div class=\"elementor-widget-container\">\n\t\t\t\t\t\t\t<div class=\"elementor-divider\">\n\t\t\t<span class=\"elementor-divider-separator\">\n\t\t\t\t\t\t<\/span>\n\t\t<\/div>\n\t\t\t\t\t\t<\/div>\n\t\t\t\t<\/div>\n\t\t\t\t\t<\/div>\n\t\t\t\t<\/div>\n\t\t<div class=\"elementor-element elementor-element-e11b2c8 e-flex e-con-boxed e-con e-parent\" data-id=\"e11b2c8\" data-element_type=\"container\">\r\n\t\t\t\t\t<div class=\"e-con-inner\">\r\n\t\t\t\t<div class=\"elementor-element elementor-element-185b462 elementor-widget elementor-widget-heading\" data-id=\"185b462\" data-element_type=\"widget\" data-widget_type=\"heading.default\">\n\t\t\t\t<div class=\"elementor-widget-container\">\n\t\t\t\t\t<h3 class=\"elementor-heading-title elementor-size-default\">Mat\u00e9riaux<\/h3>\t\t\t\t<\/div>\n\t\t\t\t<\/div>\n\t\t\t\t\t<\/div>\n\t\t\t\t<\/div>\n\t\t<div class=\"elementor-element elementor-element-c2e0540 e-flex e-con-boxed e-con e-parent\" data-id=\"c2e0540\" data-element_type=\"container\">\r\n\t\t\t\t\t<div class=\"e-con-inner\">\r\n\t\t\t\t<div class=\"elementor-element elementor-element-ff95db8 elementor-widget elementor-widget-text-editor\" data-id=\"ff95db8\" data-element_type=\"widget\" data-widget_type=\"text-editor.default\">\n\t\t\t\t<div class=\"elementor-widget-container\">\n\t\t\t\t\t\t\t\t\t<ul><li class=\"p1\">Polyimide (PI), polyester (PET), poly\u00e9therimide (PEI), polyt\u00e9trafluoro\u00e9thyl\u00e8ne (PTFE), polynaphtalate d&rsquo;\u00e9thyl\u00e8ne (PEN)<\/li><li class=\"p1\">Sans halog\u00e8ne, homologu\u00e9 UL 94 V-0, ROHS, REACH<\/li><li class=\"p1\">Adh\u00e9sif : \u00c9poxy, acrylique &#8211; Sans adh\u00e9sif<\/li><li class=\"p1\">Raidisseurs : FR4, PI, m\u00e9tal, c\u00e9ramique (AI302)<\/li><li class=\"p1\">Cuivre : Electrod\u00e9pos\u00e9 (ED), recuit lamin\u00e9 (RA) &#8211; Constantan<\/li><li class=\"p1\">Blindage : Film EMI, encre argent (AG), couche de cuivre<\/li><li class=\"p1\">Masque de soudure flexible, film Coverlay, masque de soudure liquide (LPI)<\/li><\/ul>\t\t\t\t\t\t\t\t<\/div>\n\t\t\t\t<\/div>\n\t\t\t\t\t<\/div>\n\t\t\t\t<\/div>\n\t\t<div class=\"elementor-element elementor-element-0a35fa8 e-flex e-con-boxed e-con e-parent\" data-id=\"0a35fa8\" data-element_type=\"container\">\r\n\t\t\t\t\t<div class=\"e-con-inner\">\r\n\t\t\t\t<div class=\"elementor-element elementor-element-85583b0 elementor-widget-divider--view-line elementor-widget elementor-widget-divider\" data-id=\"85583b0\" data-element_type=\"widget\" data-widget_type=\"divider.default\">\n\t\t\t\t<div class=\"elementor-widget-container\">\n\t\t\t\t\t\t\t<div class=\"elementor-divider\">\n\t\t\t<span class=\"elementor-divider-separator\">\n\t\t\t\t\t\t<\/span>\n\t\t<\/div>\n\t\t\t\t\t\t<\/div>\n\t\t\t\t<\/div>\n\t\t\t\t\t<\/div>\n\t\t\t\t<\/div>\n\t\t<div class=\"elementor-element elementor-element-e2dd0c9 e-flex e-con-boxed e-con e-parent\" data-id=\"e2dd0c9\" data-element_type=\"container\">\r\n\t\t\t\t\t<div class=\"e-con-inner\">\r\n\t\t\t\t<div class=\"elementor-element elementor-element-8d9981e elementor-widget elementor-widget-heading\" data-id=\"8d9981e\" data-element_type=\"widget\" data-widget_type=\"heading.default\">\n\t\t\t\t<div class=\"elementor-widget-container\">\n\t\t\t\t\t<h3 class=\"elementor-heading-title elementor-size-default\">Interconnexions<\/h3>\t\t\t\t<\/div>\n\t\t\t\t<\/div>\n\t\t\t\t\t<\/div>\n\t\t\t\t<\/div>\n\t\t<div class=\"elementor-element elementor-element-c175f7a e-flex e-con-boxed e-con e-parent\" data-id=\"c175f7a\" data-element_type=\"container\">\r\n\t\t\t\t\t<div class=\"e-con-inner\">\r\n\t\t<div class=\"elementor-element elementor-element-5ffba22 e-con-full e-flex e-con e-child\" data-id=\"5ffba22\" data-element_type=\"container\">\r\n\t\t\t\t<div class=\"elementor-element elementor-element-5b5e652 elementor-widget elementor-widget-text-editor\" data-id=\"5b5e652\" data-element_type=\"widget\" data-widget_type=\"text-editor.default\">\n\t\t\t\t<div class=\"elementor-widget-container\">\n\t\t\t\t\t\t\t\t\t<ul><li>Assemblage par SMT<\/li><li>Connecteur traversant, soudure s\u00e9lective<\/li><li>IDC : Contact auto d\u00e9nudant (sertissage)<\/li><li>Film conducteur anisotropique (ACF), adh\u00e9sif conducteur anisotropique<\/li><li>Brasage par refusion \u00e0 chaud<\/li><\/ul>\t\t\t\t\t\t\t\t<\/div>\n\t\t\t\t<\/div>\n\t\t\t\t<\/div>\n\t\t<div class=\"elementor-element elementor-element-ddb7148 e-con-full e-flex e-con e-child\" data-id=\"ddb7148\" data-element_type=\"container\">\r\n\t\t\t\t<div class=\"elementor-element elementor-element-fb23393 elementor-widget elementor-widget-text-editor\" data-id=\"fb23393\" data-element_type=\"widget\" data-widget_type=\"text-editor.default\">\n\t\t\t\t<div class=\"elementor-widget-container\">\n\t\t\t\t\t\t\t\t\t<ul><li class=\"p1\">Heat Stake<\/li><li class=\"p1\">Collage thermique<\/li><li class=\"p1\">Soudure (brasage)<\/li><li class=\"p1\">Wire bonding<\/li><li class=\"p1\">Assemblage Puce &amp; die<\/li><\/ul>\t\t\t\t\t\t\t\t<\/div>\n\t\t\t\t<\/div>\n\t\t\t\t<\/div>\n\t\t\t\t\t<\/div>\n\t\t\t\t<\/div>\n\t\t<div class=\"elementor-element elementor-element-631de37 e-flex e-con-boxed e-con e-parent\" data-id=\"631de37\" data-element_type=\"container\">\r\n\t\t\t\t\t<div class=\"e-con-inner\">\r\n\t\t\t\t<div class=\"elementor-element elementor-element-577f4b2 elementor-widget elementor-widget-text-editor\" data-id=\"577f4b2\" data-element_type=\"widget\" data-widget_type=\"text-editor.default\">\n\t\t\t\t<div class=\"elementor-widget-container\">\n\t\t\t\t\t\t\t\t\t<h4>Veuillez remplir le formulaire ci-dessous pour demander la fiche technique compl\u00e8te des capacit\u00e9s des circuits imprim\u00e9s flexibles de PICA. <\/h4>\t\t\t\t\t\t\t\t<\/div>\n\t\t\t\t<\/div>\n\t\t\t\t\t<\/div>\n\t\t\t\t<\/div>\n\t\t<div class=\"elementor-element elementor-element-052e527 e-flex e-con-boxed e-con e-parent\" data-id=\"052e527\" data-element_type=\"container\">\r\n\t\t\t\t\t<div class=\"e-con-inner\">\r\n\t\t\t\t<div class=\"elementor-element elementor-element-29607d1 elementor-widget elementor-widget-html\" data-id=\"29607d1\" data-element_type=\"widget\" data-widget_type=\"html.default\">\n\t\t\t\t<div class=\"elementor-widget-container\">\n\t\t\t\t\t<script charset=\"utf-8\" type=\"text\/javascript\" src=\"\/\/js.hsforms.net\/forms\/embed\/v2.js\"><\/script>\r\n<script>\r\n  hbspt.forms.create({\r\n    portalId: \"23722413\",\r\n    formId: \"7d15e1fc-c8ab-4e69-b7f5-8fc756a7e2e9\",\r\n    region: \"na1\"\r\n  });\r\n<\/script>\r\n\t\t\t\t<\/div>\n\t\t\t\t<\/div>\n\t\t\t\t\t<\/div>\n\t\t\t\t<\/div>\n\t\t<div class=\"elementor-element elementor-element-a25d36a e-flex e-con-boxed e-con e-parent\" data-id=\"a25d36a\" data-element_type=\"container\">\r\n\t\t\t\t\t<div class=\"e-con-inner\">\r\n\t\t\t\t\t<\/div>\n\t\t\t\t<\/div>\n\t\t\t\t<\/div>\n\t\t","protected":false},"excerpt":{"rendered":"<p>Chez PICA, nous proposons la conception avanc\u00e9e de circuits imprim\u00e9s flexibles gr\u00e2ce \u00e0 des technologies de pointe. Sp\u00e9cifications Fonctionnalit\u00e9s des circuits imprim\u00e9s flexibles Pour plus d&rsquo;informations sur la finition de surface et les motifs et perforations, veuillez remplir le formulaire ci-dessous pour demander le t\u00e9l\u00e9chargement du document PDF complet pr\u00e9sentant les fonctionnalit\u00e9s, ou cliquez sur&#8230;&nbsp;<a class=\"moretag\" href=\"https:\/\/picamfg.com\/fr\/specifications-fonctionnalites-des-circuits-imprimes-flexibles\/\">READ MORE<\/a><\/p>\n","protected":false},"author":13,"featured_media":0,"parent":0,"menu_order":62,"comment_status":"closed","ping_status":"closed","template":"","meta":{"_acf_changed":false,"content-type":"","footnotes":""},"tags":[],"class_list":["post-18361","page","type-page","status-publish","hentry"],"acf":[],"yoast_head":"<!-- This site is optimized with the Yoast SEO plugin v27.1.1 - https:\/\/yoast.com\/product\/yoast-seo-wordpress\/ -->\n<title>Specifications des fabrication de circuits imprim\u00e9s flexibles | PICA Engineering<\/title>\n<meta name=\"description\" content=\"D\u00e9couvrez les specfications de fabrication de circuits imprim\u00e9s flexibles de PICA. Nous fabriquons \u00e0 grande \u00e9chelle des circuits flexibles fiables, compacts et performants.\" \/>\n<meta name=\"robots\" content=\"index, follow, max-snippet:-1, max-image-preview:large, max-video-preview:-1\" \/>\n<link rel=\"canonical\" href=\"https:\/\/picamfg.com\/fr\/specifications-fonctionnalites-des-circuits-imprimes-flexibles\/\" \/>\n<meta property=\"og:locale\" content=\"fr_FR\" \/>\n<meta property=\"og:type\" content=\"article\" \/>\n<meta property=\"og:title\" content=\"Specifications des fabrication de circuits imprim\u00e9s flexibles | PICA Engineering\" \/>\n<meta property=\"og:description\" content=\"D\u00e9couvrez les specfications de fabrication de circuits imprim\u00e9s flexibles de PICA. Nous fabriquons \u00e0 grande \u00e9chelle des circuits flexibles fiables, compacts et performants.\" \/>\n<meta property=\"og:url\" content=\"https:\/\/picamfg.com\/fr\/specifications-fonctionnalites-des-circuits-imprimes-flexibles\/\" \/>\n<meta property=\"og:site_name\" content=\"PICA Manufacturing Solutions\" \/>\n<meta property=\"article:publisher\" content=\"https:\/\/www.facebook.com\/Picamfg\" \/>\n<meta property=\"article:modified_time\" content=\"2026-01-22T16:34:45+00:00\" \/>\n<meta property=\"og:image\" content=\"https:\/\/picamfg.com\/wp-content\/uploads\/2025\/05\/Contact-Engineer-Button-scaled.png\" \/>\n<meta name=\"twitter:card\" content=\"summary_large_image\" \/>\n<meta name=\"twitter:label1\" content=\"Dur\u00e9e de lecture estim\u00e9e\" \/>\n\t<meta name=\"twitter:data1\" content=\"2 minutes\" \/>\n<script type=\"application\/ld+json\" class=\"yoast-schema-graph\">{\"@context\":\"https:\/\/schema.org\",\"@graph\":[{\"@type\":\"WebPage\",\"@id\":\"https:\/\/picamfg.com\/fr\/specifications-fonctionnalites-des-circuits-imprimes-flexibles\/\",\"url\":\"https:\/\/picamfg.com\/fr\/specifications-fonctionnalites-des-circuits-imprimes-flexibles\/\",\"name\":\"Specifications des fabrication de circuits imprim\u00e9s flexibles | PICA Engineering\",\"isPartOf\":{\"@id\":\"https:\/\/picamfg.com\/fr\/#website\"},\"primaryImageOfPage\":{\"@id\":\"https:\/\/picamfg.com\/fr\/specifications-fonctionnalites-des-circuits-imprimes-flexibles\/#primaryimage\"},\"image\":{\"@id\":\"https:\/\/picamfg.com\/fr\/specifications-fonctionnalites-des-circuits-imprimes-flexibles\/#primaryimage\"},\"thumbnailUrl\":\"https:\/\/picamfg.com\/wp-content\/uploads\/2025\/05\/Contact-Engineer-Button-scaled.png\",\"datePublished\":\"2024-06-10T17:22:51+00:00\",\"dateModified\":\"2026-01-22T16:34:45+00:00\",\"description\":\"D\u00e9couvrez les specfications de fabrication de circuits imprim\u00e9s flexibles de PICA. Nous fabriquons \u00e0 grande \u00e9chelle des circuits flexibles fiables, compacts et performants.\",\"breadcrumb\":{\"@id\":\"https:\/\/picamfg.com\/fr\/specifications-fonctionnalites-des-circuits-imprimes-flexibles\/#breadcrumb\"},\"inLanguage\":\"fr-FR\",\"potentialAction\":[{\"@type\":\"ReadAction\",\"target\":[\"https:\/\/picamfg.com\/fr\/specifications-fonctionnalites-des-circuits-imprimes-flexibles\/\"]}]},{\"@type\":\"ImageObject\",\"inLanguage\":\"fr-FR\",\"@id\":\"https:\/\/picamfg.com\/fr\/specifications-fonctionnalites-des-circuits-imprimes-flexibles\/#primaryimage\",\"url\":\"https:\/\/picamfg.com\/wp-content\/uploads\/2025\/05\/Contact-Engineer-Button-scaled.png\",\"contentUrl\":\"https:\/\/picamfg.com\/wp-content\/uploads\/2025\/05\/Contact-Engineer-Button-scaled.png\"},{\"@type\":\"BreadcrumbList\",\"@id\":\"https:\/\/picamfg.com\/fr\/specifications-fonctionnalites-des-circuits-imprimes-flexibles\/#breadcrumb\",\"itemListElement\":[{\"@type\":\"ListItem\",\"position\":1,\"name\":\"Home\",\"item\":\"https:\/\/picamfg.com\/fr\/\"},{\"@type\":\"ListItem\",\"position\":2,\"name\":\"Specifications Fonctionnalit\u00e9s des circuits imprim\u00e9s flexibles\"}]},{\"@type\":\"WebSite\",\"@id\":\"https:\/\/picamfg.com\/fr\/#website\",\"url\":\"https:\/\/picamfg.com\/fr\/\",\"name\":\"PICA Manufacturing Solutions\",\"description\":\"Pick a Partner - Not Parts\",\"publisher\":{\"@id\":\"https:\/\/picamfg.com\/fr\/#organization\"},\"potentialAction\":[{\"@type\":\"SearchAction\",\"target\":{\"@type\":\"EntryPoint\",\"urlTemplate\":\"https:\/\/picamfg.com\/fr\/?s={search_term_string}\"},\"query-input\":{\"@type\":\"PropertyValueSpecification\",\"valueRequired\":true,\"valueName\":\"search_term_string\"}}],\"inLanguage\":\"fr-FR\"},{\"@type\":\"Organization\",\"@id\":\"https:\/\/picamfg.com\/fr\/#organization\",\"name\":\"PICA Manufacturing Solutions\",\"url\":\"https:\/\/picamfg.com\/fr\/\",\"logo\":{\"@type\":\"ImageObject\",\"inLanguage\":\"fr-FR\",\"@id\":\"https:\/\/picamfg.com\/fr\/#\/schema\/logo\/image\/\",\"url\":\"https:\/\/picamfg.com\/wp-content\/uploads\/2023\/07\/pica-manufacturing-solutions.png\",\"contentUrl\":\"https:\/\/picamfg.com\/wp-content\/uploads\/2023\/07\/pica-manufacturing-solutions.png\",\"width\":381,\"height\":154,\"caption\":\"PICA Manufacturing Solutions\"},\"image\":{\"@id\":\"https:\/\/picamfg.com\/fr\/#\/schema\/logo\/image\/\"},\"sameAs\":[\"https:\/\/www.facebook.com\/Picamfg\",\"https:\/\/www.linkedin.com\/company\/pica-manufacturing-solutions\/\"]}]}<\/script>\n<!-- \/ Yoast SEO plugin. -->","yoast_head_json":{"title":"Specifications des fabrication de circuits imprim\u00e9s flexibles | PICA Engineering","description":"D\u00e9couvrez les specfications de fabrication de circuits imprim\u00e9s flexibles de PICA. Nous fabriquons \u00e0 grande \u00e9chelle des circuits flexibles fiables, compacts et performants.","robots":{"index":"index","follow":"follow","max-snippet":"max-snippet:-1","max-image-preview":"max-image-preview:large","max-video-preview":"max-video-preview:-1"},"canonical":"https:\/\/picamfg.com\/fr\/specifications-fonctionnalites-des-circuits-imprimes-flexibles\/","og_locale":"fr_FR","og_type":"article","og_title":"Specifications des fabrication de circuits imprim\u00e9s flexibles | PICA Engineering","og_description":"D\u00e9couvrez les specfications de fabrication de circuits imprim\u00e9s flexibles de PICA. Nous fabriquons \u00e0 grande \u00e9chelle des circuits flexibles fiables, compacts et performants.","og_url":"https:\/\/picamfg.com\/fr\/specifications-fonctionnalites-des-circuits-imprimes-flexibles\/","og_site_name":"PICA Manufacturing Solutions","article_publisher":"https:\/\/www.facebook.com\/Picamfg","article_modified_time":"2026-01-22T16:34:45+00:00","og_image":[{"url":"https:\/\/picamfg.com\/wp-content\/uploads\/2025\/05\/Contact-Engineer-Button-scaled.png","type":"","width":"","height":""}],"twitter_card":"summary_large_image","twitter_misc":{"Dur\u00e9e de lecture estim\u00e9e":"2 minutes"},"schema":{"@context":"https:\/\/schema.org","@graph":[{"@type":"WebPage","@id":"https:\/\/picamfg.com\/fr\/specifications-fonctionnalites-des-circuits-imprimes-flexibles\/","url":"https:\/\/picamfg.com\/fr\/specifications-fonctionnalites-des-circuits-imprimes-flexibles\/","name":"Specifications des fabrication de circuits imprim\u00e9s flexibles | PICA Engineering","isPartOf":{"@id":"https:\/\/picamfg.com\/fr\/#website"},"primaryImageOfPage":{"@id":"https:\/\/picamfg.com\/fr\/specifications-fonctionnalites-des-circuits-imprimes-flexibles\/#primaryimage"},"image":{"@id":"https:\/\/picamfg.com\/fr\/specifications-fonctionnalites-des-circuits-imprimes-flexibles\/#primaryimage"},"thumbnailUrl":"https:\/\/picamfg.com\/wp-content\/uploads\/2025\/05\/Contact-Engineer-Button-scaled.png","datePublished":"2024-06-10T17:22:51+00:00","dateModified":"2026-01-22T16:34:45+00:00","description":"D\u00e9couvrez les specfications de fabrication de circuits imprim\u00e9s flexibles de PICA. Nous fabriquons \u00e0 grande \u00e9chelle des circuits flexibles fiables, compacts et performants.","breadcrumb":{"@id":"https:\/\/picamfg.com\/fr\/specifications-fonctionnalites-des-circuits-imprimes-flexibles\/#breadcrumb"},"inLanguage":"fr-FR","potentialAction":[{"@type":"ReadAction","target":["https:\/\/picamfg.com\/fr\/specifications-fonctionnalites-des-circuits-imprimes-flexibles\/"]}]},{"@type":"ImageObject","inLanguage":"fr-FR","@id":"https:\/\/picamfg.com\/fr\/specifications-fonctionnalites-des-circuits-imprimes-flexibles\/#primaryimage","url":"https:\/\/picamfg.com\/wp-content\/uploads\/2025\/05\/Contact-Engineer-Button-scaled.png","contentUrl":"https:\/\/picamfg.com\/wp-content\/uploads\/2025\/05\/Contact-Engineer-Button-scaled.png"},{"@type":"BreadcrumbList","@id":"https:\/\/picamfg.com\/fr\/specifications-fonctionnalites-des-circuits-imprimes-flexibles\/#breadcrumb","itemListElement":[{"@type":"ListItem","position":1,"name":"Home","item":"https:\/\/picamfg.com\/fr\/"},{"@type":"ListItem","position":2,"name":"Specifications Fonctionnalit\u00e9s des circuits imprim\u00e9s flexibles"}]},{"@type":"WebSite","@id":"https:\/\/picamfg.com\/fr\/#website","url":"https:\/\/picamfg.com\/fr\/","name":"PICA Manufacturing Solutions","description":"Pick a Partner - Not Parts","publisher":{"@id":"https:\/\/picamfg.com\/fr\/#organization"},"potentialAction":[{"@type":"SearchAction","target":{"@type":"EntryPoint","urlTemplate":"https:\/\/picamfg.com\/fr\/?s={search_term_string}"},"query-input":{"@type":"PropertyValueSpecification","valueRequired":true,"valueName":"search_term_string"}}],"inLanguage":"fr-FR"},{"@type":"Organization","@id":"https:\/\/picamfg.com\/fr\/#organization","name":"PICA Manufacturing Solutions","url":"https:\/\/picamfg.com\/fr\/","logo":{"@type":"ImageObject","inLanguage":"fr-FR","@id":"https:\/\/picamfg.com\/fr\/#\/schema\/logo\/image\/","url":"https:\/\/picamfg.com\/wp-content\/uploads\/2023\/07\/pica-manufacturing-solutions.png","contentUrl":"https:\/\/picamfg.com\/wp-content\/uploads\/2023\/07\/pica-manufacturing-solutions.png","width":381,"height":154,"caption":"PICA Manufacturing Solutions"},"image":{"@id":"https:\/\/picamfg.com\/fr\/#\/schema\/logo\/image\/"},"sameAs":["https:\/\/www.facebook.com\/Picamfg","https:\/\/www.linkedin.com\/company\/pica-manufacturing-solutions\/"]}]}},"_links":{"self":[{"href":"https:\/\/picamfg.com\/fr\/wp-json\/wp\/v2\/pages\/18361","targetHints":{"allow":["GET"]}}],"collection":[{"href":"https:\/\/picamfg.com\/fr\/wp-json\/wp\/v2\/pages"}],"about":[{"href":"https:\/\/picamfg.com\/fr\/wp-json\/wp\/v2\/types\/page"}],"author":[{"embeddable":true,"href":"https:\/\/picamfg.com\/fr\/wp-json\/wp\/v2\/users\/13"}],"replies":[{"embeddable":true,"href":"https:\/\/picamfg.com\/fr\/wp-json\/wp\/v2\/comments?post=18361"}],"version-history":[{"count":7,"href":"https:\/\/picamfg.com\/fr\/wp-json\/wp\/v2\/pages\/18361\/revisions"}],"predecessor-version":[{"id":19429,"href":"https:\/\/picamfg.com\/fr\/wp-json\/wp\/v2\/pages\/18361\/revisions\/19429"}],"wp:attachment":[{"href":"https:\/\/picamfg.com\/fr\/wp-json\/wp\/v2\/media?parent=18361"}],"wp:term":[{"taxonomy":"post_tag","embeddable":true,"href":"https:\/\/picamfg.com\/fr\/wp-json\/wp\/v2\/tags?post=18361"}],"curies":[{"name":"wp","href":"https:\/\/api.w.org\/{rel}","templated":true}]}}